{"id":7321,"date":"2020-07-04T10:39:37","date_gmt":"2020-07-04T08:39:37","guid":{"rendered":"https:\/\/wegeblw.pl\/index.php\/produkt\/slodkie-zdrowie-siemie-lniane-ziarno-brazowe-1kg\/"},"modified":"2026-04-08T08:58:54","modified_gmt":"2026-04-08T06:58:54","slug":"slodkie-zdrowie-siemie-lniane-ziarno-brazowe-1kg","status":"publish","type":"product","link":"https:\/\/wegeblw.pl\/index.php\/produkt\/slodkie-zdrowie-siemie-lniane-ziarno-brazowe-1kg\/","title":{"rendered":"S\u0142odkie Zdrowie Siemi\u0119 Lniane Ziarno Br\u0105zowe 1Kg"},"content":{"rendered":"<p>ETUI FUTERA\u0141 NA DZIECI\u0118CEOKULARY SC-10A<\/p>\n<p>Akcesoria do okular\u00f3w<\/p>\n<p>l theanina, sheik bananowy, chleb na proszku do pieczenia, b 50, ketchup premium, m\u0105ka razowa cena, galart, chleb orkiszowy na zakwasie<\/p>\n<p><a href=\"https:\/\/www.dodrukarki.pl\/category\/hp-deskjet-hp-deskjet-3760-tusze\">hp 3760 tusz<\/a><\/p>\n","protected":false},"excerpt":{"rendered":"<p>ETUI FUTERA\u0141 NA DZIECI\u0118CEOKULARY SC-10A Akcesoria do okular\u00f3w l theanina, sheik bananowy, chleb na proszku do pieczenia, b 50, ketchup&hellip;<\/p>\n","protected":false},"featured_media":7322,"comment_status":"closed","ping_status":"open","template":"","meta":[],"product_cat":[496],"product_tag":[859,699,792,754,683],"class_list":["post-7321","product","type-product","status-publish","has-post-thumbnail","hentry","product_cat-bakalie","product_tag-pasta-sezamowa","product_tag-sok-z-cytryn","product_tag-vigo","product_tag-zamienniki-miesa","product_tag-ziola-regenerujace-nadnercza"],"_links":{"self":[{"href":"https:\/\/wegeblw.pl\/index.php\/wp-json\/wp\/v2\/product\/7321","targetHints":{"allow":["GET"]}}],"collection":[{"href":"https:\/\/wegeblw.pl\/index.php\/wp-json\/wp\/v2\/product"}],"about":[{"href":"https:\/\/wegeblw.pl\/index.php\/wp-json\/wp\/v2\/types\/product"}],"replies":[{"embeddable":true,"href":"https:\/\/wegeblw.pl\/index.php\/wp-json\/wp\/v2\/comments?post=7321"}],"wp:featuredmedia":[{"embeddable":true,"href":"https:\/\/wegeblw.pl\/index.php\/wp-json\/wp\/v2\/media\/7322"}],"wp:attachment":[{"href":"https:\/\/wegeblw.pl\/index.php\/wp-json\/wp\/v2\/media?parent=7321"}],"wp:term":[{"taxonomy":"product_cat","embeddable":true,"href":"https:\/\/wegeblw.pl\/index.php\/wp-json\/wp\/v2\/product_cat?post=7321"},{"taxonomy":"product_tag","embeddable":true,"href":"https:\/\/wegeblw.pl\/index.php\/wp-json\/wp\/v2\/product_tag?post=7321"}],"curies":[{"name":"wp","href":"https:\/\/api.w.org\/{rel}","templated":true}]}}