{"id":7385,"date":"2023-01-27T18:14:18","date_gmt":"2023-01-27T17:14:18","guid":{"rendered":"https:\/\/wegeblw.pl\/?post_type=product&#038;p=7385"},"modified":"2026-04-07T03:04:49","modified_gmt":"2026-04-07T01:04:49","slug":"czubryca-zielona-50g","status":"publish","type":"product","link":"https:\/\/wegeblw.pl\/index.php\/produkt\/czubryca-zielona-50g\/","title":{"rendered":"Czubryca zielona 50g"},"content":{"rendered":"<p>Oprawy okularowe Burberry<\/p>\n<p>Okulary oprawki i szk\u0142a<\/p>\n<p>daktyle a por\u00f3d, nale\u015bniki na mleku ry\u017cowym, chleb ryzowy, ziemniaki ekologiczne, s\u0142odki kr\u0105\u017cek, msm opinie forum<\/p>\n<p>yyyyy<\/p>\n","protected":false},"excerpt":{"rendered":"<p>Oprawy okularowe Burberry Okulary oprawki i szk\u0142a daktyle a por\u00f3d, nale\u015bniki na mleku ry\u017cowym, chleb ryzowy, ziemniaki ekologiczne, s\u0142odki kr\u0105\u017cek,&hellip;<\/p>\n","protected":false},"featured_media":7386,"comment_status":"closed","ping_status":"open","template":"","meta":[],"product_cat":[514],"product_tag":[650,854,825,884],"class_list":["post-7385","product","type-product","status-publish","has-post-thumbnail","hentry","product_cat-pozostale-przyprawy-i-sosy","product_tag-biala-kielbasa","product_tag-ecomil","product_tag-shirataki-noodle","product_tag-zestaw-do-matchy"],"_links":{"self":[{"href":"https:\/\/wegeblw.pl\/index.php\/wp-json\/wp\/v2\/product\/7385","targetHints":{"allow":["GET"]}}],"collection":[{"href":"https:\/\/wegeblw.pl\/index.php\/wp-json\/wp\/v2\/product"}],"about":[{"href":"https:\/\/wegeblw.pl\/index.php\/wp-json\/wp\/v2\/types\/product"}],"replies":[{"embeddable":true,"href":"https:\/\/wegeblw.pl\/index.php\/wp-json\/wp\/v2\/comments?post=7385"}],"wp:featuredmedia":[{"embeddable":true,"href":"https:\/\/wegeblw.pl\/index.php\/wp-json\/wp\/v2\/media\/7386"}],"wp:attachment":[{"href":"https:\/\/wegeblw.pl\/index.php\/wp-json\/wp\/v2\/media?parent=7385"}],"wp:term":[{"taxonomy":"product_cat","embeddable":true,"href":"https:\/\/wegeblw.pl\/index.php\/wp-json\/wp\/v2\/product_cat?post=7385"},{"taxonomy":"product_tag","embeddable":true,"href":"https:\/\/wegeblw.pl\/index.php\/wp-json\/wp\/v2\/product_tag?post=7385"}],"curies":[{"name":"wp","href":"https:\/\/api.w.org\/{rel}","templated":true}]}}