{"id":7393,"date":"2017-05-22T23:27:47","date_gmt":"2017-05-22T21:27:47","guid":{"rendered":"https:\/\/wegeblw.pl\/index.php\/produkt\/sodastream-syrop-mirinda-440-ml\/"},"modified":"2026-04-10T03:21:28","modified_gmt":"2026-04-10T01:21:28","slug":"sodastream-syrop-mirinda-440-ml","status":"publish","type":"product","link":"https:\/\/wegeblw.pl\/index.php\/produkt\/sodastream-syrop-mirinda-440-ml\/","title":{"rendered":"SodaStream Syrop Mirinda 440 ml"},"content":{"rendered":"<p>\u2713 GWARANCJA NAJWY\u017bSZEJ JAKO\u015aCI, mARKA NUMER JEDEN W USA\u2713 TYLKO NAJLEPSZEJ JAKO\u015aCI SK\u0141ADNIKI\u2713 UZUPE\u0141NIA NIEDOBORY \u017bELAZA W CODZIENNEJ DIECIE\u2713 WSPOMAGA PROCESY KRWIOTW\u00d3RCZE\u2713 WYSOKO BIOPRZYSWAJALNA FORMA \u017bELAZANow Iron LiquidIron Liquid marki NOW\u00ae zawiera roztw\u00f3r diglicynianu \u017celaza kt\u00f3ry jest chelatowan\u0105 form\u0105 \u017celaza.\u017belazo jest jednym z najwa\u017cniejszych sk\u0142adnik\u00f3w mineralnych w codziennej diecie cz\u0142owieka. Jako kluczowy sk\u0142adnik hemoglobiny odgrywa kluczow\u0105 rol\u0119 w dostarczaniu tlenu do ka\u017cdej kom\u00f3rki organizmu czerwonych krwinek. Jest tak\u017ce niezb\u0119dnym sk\u0142adnikiem enzym\u00f3w zaanga\u017cowanych w metabolizm kwas\u00f3w t\u0142uszczowych i w produkcj\u0119 energii. Wielu osob\u0105 wci\u0105\u017c trudno jest uzyska\u0107 wystarczaj\u0105c\u0105 ilo\u015b\u0107 \u017celaza w codziennej diecie.<\/p>\n<p>Minera\u0142y i witaminy<\/p>\n<p>migda\u0142owy nap\u00f3j, ketchup krokus, kubeczku, fosfatydyloseryna<\/p>\n<p>yyyyy<\/p>\n","protected":false},"excerpt":{"rendered":"<p>\u2713 GWARANCJA NAJWY\u017bSZEJ JAKO\u015aCI, mARKA NUMER JEDEN W USA\u2713 TYLKO NAJLEPSZEJ JAKO\u015aCI SK\u0141ADNIKI\u2713 UZUPE\u0141NIA NIEDOBORY \u017bELAZA W CODZIENNEJ DIECIE\u2713 WSPOMAGA&hellip;<\/p>\n","protected":false},"featured_media":7394,"comment_status":"closed","ping_status":"open","template":"","meta":[],"product_cat":[442],"product_tag":[719,722,637,665,754,695],"class_list":["post-7393","product","type-product","status-publish","has-post-thumbnail","hentry","product_cat-soki-syropy-i-nektary","product_tag-jaja-ekologiczne","product_tag-kurkuma-ile-dziennie","product_tag-miso-paste","product_tag-weganskie-mieso","product_tag-zamienniki-miesa","product_tag-zupa-krem-pomidorowa"],"_links":{"self":[{"href":"https:\/\/wegeblw.pl\/index.php\/wp-json\/wp\/v2\/product\/7393","targetHints":{"allow":["GET"]}}],"collection":[{"href":"https:\/\/wegeblw.pl\/index.php\/wp-json\/wp\/v2\/product"}],"about":[{"href":"https:\/\/wegeblw.pl\/index.php\/wp-json\/wp\/v2\/types\/product"}],"replies":[{"embeddable":true,"href":"https:\/\/wegeblw.pl\/index.php\/wp-json\/wp\/v2\/comments?post=7393"}],"wp:featuredmedia":[{"embeddable":true,"href":"https:\/\/wegeblw.pl\/index.php\/wp-json\/wp\/v2\/media\/7394"}],"wp:attachment":[{"href":"https:\/\/wegeblw.pl\/index.php\/wp-json\/wp\/v2\/media?parent=7393"}],"wp:term":[{"taxonomy":"product_cat","embeddable":true,"href":"https:\/\/wegeblw.pl\/index.php\/wp-json\/wp\/v2\/product_cat?post=7393"},{"taxonomy":"product_tag","embeddable":true,"href":"https:\/\/wegeblw.pl\/index.php\/wp-json\/wp\/v2\/product_tag?post=7393"}],"curies":[{"name":"wp","href":"https:\/\/api.w.org\/{rel}","templated":true}]}}