{"id":7417,"date":"2014-05-25T17:19:15","date_gmt":"2014-05-25T15:19:15","guid":{"rendered":"https:\/\/wegeblw.pl\/index.php\/produkt\/bnature-ekstrakt-z-pestek-grejpfruta-30ml\/"},"modified":"2026-04-08T19:19:40","modified_gmt":"2026-04-08T17:19:40","slug":"bnature-ekstrakt-z-pestek-grejpfruta-30ml","status":"publish","type":"product","link":"https:\/\/wegeblw.pl\/index.php\/produkt\/bnature-ekstrakt-z-pestek-grejpfruta-30ml\/","title":{"rendered":"B&#8217;Nature Ekstrakt Z Pestek Grejpfruta 30ml"},"content":{"rendered":"<p>Herbata DETOX suplement diety, 100gHerbata polecana jest wspomagaj\u0105co przy detoksykacji ( oczyszczaniu ) organizmu.Sk\u0142adniki:- fio\u0142ek tr\u00f3jbarwny ziele 15,15%- skrzyp polny ziele 15,15%- \u0142opian korze\u0144 15,15%- mniszek korze\u0144 15,15%- morszczyn 4,55%- herbata zielona sencha 15,15%- kruszyna kora 4,55%- karczoch ziele 15,15%Spos\u00f3b u\u017cycia:\u0142y\u017ceczk\u0119 produktu (1,5g) zala\u0107 szklank\u0105 wrz\u0105cej wody (250ml), parzy\u0107 oko\u0142o 10 minut. Pi\u0107 raz dziennie.Nie przekracza\u0107 zalecanej do spo\u017cycia dawki w ci\u0105gu dnia tj. 1,5g.Suplement diety nie mo\u017ce by\u0107 stosowany jako substytut zr\u00f3\u017cnicowanej diety.Zalecany jest zr\u00f3\u017cnicowany spos\u00f3b \u017cywienia i zdrowy tryb \u017cycia.Nie stosowa\u0107 u dzieci, kobiet w ci\u0105\u017cy i karmi\u0105cych piersi\u0105.Stosowa\u0107 nie d\u0142u\u017cej ni\u017c 14 dni. Po tym okresie nale\u017cy zrobi\u0107 przerw\u0119 minimum 4 tygodnie. W czasie stosowania nawadnia\u0107 organizm, herbatka mo\u017ce mie\u0107 efekt przeczyszczaj\u0105cy.Przechowywa\u0107 w temperaturze pokojowej w spos\u00f3b nie dost\u0119pny dla ma\u0142ych dzieci.<\/p>\n<p>Zio\u0142a i herbaty lecznicze<\/p>\n<p>nap\u00f3j kokosowo ry\u017cowy, sza\u0142wia w\u0142a\u015bciwo\u015bci lecznicze, chleb z grubo mielonej m\u0105ki razowej, kawa fairtrade, kawa mielona bezkofeinowa, ba\u0144ki chi\u0144skie, kisiel bez cukru kcal, sok z imbiru na raka, krem do twarzy z spf, grzyby suszone cena za 1 kg 2020, buraczki z chrzanem pasteryzowane<\/p>\n<p><a href=\"https:\/\/www.cefarm24.pl\/czytelnia\/matka-i-dziecko\/co-to-jest-stulejka\/\">cefarm24.pl\/czytelnia\/matka-i-dziecko\/co-to-jest-stulejka\/<\/a><\/p>\n","protected":false},"excerpt":{"rendered":"<p>Herbata DETOX suplement diety, 100gHerbata polecana jest wspomagaj\u0105co przy detoksykacji ( oczyszczaniu ) organizmu.Sk\u0142adniki:- fio\u0142ek tr\u00f3jbarwny ziele 15,15%- skrzyp polny&hellip;<\/p>\n","protected":false},"featured_media":7418,"comment_status":"closed","ping_status":"open","template":"","meta":[],"product_cat":[20],"product_tag":[877,771,759,739],"class_list":["post-7417","product","type-product","status-publish","has-post-thumbnail","hentry","product_cat-preparaty-medycyny-naturalnej","product_tag-bita-smietana-bez-laktozy","product_tag-jak-jesc-granat","product_tag-kurkuma","product_tag-makaron-sojowy-indeks-glikemiczny"],"_links":{"self":[{"href":"https:\/\/wegeblw.pl\/index.php\/wp-json\/wp\/v2\/product\/7417","targetHints":{"allow":["GET"]}}],"collection":[{"href":"https:\/\/wegeblw.pl\/index.php\/wp-json\/wp\/v2\/product"}],"about":[{"href":"https:\/\/wegeblw.pl\/index.php\/wp-json\/wp\/v2\/types\/product"}],"replies":[{"embeddable":true,"href":"https:\/\/wegeblw.pl\/index.php\/wp-json\/wp\/v2\/comments?post=7417"}],"wp:featuredmedia":[{"embeddable":true,"href":"https:\/\/wegeblw.pl\/index.php\/wp-json\/wp\/v2\/media\/7418"}],"wp:attachment":[{"href":"https:\/\/wegeblw.pl\/index.php\/wp-json\/wp\/v2\/media?parent=7417"}],"wp:term":[{"taxonomy":"product_cat","embeddable":true,"href":"https:\/\/wegeblw.pl\/index.php\/wp-json\/wp\/v2\/product_cat?post=7417"},{"taxonomy":"product_tag","embeddable":true,"href":"https:\/\/wegeblw.pl\/index.php\/wp-json\/wp\/v2\/product_tag?post=7417"}],"curies":[{"name":"wp","href":"https:\/\/api.w.org\/{rel}","templated":true}]}}