{"id":7419,"date":"2025-01-30T06:23:29","date_gmt":"2025-01-30T05:23:29","guid":{"rendered":"https:\/\/wegeblw.pl\/?post_type=product&#038;p=7419"},"modified":"2026-04-07T03:12:16","modified_gmt":"2026-04-07T01:12:16","slug":"bnature-witamina-c-250-ml","status":"publish","type":"product","link":"https:\/\/wegeblw.pl\/index.php\/produkt\/bnature-witamina-c-250-ml\/","title":{"rendered":"B&#8217;NATURE Witamina C 250 ml"},"content":{"rendered":"<p>W\u0142a\u015bciwo\u015bci JARROW FORMULAS Flaxseed Oil 100caps:Doskona\u0142e \u017ar\u00f3d\u0142o Niezb\u0119dnych Nienasyconych Kwas\u00f3w T\u0142uszczowychDzia\u0142a przeciwmia\u017cd\u017cycowo i przeciwzakrzepowoWspiera prac\u0119 uk\u0142adu sercowo-naczyniowegoNiweluje stany zapalne w organizmieWzmacnia sk\u00f3r\u0119, w\u0142osy i paznokcieObni\u017ca poziom z\u0142ego cholesteroluPozytywnie wp\u0142ywa na uk\u0142ad nerwowyReguluje prac\u0119 uk\u0142adu hormonalnegoFlaxseed Oil od Jarrow Formulas \u2013 olej lniany, kt\u00f3ry jest \u017ar\u00f3d\u0142em kwas\u00f3w t\u0142uszczowychJarrow FORMULAS Flaxseed Oil to organiczny (nierafinowany) olej lniany zawarty w suplemencie, kt\u00f3ry jest \u017ar\u00f3d\u0142em kwas\u00f3w omega-3, omega-6 i omega-9. Nierafinowany olej lniany pochodzi z wyselekcjonowanych i starannie wyciskanych organicznych nasion lnu.Jarrow Formulas Flaxseed Oil stanowi naturalne \u017ar\u00f3d\u0142o kwas\u00f3w t\u0142uszczowych omega 3, kt\u00f3re pe\u0142ni\u0105 szereg istotnych funkcji w organizmie cz\u0142owieka i umo\u017cliwiaj\u0105 prawid\u0142owy przebieg wielu proces\u00f3w zachodz\u0105cych w ciele. Zawarty w preparacie kwas alfa-linolenowy (ALA) pomaga w utrzymaniu prawid\u0142owego poziomu cholesterolu we krwi. Korzystne dzia\u0142anie wyst\u0119puje w przypadku spo\u017cywania 2 g ALA dziennie.Dawkowanie Flaxseed Oil od Jarrow Formulas:Nale\u017cy przyjmowa\u0107 1 kapsu\u0142k\u0119 do 3 razy dziennie, najlepiej z posi\u0142kami. Chroni\u0107 przed \u015bwiat\u0142em i przechowywa\u0107 w lod\u00f3wce lub w ch\u0142odnym miejscu.Sk\u0142adniki Flaxseed Oil od Jarrow Formulas:Wielko\u015b\u0107 opakowania: 100 kapsu\u0142ekWielko\u015b\u0107 porcji: 1 kapsu\u0142kaIlo\u015b\u0107 porcji w opakowaniu: 100Kapsu\u0142ka sk\u0142ada si\u0119 z \u017celatyny, gliceryny i wody.Zawarto\u015b\u0107W porcji 1 kapsu\u0142ka%ZDSOrganicznyolej lniany(daje 525 mg kwasu alfa-linolenowego [Omega-3]) 1000 mg *<\/p>\n<p>Minera\u0142y i witaminy<\/p>\n<p>kardamon ro\u015blina, matcha co to jest, witaminy w kroplach dla dzieci, ekologiczna chemia domowa, ginger root, deli, jak zrobic s\u0119kacz, sok z burak\u00f3w na co, ziarno kakaowca cena, oxfam, pole kapusty, myd\u0142o sanda\u0142owe, ile agaru na litr, organique zestaw, tomkha<\/p>\n<p>yyyyy<\/p>\n","protected":false},"excerpt":{"rendered":"<p>W\u0142a\u015bciwo\u015bci JARROW FORMULAS Flaxseed Oil 100caps:Doskona\u0142e \u017ar\u00f3d\u0142o Niezb\u0119dnych Nienasyconych Kwas\u00f3w T\u0142uszczowychDzia\u0142a przeciwmia\u017cd\u017cycowo i przeciwzakrzepowoWspiera prac\u0119 uk\u0142adu sercowo-naczyniowegoNiweluje stany zapalne w&hellip;<\/p>\n","protected":false},"featured_media":7420,"comment_status":"closed","ping_status":"open","template":"","meta":[],"product_cat":[18],"product_tag":[864,747,737,628,832],"class_list":["post-7419","product","type-product","status-publish","has-post-thumbnail","hentry","product_cat-mineraly-i-witaminy","product_tag-benjamissimo-happy-edition-curcuma-ginger-lemon","product_tag-guma-guar-co-to","product_tag-jablka-jonaprince","product_tag-mieso-roslinne","product_tag-vitapol-majonez"],"_links":{"self":[{"href":"https:\/\/wegeblw.pl\/index.php\/wp-json\/wp\/v2\/product\/7419","targetHints":{"allow":["GET"]}}],"collection":[{"href":"https:\/\/wegeblw.pl\/index.php\/wp-json\/wp\/v2\/product"}],"about":[{"href":"https:\/\/wegeblw.pl\/index.php\/wp-json\/wp\/v2\/types\/product"}],"replies":[{"embeddable":true,"href":"https:\/\/wegeblw.pl\/index.php\/wp-json\/wp\/v2\/comments?post=7419"}],"wp:featuredmedia":[{"embeddable":true,"href":"https:\/\/wegeblw.pl\/index.php\/wp-json\/wp\/v2\/media\/7420"}],"wp:attachment":[{"href":"https:\/\/wegeblw.pl\/index.php\/wp-json\/wp\/v2\/media?parent=7419"}],"wp:term":[{"taxonomy":"product_cat","embeddable":true,"href":"https:\/\/wegeblw.pl\/index.php\/wp-json\/wp\/v2\/product_cat?post=7419"},{"taxonomy":"product_tag","embeddable":true,"href":"https:\/\/wegeblw.pl\/index.php\/wp-json\/wp\/v2\/product_tag?post=7419"}],"curies":[{"name":"wp","href":"https:\/\/api.w.org\/{rel}","templated":true}]}}