{"id":7436,"date":"2019-08-21T20:22:08","date_gmt":"2019-08-21T18:22:08","guid":{"rendered":"https:\/\/wegeblw.pl\/index.php\/produkt\/pangrol-10-000-50-kapsulek\/"},"modified":"2026-04-07T04:32:37","modified_gmt":"2026-04-07T02:32:37","slug":"pangrol-10-000-50-kapsulek","status":"publish","type":"product","link":"https:\/\/wegeblw.pl\/index.php\/produkt\/pangrol-10-000-50-kapsulek\/","title":{"rendered":"Pangrol 10 000 50 kapsu\u0142ek"},"content":{"rendered":"<p>Thorne Iso-Phos Izolat Fosfatydyloseryny 60Vkaps<\/p>\n<p>Uk\u0142ad nerwowy i pami\u0119\u0107<\/p>\n<p>schab w plastrach, nerkowiec orzech, olej z pestek dyni t\u0142oczony na zimno, tu\u0144czyk po angielsku, acai jagody, piwo bezalkoholowe a zdrowie, any\u017c w ci\u0105\u017cy, m\u0105ka z semoliny<\/p>\n<p>yyyyy<\/p>\n","protected":false},"excerpt":{"rendered":"<p>Thorne Iso-Phos Izolat Fosfatydyloseryny 60Vkaps Uk\u0142ad nerwowy i pami\u0119\u0107 schab w plastrach, nerkowiec orzech, olej z pestek dyni t\u0142oczony na&hellip;<\/p>\n","protected":false},"featured_media":7437,"comment_status":"closed","ping_status":"open","template":"","meta":[],"product_cat":[44],"product_tag":[805,720,667,654,663],"class_list":["post-7436","product","type-product","status-publish","has-post-thumbnail","hentry","product_cat-uklad-pokarmowy","product_tag-czy-makaron-sojowy-jest-zdrowy","product_tag-komose","product_tag-makaron-sojowy-ig","product_tag-plastik-w-oceanach","product_tag-sekacz-ciasto"],"_links":{"self":[{"href":"https:\/\/wegeblw.pl\/index.php\/wp-json\/wp\/v2\/product\/7436","targetHints":{"allow":["GET"]}}],"collection":[{"href":"https:\/\/wegeblw.pl\/index.php\/wp-json\/wp\/v2\/product"}],"about":[{"href":"https:\/\/wegeblw.pl\/index.php\/wp-json\/wp\/v2\/types\/product"}],"replies":[{"embeddable":true,"href":"https:\/\/wegeblw.pl\/index.php\/wp-json\/wp\/v2\/comments?post=7436"}],"wp:featuredmedia":[{"embeddable":true,"href":"https:\/\/wegeblw.pl\/index.php\/wp-json\/wp\/v2\/media\/7437"}],"wp:attachment":[{"href":"https:\/\/wegeblw.pl\/index.php\/wp-json\/wp\/v2\/media?parent=7436"}],"wp:term":[{"taxonomy":"product_cat","embeddable":true,"href":"https:\/\/wegeblw.pl\/index.php\/wp-json\/wp\/v2\/product_cat?post=7436"},{"taxonomy":"product_tag","embeddable":true,"href":"https:\/\/wegeblw.pl\/index.php\/wp-json\/wp\/v2\/product_tag?post=7436"}],"curies":[{"name":"wp","href":"https:\/\/api.w.org\/{rel}","templated":true}]}}