{"id":7440,"date":"2015-09-18T10:55:01","date_gmt":"2015-09-18T08:55:01","guid":{"rendered":"https:\/\/wegeblw.pl\/index.php\/produkt\/nanga-muira-puama-kora-cieta-50g\/"},"modified":"2026-04-10T07:16:05","modified_gmt":"2026-04-10T05:16:05","slug":"nanga-muira-puama-kora-cieta-50g","status":"publish","type":"product","link":"https:\/\/wegeblw.pl\/index.php\/produkt\/nanga-muira-puama-kora-cieta-50g\/","title":{"rendered":"Nanga Muira Puama kora ci\u0119ta 50g"},"content":{"rendered":"<p>ka\u017cdego dnia inny kolorczy chcesz si\u0119 wyr\u00f3\u017cni\u0107 z t\u0142umu kolorem, kt\u00f3ry ka\u017cdego dnia mo\u017ce by\u0107 inny czy mo\u017ce masz imprez\u0119 i chcesz na niej hipnotyzowa\u0107 spojrzeniem je\u015bli na jedno z tych pyta\u0144 odpowied\u017a brzmi tak, te soczewki s\u0105 zdecydowanie dla ciebie.idea soczewek jednodniowych sprawia, \u017ce samo ich u\u017cytkowanie jest dziecinnie proste. zak\u0142adasz je, u\u017cywasz przez ca\u0142y dzie\u0144 i wieczorem nie musisz si\u0119 przejmowa\u0107 pude\u0142eczkiem ani p\u0142ynem do soczewek. dzi\u0119ki temu jest to najlepsze rozwi\u0105zanie dla os\u00f3b zaczynaj\u0105cych swoj\u0105 przygod\u0119 z soczewkami.soczewki clearcolor 1-day s\u0105 najbardziej zaawansowanymi technologicznie jednodniowymi soczewkami hydro\u017celowymi dost\u0119pnymi na rynku. s\u0105 to r\u00f3wnie\u017c pierwsze soczewki kolorowe, kt\u00f3re s\u0105 biokompatybilne. po ich za\u0142o\u017ceniu nie b\u0119dziesz mie\u0107 wra\u017cenia uwierania i nawet po intensywnym dniu nie spotkasz si\u0119 z uczuciem suchego oka. jednodniowe kolorowe soczewki kontaktowe. przed u\u017cyciem nale\u017cy zapozna\u0107 si\u0119 z instrukcj\u0105<\/p>\n<p>Soczewki kontaktowe<\/p>\n<p>na co jest czystek, cena kitu pszczelego, korze\u0144 rabarbaru, maizena gdzie kupi\u0107, mieszanie zi\u00f3\u0142, naturalne oczyszczanie organizmu, \u015bwieca z wosku pszczelego, kwas hialuronowy 5, dieta wysokob\u0142onnikowa przepisy<\/p>\n<p>yyyyy<\/p>\n","protected":false},"excerpt":{"rendered":"<p>ka\u017cdego dnia inny kolorczy chcesz si\u0119 wyr\u00f3\u017cni\u0107 z t\u0142umu kolorem, kt\u00f3ry ka\u017cdego dnia mo\u017ce by\u0107 inny czy mo\u017ce masz imprez\u0119&hellip;<\/p>\n","protected":false},"featured_media":7441,"comment_status":"closed","ping_status":"open","template":"","meta":[],"product_cat":[41],"product_tag":[742,817,846,801],"class_list":["post-7440","product","type-product","status-publish","has-post-thumbnail","hentry","product_cat-ziola-i-herbaty-lecznicze","product_tag-beyond-meat-warszawa","product_tag-niepasteryzowane-mleko","product_tag-sekacz","product_tag-warzywa-ekologiczne"],"_links":{"self":[{"href":"https:\/\/wegeblw.pl\/index.php\/wp-json\/wp\/v2\/product\/7440","targetHints":{"allow":["GET"]}}],"collection":[{"href":"https:\/\/wegeblw.pl\/index.php\/wp-json\/wp\/v2\/product"}],"about":[{"href":"https:\/\/wegeblw.pl\/index.php\/wp-json\/wp\/v2\/types\/product"}],"replies":[{"embeddable":true,"href":"https:\/\/wegeblw.pl\/index.php\/wp-json\/wp\/v2\/comments?post=7440"}],"wp:featuredmedia":[{"embeddable":true,"href":"https:\/\/wegeblw.pl\/index.php\/wp-json\/wp\/v2\/media\/7441"}],"wp:attachment":[{"href":"https:\/\/wegeblw.pl\/index.php\/wp-json\/wp\/v2\/media?parent=7440"}],"wp:term":[{"taxonomy":"product_cat","embeddable":true,"href":"https:\/\/wegeblw.pl\/index.php\/wp-json\/wp\/v2\/product_cat?post=7440"},{"taxonomy":"product_tag","embeddable":true,"href":"https:\/\/wegeblw.pl\/index.php\/wp-json\/wp\/v2\/product_tag?post=7440"}],"curies":[{"name":"wp","href":"https:\/\/api.w.org\/{rel}","templated":true}]}}