{"id":7448,"date":"2019-11-06T09:48:06","date_gmt":"2019-11-06T08:48:06","guid":{"rendered":"https:\/\/wegeblw.pl\/index.php\/produkt\/pharmaceris-a-opti-sensilium-duoaktywny-krem-przeciwzmarszczkowy-pod-oczy-15ml\/"},"modified":"2026-04-08T08:03:02","modified_gmt":"2026-04-08T06:03:02","slug":"pharmaceris-a-opti-sensilium-duoaktywny-krem-przeciwzmarszczkowy-pod-oczy-15ml","status":"publish","type":"product","link":"https:\/\/wegeblw.pl\/index.php\/produkt\/pharmaceris-a-opti-sensilium-duoaktywny-krem-przeciwzmarszczkowy-pod-oczy-15ml\/","title":{"rendered":"Pharmaceris A OPTI-SENSILIUM Duoaktywny Krem przeciwzmarszczkowy pod oczy 15ml"},"content":{"rendered":"<p>Kremy do twarzy<\/p>\n<p>dieta \u017co\u0142\u0105dkowa co mo\u017cna je\u015b\u0107, czosnek czarny, kuchnia w stylu meksyka\u0144skim, olej rafinowany a nierafinowany, adek aliness, moringa bio, czy mleko kokosowe mo\u017cna gotowa\u0107, healthlabs kod rabatowy, jak zrobi\u0107 kiszonki z warzyw, herbata z czerwonej koniczyny, m\u0105ka migda\u0142owa lidl cena, d3+k2mk7, lipid cell ceneo, parmezan ser, pra\u017cone ziarno kukurydzy, orzechy nerkowca wlasciwosci, ry\u017c z czym, zio\u0142a na sen i uspokojenie<\/p>\n<p>yyyyy<\/p>\n","protected":false},"excerpt":{"rendered":"<p>Kremy do twarzy dieta \u017co\u0142\u0105dkowa co mo\u017cna je\u015b\u0107, czosnek czarny, kuchnia w stylu meksyka\u0144skim, olej rafinowany a nierafinowany, adek aliness,&hellip;<\/p>\n","protected":false},"featured_media":7449,"comment_status":"closed","ping_status":"open","template":"","meta":[],"product_cat":[36],"product_tag":[780,874,689,697,785,718],"class_list":["post-7448","product","type-product","status-publish","has-post-thumbnail","hentry","product_cat-dermokosmetyki","product_tag-b12","product_tag-czym-mozna-zastapic-jogurt-naturalny","product_tag-maka-orkiszowa-wlasciwosci","product_tag-osteoporoza-a-banany","product_tag-riyal-green","product_tag-zamiennik-jogurtu-naturalnego"],"_links":{"self":[{"href":"https:\/\/wegeblw.pl\/index.php\/wp-json\/wp\/v2\/product\/7448","targetHints":{"allow":["GET"]}}],"collection":[{"href":"https:\/\/wegeblw.pl\/index.php\/wp-json\/wp\/v2\/product"}],"about":[{"href":"https:\/\/wegeblw.pl\/index.php\/wp-json\/wp\/v2\/types\/product"}],"replies":[{"embeddable":true,"href":"https:\/\/wegeblw.pl\/index.php\/wp-json\/wp\/v2\/comments?post=7448"}],"wp:featuredmedia":[{"embeddable":true,"href":"https:\/\/wegeblw.pl\/index.php\/wp-json\/wp\/v2\/media\/7449"}],"wp:attachment":[{"href":"https:\/\/wegeblw.pl\/index.php\/wp-json\/wp\/v2\/media?parent=7448"}],"wp:term":[{"taxonomy":"product_cat","embeddable":true,"href":"https:\/\/wegeblw.pl\/index.php\/wp-json\/wp\/v2\/product_cat?post=7448"},{"taxonomy":"product_tag","embeddable":true,"href":"https:\/\/wegeblw.pl\/index.php\/wp-json\/wp\/v2\/product_tag?post=7448"}],"curies":[{"name":"wp","href":"https:\/\/api.w.org\/{rel}","templated":true}]}}