{"id":7456,"date":"2013-07-20T23:49:34","date_gmt":"2013-07-20T21:49:34","guid":{"rendered":"https:\/\/wegeblw.pl\/index.php\/produkt\/christian-laurent-pour-la-beaute-profesjonalny-oczyszczajacy-plyn-micelarny-z-kompleksem-4-herbat-500ml\/"},"modified":"2026-04-07T01:18:29","modified_gmt":"2026-04-06T23:18:29","slug":"christian-laurent-pour-la-beaute-profesjonalny-oczyszczajacy-plyn-micelarny-z-kompleksem-4-herbat-500ml","status":"publish","type":"product","link":"https:\/\/wegeblw.pl\/index.php\/produkt\/christian-laurent-pour-la-beaute-profesjonalny-oczyszczajacy-plyn-micelarny-z-kompleksem-4-herbat-500ml\/","title":{"rendered":"Christian Laurent &#8211; Pour La Beaute Profesjonalny Oczyszczaj\u0105cy P\u0142yn Micelarny Z Kompleksem 4 Herbat 500Ml"},"content":{"rendered":"<p>Vichy, kuracja przeciw nadmiernemu poceniu, 50 ml48-godzinny intensywny antyperspirant w kulce od marki Vichy przeznaczony dla os\u00f3b cierpi\u0105cych na nadmierne wydzielanie potu oraz chc\u0105cych po\u0142\u0105czy\u0107 skuteczno\u015b\u0107 antyperspirantu z ultratolerancj\u0105 dla sk\u00f3ry. D\u0142ugotrwa\u0142a skuteczno\u015b\u0107, nawet do 48 godzin, dzi\u0119ki zawarto\u015bci odpowiednich sk\u0142adnik\u00f3w aktywnych. Produkt stworzony wed\u0142ug \u015bcis\u0142ych norm przemys\u0142u farmaceutycznego. Zapewnia uczucie komfortu i pozostawia sk\u00f3r\u0119 \u015bwie\u017c\u0105 i elastyczn\u0105 na d\u0142ugi czas. Antyperspirant dba o mi\u0119kko\u015b\u0107 sk\u00f3ry i nie pozostawianie bia\u0142ych oraz \u017c\u00f3\u0142tych plam na ubraniach. Lekka, pudrowa warstwa, bez uczucia lepko\u015bci skomponowana dla uczucia komfortu. Produkt przeznaczony do codziennego u\u017cycia, by utrzyma\u0107 pachy suche i czyste. Nie zawiera alkoholu etylowego.Wskazania: codzienna piel\u0119gnacja sk\u00f3ry pod pachami; ka\u017cdy typ sk\u00f3ry.Spos\u00f3b u\u017cycia: aplikowa\u0107 na such\u0105 i oczyszczon\u0105 sk\u00f3r\u0119 pod pachami.G\u0142\u00f3wne sk\u0142adniki: woda termalna z Vichy.<\/p>\n<p>Dermokosmetyki<\/p>\n<p>tofu lidl sk\u0142ad, wega\u0144ska dieta, delikatesy krakow, oleje do sma\u017cenia, mydlo mis, \u017cywe kultury bakterii, siarczan magnezu cena, acerola co to, witamina b12 na zm\u0119czenie, nervocol opinie, ry\u017c br\u0105zowy a bia\u0142y, giennadij ma\u0142achow, olej kokosowy kosmetyczny, b\u0142onnik ro\u015blinny, inhalacje z soli himalajskiej, czeskie sklepy, szczotka do zarostu, badanie wit d3, kurkuma w\u0142a\u015bciwo\u015bci, mi\u00f3d propolisowy<\/p>\n<p><a href=\"https:\/\/wrolety.pl\/product\/roleta-dachowa\/\" rel=\"nofollow\">rolety okienne dachowe<\/a><\/p>\n","protected":false},"excerpt":{"rendered":"<p>Vichy, kuracja przeciw nadmiernemu poceniu, 50 ml48-godzinny intensywny antyperspirant w kulce od marki Vichy przeznaczony dla os\u00f3b cierpi\u0105cych na nadmierne&hellip;<\/p>\n","protected":false},"featured_media":7457,"comment_status":"closed","ping_status":"open","template":"","meta":[],"product_cat":[33],"product_tag":[805,704,823],"class_list":["post-7456","product","type-product","status-publish","has-post-thumbnail","hentry","product_cat-oczyszczanie-i-demakijaz-twarzy","product_tag-czy-makaron-sojowy-jest-zdrowy","product_tag-naturgreen","product_tag-olej-z-ryzu"],"_links":{"self":[{"href":"https:\/\/wegeblw.pl\/index.php\/wp-json\/wp\/v2\/product\/7456","targetHints":{"allow":["GET"]}}],"collection":[{"href":"https:\/\/wegeblw.pl\/index.php\/wp-json\/wp\/v2\/product"}],"about":[{"href":"https:\/\/wegeblw.pl\/index.php\/wp-json\/wp\/v2\/types\/product"}],"replies":[{"embeddable":true,"href":"https:\/\/wegeblw.pl\/index.php\/wp-json\/wp\/v2\/comments?post=7456"}],"wp:featuredmedia":[{"embeddable":true,"href":"https:\/\/wegeblw.pl\/index.php\/wp-json\/wp\/v2\/media\/7457"}],"wp:attachment":[{"href":"https:\/\/wegeblw.pl\/index.php\/wp-json\/wp\/v2\/media?parent=7456"}],"wp:term":[{"taxonomy":"product_cat","embeddable":true,"href":"https:\/\/wegeblw.pl\/index.php\/wp-json\/wp\/v2\/product_cat?post=7456"},{"taxonomy":"product_tag","embeddable":true,"href":"https:\/\/wegeblw.pl\/index.php\/wp-json\/wp\/v2\/product_tag?post=7456"}],"curies":[{"name":"wp","href":"https:\/\/api.w.org\/{rel}","templated":true}]}}