{"id":7466,"date":"2021-07-22T18:21:20","date_gmt":"2021-07-22T16:21:20","guid":{"rendered":"https:\/\/wegeblw.pl\/index.php\/produkt\/officina-naturae-delikatne-mleczko-do-demakijazu-200-ml\/"},"modified":"2026-04-08T19:47:28","modified_gmt":"2026-04-08T17:47:28","slug":"officina-naturae-delikatne-mleczko-do-demakijazu-200-ml","status":"publish","type":"product","link":"https:\/\/wegeblw.pl\/index.php\/produkt\/officina-naturae-delikatne-mleczko-do-demakijazu-200-ml\/","title":{"rendered":"Officina Naturae Delikatne mleczko do demakija\u017cu 200 ml"},"content":{"rendered":"<p>\u0141atwy w u\u017cyciu termometr paskowy na czo\u0142o, kt\u00f3ry dzi\u0119ki miniaturowym rozmiarom i ca\u0142kowicie p\u0142askiej strukturze mo\u017cesz mie\u0107 zawsze przy sobie, np. schowa\u0107 do portfela.W zale\u017cno\u015bci od potrzeby mo\u017ce by\u0107 u\u017cywany jednokrotnie i utylizowany lub wielokrotnie &#8211; przechowywany zgodnie z instrukcjami przechowywania.Dzia\u0142a w oparciu o r\u00f3\u017cnokolorowe pola testowe z ciek\u0142ych kryszta\u0142\u00f3w i zapewnia szybki odczyt w 15 sekund.INSTRUKCJA U\u017bYCIAPrzy\u0142\u00f3\u017c pasek poziomo do czo\u0142a pacjenta i przytrzymuj\u0105c go palcami na ko\u0144cach,odczekaj oko\u0142o 15 sekund, a nast\u0119pnie odczytaj temperatur\u0119.Termometr nale\u017cy stosowa\u0107 w temperaturze pokojowej.W przypadku wielokrotnego u\u017cycia, po ka\u017cdym zastosowaniu przetrzyj termometr wod\u0105 z myd\u0142em, dok\u0142adnie wysusz i w\u0142\u00f3\u017c do plastikowej torebki natomiast w przypadku konieczno\u015bci jednorazowego u\u017cycia, po zastosowaniu termometr nale\u017cy zutylizowa\u0107.OSTRZE\u017bENIA*W razie konieczno\u015bci ograniczenia ryzyka zaka\u017cenia, u\u017cywaj tylko raz i po u\u017cyciu utylizuj! Nie u\u017cywaj w przypadku p\u0119kni\u0119cia lub stwierdzenia innego uszkodzenia! Pomiar temperatury cia\u0142a jest jedynie warto\u015bci\u0105 orientacyjn\u0105. Wyniki skonsultujz lekarzem, kt\u00f3ry wdro\u017cy odpowiednie leczenie!PRZECHOWYWANIENale\u017cy przechowywa\u0107 w plastikowej torebce. Bez potrzeby nie zginaj.Przechowuj w ch\u0142odnym, suchym miejscu.Os\u0142o\u0144 przed bezpo\u015brednim dzia\u0142aniem promieni s\u0142onecznych, wysokimi temperaturami oraz wilgoci\u0105.W\u0141A\u015aCIWO\u015aCISpos\u00f3b dzia\u0142ania: pola termoczu\u0142e z ciek\u0142ymi kryszta\u0142amiZakres pomiaru: 35-40\u00b0CPrecyzja pomiaru: 1\u00b0C Czas pomiaru: 15 sekundSKU: TOW014976Kod EAN: 5901793641546Kategoria SAP: TermometryMarka: NOVAMA WHITEIlo\u015b\u0107 sztuk w opakowaniu: 3 szt.Rodzaj i funkcje termometru: ciek\u0142orystaliczny, pomiar na czole, temperatura cia\u0142a, temperatura powierzchniMiejsce pomiaru: czo\u0142oKolor: bia\u0142o czarnyAutomatyczne wy\u0142\u0105czenie: YesStawka podatku: VAT 23%<\/p>\n<p>Termometry<\/p>\n<p>czy chipsy s\u0105 zdrowe, mas\u0142o shea cena, fioletowe warzywo w kszta\u0142cie gruszki, zdrowa \u017cywno\u015b\u0107 pozna\u0144, oliwa z czosnkiem, majonez bia\u0142uty gdzie kupi\u0107, herbatazielona, bio organic sklep, farba do w\u0142os\u00f3w miedziany, aloes jadalny, arganove dezodorant mineralny, 1kg miedzi, alpro barista owsiane, balsam z konopii opinie, makaron \u017cytni razowy, hurtownia ze zdrow\u0105 \u017cywno\u015bci\u0105, derma eco baby<\/p>\n<p><a href=\"https:\/\/www.proteka.com.pl\/protezy\/wyluszczeniu-biodrowym\/\">wy\u0142uszczenie w stawie biodrowym<\/a><\/p>\n","protected":false},"excerpt":{"rendered":"<p>\u0141atwy w u\u017cyciu termometr paskowy na czo\u0142o, kt\u00f3ry dzi\u0119ki miniaturowym rozmiarom i ca\u0142kowicie p\u0142askiej strukturze mo\u017cesz mie\u0107 zawsze przy sobie,&hellip;<\/p>\n","protected":false},"featured_media":7467,"comment_status":"closed","ping_status":"open","template":"","meta":[],"product_cat":[33],"product_tag":[835,739,789],"class_list":["post-7466","product","type-product","status-publish","has-post-thumbnail","hentry","product_cat-oczyszczanie-i-demakijaz-twarzy","product_tag-kurkuma-dzialanie","product_tag-makaron-sojowy-indeks-glikemiczny","product_tag-pestki-granatu"],"_links":{"self":[{"href":"https:\/\/wegeblw.pl\/index.php\/wp-json\/wp\/v2\/product\/7466","targetHints":{"allow":["GET"]}}],"collection":[{"href":"https:\/\/wegeblw.pl\/index.php\/wp-json\/wp\/v2\/product"}],"about":[{"href":"https:\/\/wegeblw.pl\/index.php\/wp-json\/wp\/v2\/types\/product"}],"replies":[{"embeddable":true,"href":"https:\/\/wegeblw.pl\/index.php\/wp-json\/wp\/v2\/comments?post=7466"}],"wp:featuredmedia":[{"embeddable":true,"href":"https:\/\/wegeblw.pl\/index.php\/wp-json\/wp\/v2\/media\/7467"}],"wp:attachment":[{"href":"https:\/\/wegeblw.pl\/index.php\/wp-json\/wp\/v2\/media?parent=7466"}],"wp:term":[{"taxonomy":"product_cat","embeddable":true,"href":"https:\/\/wegeblw.pl\/index.php\/wp-json\/wp\/v2\/product_cat?post=7466"},{"taxonomy":"product_tag","embeddable":true,"href":"https:\/\/wegeblw.pl\/index.php\/wp-json\/wp\/v2\/product_tag?post=7466"}],"curies":[{"name":"wp","href":"https:\/\/api.w.org\/{rel}","templated":true}]}}