{"id":7478,"date":"2022-10-17T11:54:41","date_gmt":"2022-10-17T09:54:41","guid":{"rendered":"https:\/\/wegeblw.pl\/index.php\/produkt\/uriage-creme-lavante-krem-do-mycia-bez-mydla-1l\/"},"modified":"2026-04-08T18:40:03","modified_gmt":"2026-04-08T16:40:03","slug":"uriage-creme-lavante-krem-do-mycia-bez-mydla-1l","status":"publish","type":"product","link":"https:\/\/wegeblw.pl\/index.php\/produkt\/uriage-creme-lavante-krem-do-mycia-bez-mydla-1l\/","title":{"rendered":"Uriage Creme Lavante Krem Do Mycia Bez Myd\u0142a 1L"},"content":{"rendered":"<p>Starochrze\u015bcija\u0144skie \u015bwi\u0105tynie o\u015bwietlone cienkimi \u015bwiecami, \u015bredniowieczny Manhattan, czyli kamienne wie\u017ce na p\u00f3\u0142nocy kraju, labirynt skalnych miast Uplisciche i Wardzia. Powiew wsp\u00f3\u0142czesno\u015bci: futurystyczne nowinki architektury w Tbilisi i Batumi, gwarne kurorty nad Morzem Czarnym. Imponuj\u0105ca przyroda: zielone doliny, gor\u0105ce stepy, s\u0142ynne szczyty Kaukazu, w tym majestatyczny Kazbek i \u201ewied\u017ama\u201d Uszba. Przewodnik ExpressMap po Gruzji wprowadzi w niezwyk\u0142y \u015bwiat kraju na styku Europy i Azji, s\u0142yn\u0105cego z go\u015bcinno\u015bci, kt\u00f3r\u0105 czu\u0107 nawet w plackach chaczapuri, piero\u017ckach chinkali i znakomitym winie.Nowa jako\u015b\u0107 w\u015br\u00f3d przewodnik\u00f3w \u2013 wyj\u0105tkowe po\u0142\u0105czenie barwnych opis\u00f3w i szczeg\u00f3\u0142owych map:\u2022 mapy tras zwiedzania przedstawiaj\u0105ce lokalizacj\u0119 wszystkich opisywanych miejsc,\u2022 bogata tre\u015b\u0107 \u2013 historia i kultura, przyroda i tradycje, ciekawostki i anegdotki,\u2022 przydatne informacje praktyczne \u2013 dni i godziny otwarcia obiekt\u00f3w, ceny bilet\u00f3w, transport publiczny, noclegi, pogoda,\u2022 dok\u0142adne opisy tras pieszych i samochodowych wraz z mapami z zaznaczonym szlakiem oraz profilami wysoko\u015bciowymi pokazuj\u0105cymi ukszta\u0142towanie terenu,\u2022 informacje o specja\u0142ach gruzi\u0144skiej kuchni i lokalnych \u015bwi\u0119tach,\u2022 przejrzysty uk\u0142ad graficzny umo\u017cliwiaj\u0105cy \u0142atwe wyszukiwanie informacji,\u2022 szczeg\u00f3\u0142owy atlas Gruzji, na kt\u00f3rym zaznaczono miejsca opisane w przewodniku,\u2022 dwustronnie laminowana mapa do\u0142\u0105czona do przewodnika.<\/p>\n<p>Literatura podr\u00f3\u017cnicza i przewodniki<\/p>\n<p>boroplus, m\u0105ka orkiszowa typ 1850 do czego, makaron ry\u017cowy w kszta\u0142cie ry\u017cu, 1 kg to ile kcal, krochmal do k\u0105pieli &#8211; jak zrobi\u0107, shirataki lidl, keks orzechowy, loreal maska czysta glinka zielona, granola crunchy, suszony banan, kurkum\u0105 do jakich potraw, zupa grzybiwa, baranek z cukru, karp po zydowsku, witamina b12 produkty tabela, granat owoc witaminy, barista oat<\/p>\n<p>yyyyy<\/p>\n","protected":false},"excerpt":{"rendered":"<p>Starochrze\u015bcija\u0144skie \u015bwi\u0105tynie o\u015bwietlone cienkimi \u015bwiecami, \u015bredniowieczny Manhattan, czyli kamienne wie\u017ce na p\u00f3\u0142nocy kraju, labirynt skalnych miast Uplisciche i Wardzia. Powiew&hellip;<\/p>\n","protected":false},"featured_media":7479,"comment_status":"closed","ping_status":"open","template":"","meta":[],"product_cat":[123],"product_tag":[855,690,827,728],"class_list":["post-7478","product","type-product","status-publish","has-post-thumbnail","hentry","product_cat-kosmetyki-dla-dzieci-i-niemowlat","product_tag-kozie-mleko","product_tag-maka-z-cieciorki","product_tag-naturli","product_tag-roslinne-mieso"],"_links":{"self":[{"href":"https:\/\/wegeblw.pl\/index.php\/wp-json\/wp\/v2\/product\/7478","targetHints":{"allow":["GET"]}}],"collection":[{"href":"https:\/\/wegeblw.pl\/index.php\/wp-json\/wp\/v2\/product"}],"about":[{"href":"https:\/\/wegeblw.pl\/index.php\/wp-json\/wp\/v2\/types\/product"}],"replies":[{"embeddable":true,"href":"https:\/\/wegeblw.pl\/index.php\/wp-json\/wp\/v2\/comments?post=7478"}],"wp:featuredmedia":[{"embeddable":true,"href":"https:\/\/wegeblw.pl\/index.php\/wp-json\/wp\/v2\/media\/7479"}],"wp:attachment":[{"href":"https:\/\/wegeblw.pl\/index.php\/wp-json\/wp\/v2\/media?parent=7478"}],"wp:term":[{"taxonomy":"product_cat","embeddable":true,"href":"https:\/\/wegeblw.pl\/index.php\/wp-json\/wp\/v2\/product_cat?post=7478"},{"taxonomy":"product_tag","embeddable":true,"href":"https:\/\/wegeblw.pl\/index.php\/wp-json\/wp\/v2\/product_tag?post=7478"}],"curies":[{"name":"wp","href":"https:\/\/api.w.org\/{rel}","templated":true}]}}