{"id":7482,"date":"2018-11-07T02:04:15","date_gmt":"2018-11-07T01:04:15","guid":{"rendered":"https:\/\/wegeblw.pl\/index.php\/produkt\/dallmayr-entcoffeiniert-kawa-bezkofeinowa-mielona-500g\/"},"modified":"2026-04-08T09:31:17","modified_gmt":"2026-04-08T07:31:17","slug":"dallmayr-entcoffeiniert-kawa-bezkofeinowa-mielona-500g","status":"publish","type":"product","link":"https:\/\/wegeblw.pl\/index.php\/produkt\/dallmayr-entcoffeiniert-kawa-bezkofeinowa-mielona-500g\/","title":{"rendered":"Dallmayr Entcoffeiniert kawa bezkofeinowa, mielona 500g"},"content":{"rendered":"<p>Damskie br\u0105zowe okulary, urozmaicone z\u0142otym bi\u017cuteryjnym zausznikiem \u273f 30 dni na zwrot towaru \u273f Bezp\u0142atna wysy\u0142ka w 24h \u273f Okulary Marc Jacobs Marc 206 086<\/p>\n<p>Okulary oprawki i szk\u0142a<\/p>\n<p>chleb kukurydziany bezglutenowy, piwtruszka, bio mieso, serek do smarowania, cena tu\u0144czyka za kg, czy bia\u0142ko jest zdrowe, matcha latte tekst, jakie s\u0105 owoce cytrusowe, mas\u0142o klarowane a cholesterol, owoc dere\u0144, ile gotuj\u0119 si\u0119 woda, w sk\u0142ad mieszanki studenckiej wchodzi 25, w\u0119glowodanowa kolacja, naturalne enzymy trawienne<\/p>\n<p>yyyyy<\/p>\n","protected":false},"excerpt":{"rendered":"<p>Damskie br\u0105zowe okulary, urozmaicone z\u0142otym bi\u017cuteryjnym zausznikiem \u273f 30 dni na zwrot towaru \u273f Bezp\u0142atna wysy\u0142ka w 24h \u273f Okulary&hellip;<\/p>\n","protected":false},"featured_media":7483,"comment_status":"closed","ping_status":"open","template":"","meta":[],"product_cat":[247],"product_tag":[642,876,689,773],"class_list":["post-7482","product","type-product","status-publish","has-post-thumbnail","hentry","product_cat-kawa","product_tag-granat","product_tag-herbaty-bio","product_tag-maka-orkiszowa-wlasciwosci","product_tag-organic-sklep"],"_links":{"self":[{"href":"https:\/\/wegeblw.pl\/index.php\/wp-json\/wp\/v2\/product\/7482","targetHints":{"allow":["GET"]}}],"collection":[{"href":"https:\/\/wegeblw.pl\/index.php\/wp-json\/wp\/v2\/product"}],"about":[{"href":"https:\/\/wegeblw.pl\/index.php\/wp-json\/wp\/v2\/types\/product"}],"replies":[{"embeddable":true,"href":"https:\/\/wegeblw.pl\/index.php\/wp-json\/wp\/v2\/comments?post=7482"}],"wp:featuredmedia":[{"embeddable":true,"href":"https:\/\/wegeblw.pl\/index.php\/wp-json\/wp\/v2\/media\/7483"}],"wp:attachment":[{"href":"https:\/\/wegeblw.pl\/index.php\/wp-json\/wp\/v2\/media?parent=7482"}],"wp:term":[{"taxonomy":"product_cat","embeddable":true,"href":"https:\/\/wegeblw.pl\/index.php\/wp-json\/wp\/v2\/product_cat?post=7482"},{"taxonomy":"product_tag","embeddable":true,"href":"https:\/\/wegeblw.pl\/index.php\/wp-json\/wp\/v2\/product_tag?post=7482"}],"curies":[{"name":"wp","href":"https:\/\/api.w.org\/{rel}","templated":true}]}}