{"id":7510,"date":"2018-09-14T20:01:48","date_gmt":"2018-09-14T18:01:48","guid":{"rendered":"https:\/\/wegeblw.pl\/index.php\/produkt\/dary-natury-herbatka-wierzbowka-kiprzyca-ziele-eko-50g\/"},"modified":"2026-04-08T00:53:08","modified_gmt":"2026-04-07T22:53:08","slug":"dary-natury-herbatka-wierzbowka-kiprzyca-ziele-eko-50g","status":"publish","type":"product","link":"https:\/\/wegeblw.pl\/index.php\/produkt\/dary-natury-herbatka-wierzbowka-kiprzyca-ziele-eko-50g\/","title":{"rendered":"Dary Natury Herbatka Wierzb\u00f3wka kiprzyca ziele eko 50g"},"content":{"rendered":"<p>Oprawy okularowe Rodenstock<\/p>\n<p>Okulary oprawki i szk\u0142a<\/p>\n<p>k\u0142odawska, olej rycynowy na brwi efekty, trzcinowy cukier, eliza m\u00f3rawska<\/p>\n<p>yyyyy<\/p>\n","protected":false},"excerpt":{"rendered":"<p>Oprawy okularowe Rodenstock Okulary oprawki i szk\u0142a k\u0142odawska, olej rycynowy na brwi efekty, trzcinowy cukier, eliza m\u00f3rawska yyyyy<\/p>\n","protected":false},"featured_media":7511,"comment_status":"closed","ping_status":"open","template":"","meta":[],"product_cat":[87],"product_tag":[778,664,869],"class_list":["post-7510","product","type-product","status-publish","has-post-thumbnail","hentry","product_cat-herbata","product_tag-burak","product_tag-komoda-ryzowa","product_tag-kurkuma-w-proszku-jak-stosowac"],"_links":{"self":[{"href":"https:\/\/wegeblw.pl\/index.php\/wp-json\/wp\/v2\/product\/7510","targetHints":{"allow":["GET"]}}],"collection":[{"href":"https:\/\/wegeblw.pl\/index.php\/wp-json\/wp\/v2\/product"}],"about":[{"href":"https:\/\/wegeblw.pl\/index.php\/wp-json\/wp\/v2\/types\/product"}],"replies":[{"embeddable":true,"href":"https:\/\/wegeblw.pl\/index.php\/wp-json\/wp\/v2\/comments?post=7510"}],"wp:featuredmedia":[{"embeddable":true,"href":"https:\/\/wegeblw.pl\/index.php\/wp-json\/wp\/v2\/media\/7511"}],"wp:attachment":[{"href":"https:\/\/wegeblw.pl\/index.php\/wp-json\/wp\/v2\/media?parent=7510"}],"wp:term":[{"taxonomy":"product_cat","embeddable":true,"href":"https:\/\/wegeblw.pl\/index.php\/wp-json\/wp\/v2\/product_cat?post=7510"},{"taxonomy":"product_tag","embeddable":true,"href":"https:\/\/wegeblw.pl\/index.php\/wp-json\/wp\/v2\/product_tag?post=7510"}],"curies":[{"name":"wp","href":"https:\/\/api.w.org\/{rel}","templated":true}]}}