{"id":7512,"date":"2015-11-05T20:14:43","date_gmt":"2015-11-05T19:14:43","guid":{"rendered":"https:\/\/wegeblw.pl\/index.php\/produkt\/dary-natury-herbatka-badz-zdrow-z-zielem-jezowki-bio-50-g\/"},"modified":"2026-04-08T08:04:18","modified_gmt":"2026-04-08T06:04:18","slug":"dary-natury-herbatka-badz-zdrow-z-zielem-jezowki-bio-50-g","status":"publish","type":"product","link":"https:\/\/wegeblw.pl\/index.php\/produkt\/dary-natury-herbatka-badz-zdrow-z-zielem-jezowki-bio-50-g\/","title":{"rendered":"Dary Natury Herbatka B\u0105d\u017a Zdr\u00f3w Z Zielem Je\u017c\u00f3wki Bio 50 G"},"content":{"rendered":"<p>Herbatka Na Zaparcia Babka Jajowata P\u0142esznik<\/p>\n<p>Herbata<\/p>\n<p>majonez mango, a\u0142un dezodorant opinie, oliwa z oliwek extra vergine, najlepsze proszki do prania, yerba mate w ci\u0105\u017cy, ser bez laktozy, bu\u0142ka pszenno \u017cytnia, przyprawa podlaska, karob w proszku<\/p>\n<p>yyyyy<\/p>\n","protected":false},"excerpt":{"rendered":"<p>Herbatka Na Zaparcia Babka Jajowata P\u0142esznik Herbata majonez mango, a\u0142un dezodorant opinie, oliwa z oliwek extra vergine, najlepsze proszki do&hellip;<\/p>\n","protected":false},"featured_media":7513,"comment_status":"closed","ping_status":"open","template":"","meta":[],"product_cat":[87],"product_tag":[844,688,790,641,669,832],"class_list":["post-7512","product","type-product","status-publish","has-post-thumbnail","hentry","product_cat-herbata","product_tag-eko-mieso","product_tag-farma-roztocza","product_tag-majonez-vitapol-domowy","product_tag-smieci-w-oceanach","product_tag-vigo-kombucha","product_tag-vitapol-majonez"],"_links":{"self":[{"href":"https:\/\/wegeblw.pl\/index.php\/wp-json\/wp\/v2\/product\/7512","targetHints":{"allow":["GET"]}}],"collection":[{"href":"https:\/\/wegeblw.pl\/index.php\/wp-json\/wp\/v2\/product"}],"about":[{"href":"https:\/\/wegeblw.pl\/index.php\/wp-json\/wp\/v2\/types\/product"}],"replies":[{"embeddable":true,"href":"https:\/\/wegeblw.pl\/index.php\/wp-json\/wp\/v2\/comments?post=7512"}],"wp:featuredmedia":[{"embeddable":true,"href":"https:\/\/wegeblw.pl\/index.php\/wp-json\/wp\/v2\/media\/7513"}],"wp:attachment":[{"href":"https:\/\/wegeblw.pl\/index.php\/wp-json\/wp\/v2\/media?parent=7512"}],"wp:term":[{"taxonomy":"product_cat","embeddable":true,"href":"https:\/\/wegeblw.pl\/index.php\/wp-json\/wp\/v2\/product_cat?post=7512"},{"taxonomy":"product_tag","embeddable":true,"href":"https:\/\/wegeblw.pl\/index.php\/wp-json\/wp\/v2\/product_tag?post=7512"}],"curies":[{"name":"wp","href":"https:\/\/api.w.org\/{rel}","templated":true}]}}