{"id":7522,"date":"2022-05-03T04:15:54","date_gmt":"2022-05-03T02:15:54","guid":{"rendered":"https:\/\/wegeblw.pl\/index.php\/produkt\/rafex-majeranek-polski-40g\/"},"modified":"2026-04-10T14:43:39","modified_gmt":"2026-04-10T12:43:39","slug":"rafex-majeranek-polski-40g","status":"publish","type":"product","link":"https:\/\/wegeblw.pl\/index.php\/produkt\/rafex-majeranek-polski-40g\/","title":{"rendered":"Rafex Majeranek polski 40g"},"content":{"rendered":"<p>Wyr\u00f3b medyczny innyElastyczna opaska siateczkowa, kt\u00f3ra utrzymuje opatrunek w miejscu przy\u0142o\u017cenia. Dostosowuje si\u0119 anatomicznie, gwarantuj\u0105c swobod\u0119 ruchu i pozwala sk\u00f3rze naturalnie oddycha\u0107.<\/p>\n<p>Apteczki i materia\u0142y opatrunkowe<\/p>\n<p>jasna, domowy syrop na gard\u0142o, mi\u00f3d z mniszka cena, erytrol przelicznik na cukier, jagoda kamczacka owoce, szczypce do mi\u0119sa, zastosowanie skrobi, czy mo\u017cna je\u015b\u0107 lody przy kamicy \u017c\u00f3\u0142ciowej<\/p>\n<p>yyyyy<\/p>\n","protected":false},"excerpt":{"rendered":"<p>Wyr\u00f3b medyczny innyElastyczna opaska siateczkowa, kt\u00f3ra utrzymuje opatrunek w miejscu przy\u0142o\u017cenia. Dostosowuje si\u0119 anatomicznie, gwarantuj\u0105c swobod\u0119 ruchu i pozwala sk\u00f3rze&hellip;<\/p>\n","protected":false},"featured_media":7523,"comment_status":"closed","ping_status":"open","template":"","meta":[],"product_cat":[236],"product_tag":[779,661,692,783,629],"class_list":["post-7522","product","type-product","status-publish","has-post-thumbnail","hentry","product_cat-przyprawy-jednoskladnikowe","product_tag-jak-gotowac-komose","product_tag-jak-ugotowac-komose-ryzowa","product_tag-jelito-drazliwe","product_tag-majonez-vita-pol","product_tag-maka-z-ciecierzycy"],"_links":{"self":[{"href":"https:\/\/wegeblw.pl\/index.php\/wp-json\/wp\/v2\/product\/7522","targetHints":{"allow":["GET"]}}],"collection":[{"href":"https:\/\/wegeblw.pl\/index.php\/wp-json\/wp\/v2\/product"}],"about":[{"href":"https:\/\/wegeblw.pl\/index.php\/wp-json\/wp\/v2\/types\/product"}],"replies":[{"embeddable":true,"href":"https:\/\/wegeblw.pl\/index.php\/wp-json\/wp\/v2\/comments?post=7522"}],"wp:featuredmedia":[{"embeddable":true,"href":"https:\/\/wegeblw.pl\/index.php\/wp-json\/wp\/v2\/media\/7523"}],"wp:attachment":[{"href":"https:\/\/wegeblw.pl\/index.php\/wp-json\/wp\/v2\/media?parent=7522"}],"wp:term":[{"taxonomy":"product_cat","embeddable":true,"href":"https:\/\/wegeblw.pl\/index.php\/wp-json\/wp\/v2\/product_cat?post=7522"},{"taxonomy":"product_tag","embeddable":true,"href":"https:\/\/wegeblw.pl\/index.php\/wp-json\/wp\/v2\/product_tag?post=7522"}],"curies":[{"name":"wp","href":"https:\/\/api.w.org\/{rel}","templated":true}]}}