{"id":7528,"date":"2013-01-08T15:09:15","date_gmt":"2013-01-08T14:09:15","guid":{"rendered":"https:\/\/wegeblw.pl\/index.php\/produkt\/batom-ashwagandha-zen-szen-indyjski-korzen-mielony-bio-300g\/"},"modified":"2026-04-08T05:31:44","modified_gmt":"2026-04-08T03:31:44","slug":"batom-ashwagandha-zen-szen-indyjski-korzen-mielony-bio-300g","status":"publish","type":"product","link":"https:\/\/wegeblw.pl\/index.php\/produkt\/batom-ashwagandha-zen-szen-indyjski-korzen-mielony-bio-300g\/","title":{"rendered":"Batom Ashwagandha \u017ce\u0144-sze\u0144 indyjski korze\u0144 mielony BIO 300g"},"content":{"rendered":"<p>OstroVit Supreme Pure Glutamine 500 g Glutamina<\/p>\n<p>Aminokwasy i glutaminy<\/p>\n<p>czym zastapic mleko, b15 witamina, gotowanie ryzu brazowego, czekolada z pomara\u0144cz\u0105<\/p>\n<p>yyyyy<\/p>\n","protected":false},"excerpt":{"rendered":"<p>OstroVit Supreme Pure Glutamine 500 g Glutamina Aminokwasy i glutaminy czym zastapic mleko, b15 witamina, gotowanie ryzu brazowego, czekolada z&hellip;<\/p>\n","protected":false},"featured_media":7529,"comment_status":"closed","ping_status":"open","template":"","meta":[],"product_cat":[41],"product_tag":[778,642,698,849],"class_list":["post-7528","product","type-product","status-publish","has-post-thumbnail","hentry","product_cat-ziola-i-herbaty-lecznicze","product_tag-burak","product_tag-granat","product_tag-kurczak-ekologiczny","product_tag-mogli"],"_links":{"self":[{"href":"https:\/\/wegeblw.pl\/index.php\/wp-json\/wp\/v2\/product\/7528","targetHints":{"allow":["GET"]}}],"collection":[{"href":"https:\/\/wegeblw.pl\/index.php\/wp-json\/wp\/v2\/product"}],"about":[{"href":"https:\/\/wegeblw.pl\/index.php\/wp-json\/wp\/v2\/types\/product"}],"replies":[{"embeddable":true,"href":"https:\/\/wegeblw.pl\/index.php\/wp-json\/wp\/v2\/comments?post=7528"}],"wp:featuredmedia":[{"embeddable":true,"href":"https:\/\/wegeblw.pl\/index.php\/wp-json\/wp\/v2\/media\/7529"}],"wp:attachment":[{"href":"https:\/\/wegeblw.pl\/index.php\/wp-json\/wp\/v2\/media?parent=7528"}],"wp:term":[{"taxonomy":"product_cat","embeddable":true,"href":"https:\/\/wegeblw.pl\/index.php\/wp-json\/wp\/v2\/product_cat?post=7528"},{"taxonomy":"product_tag","embeddable":true,"href":"https:\/\/wegeblw.pl\/index.php\/wp-json\/wp\/v2\/product_tag?post=7528"}],"curies":[{"name":"wp","href":"https:\/\/api.w.org\/{rel}","templated":true}]}}