{"id":7546,"date":"2020-12-17T22:13:17","date_gmt":"2020-12-17T21:13:17","guid":{"rendered":"https:\/\/wegeblw.pl\/index.php\/produkt\/zielarnia-suwalska-mieszanka-ziolowa-nieplodnosc-450g\/"},"modified":"2026-04-07T02:50:03","modified_gmt":"2026-04-07T00:50:03","slug":"zielarnia-suwalska-mieszanka-ziolowa-nieplodnosc-450g","status":"publish","type":"product","link":"https:\/\/wegeblw.pl\/index.php\/produkt\/zielarnia-suwalska-mieszanka-ziolowa-nieplodnosc-450g\/","title":{"rendered":"Zielarnia Suwalska Mieszanka Zio\u0142owa Niep\u0142odno\u015b\u0107 450G"},"content":{"rendered":"<p>Substancje aktywne: MSM (Methyl-Sulfonyl-Methane)Warto\u015b\u0107 od\u017cywcza 1 tabletki: MSM &#8211; 1000mg Opakowanie: 60 tabletek wega\u0144skichZalecana dawka: 1-2 tabletki dziennie podczas posi\u0142ku Kuracja: do 60 dniProdukt odpowiedni dla wegan i wegetarian zaaprobowany przez Vegan Society\u00ae Wyprodukowano w Wielkiej BrytaniiNie zawiera: Skorupiak\u00f3w, Cukru, Skrobi, Substancji s\u0142odz\u0105cych, Soli, Glutenu, Dro\u017cd\u017cy, Laktozy, Barwnik\u00f3w, Konserwant\u00f3w, Substancji GMOZalecana Weganom Wegetarianom Osobom potrzebuj\u0105cym wzmocnienia uk\u0142adu kosno-stawowego Osobom cierpi\u0105cym na zapalenia staw\u00f3w Osobom prowadz\u0105cym aktywny tryb \u017cycia Osobom starszym Osobom z nadwag\u0105Dzia\u0142anie Utrzymuj\u0119 odpowiedni poziom ruchomo\u015bci i wytrzyma\u0142o\u015bci staw\u00f3w Ma dzia\u0142anie przeciwb\u00f3lowe i przeciwzapalne &#8211; \u0142agodzi zapalenie staw\u00f3w, mi\u0119\u015bni Bierze udzia\u0142 w syntezie kolagenu i tkanki \u0142\u0105cznej Regeneruj\u0105c i od\u017cywiaj\u0105c kom\u00f3rki, odm\u0142adza sk\u00f3r\u0119 Przy\u015bpiesza gojenie ran i wyg\u0142adza blizny Stymuluje uk\u0142ad odporno\u015bciowy Ma detoksykuj\u0105cy wp\u0142yw na organizm Normalizuje dzia\u0142anie \u017co\u0142\u0105dka i ca\u0142ego przewodu pokarmowego \u0141agodzi objawy alergii pokarmowej oraz py\u0142kowej Wzmacnia w\u0142osy i paznokcie Utrzymuje r\u00f3wnowag\u0119 kwasow\u0105 we krwiFakty \u0179r\u00f3d\u0142a naturalnego jedzenia bogatego w Siark\u0119: owies, papryka, cykoria, kapusta, truskawki, awokadoObjawy niedoboru siarki w organizmie &#8211; uczucie przygn\u0119bienia, apatia, niepok\u00f3j, blada cera, \u0142ami\u0105ce si\u0119 paznokcie, utrata elastyczno\u015bci staw\u00f3w, problemy ze wzrokiemDzia\u0142anie MSM staje si\u0119 skuteczniejsze, gdy jednocze\u015bnie przyjmowana jest Witamina C, kt\u00f3ra stanowi sk\u0142adnik niezb\u0119dny dla syntezy tkanki \u0142\u0105cznej, a tak\u017ce wspomaga wch\u0142anianie i dzia\u0142anie MSMZalecana dobowa dawka \u2013 1-2 tabletki i kuracja 4 miesi\u0119czna do poprawy stanuSuplementy diety nie mog\u0105 by\u0107 stosowane jako substytut zr\u00f3\u017cnicowanej diety ani zdrowego trybu \u017cycia. Nie nale\u017cy przekracza\u0107 zalecanej dawki do spo\u017cycia w ci\u0105gu dnia. Przechowywa\u0107 w miejscu niedost\u0119pnym dla ma\u0142ych dzieci<\/p>\n<p>Stawy mi\u0119\u015bnie i ko\u015bci<\/p>\n<p>tort dla diabetyka, puszka fasoli, daktyle witaminy, grzyb shiitake, czarnuszka egipska w\u0142a\u015bciwo\u015bci, cukrzyca typ 2, najlepsze bialko na rynku, olej z pestek marchwi, wrapy bezglutenowe, sklep zdrowa \u017cywno\u015b\u0107 wroc\u0142aw<\/p>\n<p>yyyyy<\/p>\n","protected":false},"excerpt":{"rendered":"<p>Substancje aktywne: MSM (Methyl-Sulfonyl-Methane)Warto\u015b\u0107 od\u017cywcza 1 tabletki: MSM &#8211; 1000mg Opakowanie: 60 tabletek wega\u0144skichZalecana dawka: 1-2 tabletki dziennie podczas posi\u0142ku&hellip;<\/p>\n","protected":false},"featured_media":7547,"comment_status":"closed","ping_status":"open","template":"","meta":[],"product_cat":[41],"product_tag":[766,871,818],"class_list":["post-7546","product","type-product","status-publish","has-post-thumbnail","hentry","product_cat-ziola-i-herbaty-lecznicze","product_tag-jablko-jonaprince","product_tag-kwaszonki","product_tag-organic-sklepy"],"_links":{"self":[{"href":"https:\/\/wegeblw.pl\/index.php\/wp-json\/wp\/v2\/product\/7546","targetHints":{"allow":["GET"]}}],"collection":[{"href":"https:\/\/wegeblw.pl\/index.php\/wp-json\/wp\/v2\/product"}],"about":[{"href":"https:\/\/wegeblw.pl\/index.php\/wp-json\/wp\/v2\/types\/product"}],"replies":[{"embeddable":true,"href":"https:\/\/wegeblw.pl\/index.php\/wp-json\/wp\/v2\/comments?post=7546"}],"wp:featuredmedia":[{"embeddable":true,"href":"https:\/\/wegeblw.pl\/index.php\/wp-json\/wp\/v2\/media\/7547"}],"wp:attachment":[{"href":"https:\/\/wegeblw.pl\/index.php\/wp-json\/wp\/v2\/media?parent=7546"}],"wp:term":[{"taxonomy":"product_cat","embeddable":true,"href":"https:\/\/wegeblw.pl\/index.php\/wp-json\/wp\/v2\/product_cat?post=7546"},{"taxonomy":"product_tag","embeddable":true,"href":"https:\/\/wegeblw.pl\/index.php\/wp-json\/wp\/v2\/product_tag?post=7546"}],"curies":[{"name":"wp","href":"https:\/\/api.w.org\/{rel}","templated":true}]}}