{"id":7578,"date":"2017-03-21T07:02:07","date_gmt":"2017-03-21T06:02:07","guid":{"rendered":"https:\/\/wegeblw.pl\/index.php\/produkt\/progressive-darjeeling-green-200g\/"},"modified":"2026-04-08T04:29:10","modified_gmt":"2026-04-08T02:29:10","slug":"progressive-darjeeling-green-200g","status":"publish","type":"product","link":"https:\/\/wegeblw.pl\/index.php\/produkt\/progressive-darjeeling-green-200g\/","title":{"rendered":"Progressive Darjeeling green 200g"},"content":{"rendered":"<p>Suplement diety z melis\u0105.<\/p>\n<p>Uk\u0142ad nerwowy i pami\u0119\u0107<\/p>\n<p>biou, panini zabka kcal, witamina d3 dr jacobs, krem czekoladowo orzechowy, dieta w chorobie alzheimera jad\u0142ospis, syrop z agawy cena, kapusta charsznicka, proszku, amarantus w\u0142a\u015bciwo\u015bci lecznicze, helpa kaszka jaglana, hydrolat<\/p>\n<p>yyyyy<\/p>\n","protected":false},"excerpt":{"rendered":"<p>Suplement diety z melis\u0105. Uk\u0142ad nerwowy i pami\u0119\u0107 biou, panini zabka kcal, witamina d3 dr jacobs, krem czekoladowo orzechowy, dieta&hellip;<\/p>\n","protected":false},"featured_media":7579,"comment_status":"closed","ping_status":"open","template":"","meta":[],"product_cat":[87],"product_tag":[865,753,868],"class_list":["post-7578","product","type-product","status-publish","has-post-thumbnail","hentry","product_cat-herbata","product_tag-bulgur","product_tag-english-tea-shop-kalendarz-adwentowy","product_tag-siemie-lniane-jak-pic"],"_links":{"self":[{"href":"https:\/\/wegeblw.pl\/index.php\/wp-json\/wp\/v2\/product\/7578","targetHints":{"allow":["GET"]}}],"collection":[{"href":"https:\/\/wegeblw.pl\/index.php\/wp-json\/wp\/v2\/product"}],"about":[{"href":"https:\/\/wegeblw.pl\/index.php\/wp-json\/wp\/v2\/types\/product"}],"replies":[{"embeddable":true,"href":"https:\/\/wegeblw.pl\/index.php\/wp-json\/wp\/v2\/comments?post=7578"}],"wp:featuredmedia":[{"embeddable":true,"href":"https:\/\/wegeblw.pl\/index.php\/wp-json\/wp\/v2\/media\/7579"}],"wp:attachment":[{"href":"https:\/\/wegeblw.pl\/index.php\/wp-json\/wp\/v2\/media?parent=7578"}],"wp:term":[{"taxonomy":"product_cat","embeddable":true,"href":"https:\/\/wegeblw.pl\/index.php\/wp-json\/wp\/v2\/product_cat?post=7578"},{"taxonomy":"product_tag","embeddable":true,"href":"https:\/\/wegeblw.pl\/index.php\/wp-json\/wp\/v2\/product_tag?post=7578"}],"curies":[{"name":"wp","href":"https:\/\/api.w.org\/{rel}","templated":true}]}}