{"id":7586,"date":"2020-07-30T10:41:04","date_gmt":"2020-07-30T08:41:04","guid":{"rendered":"https:\/\/wegeblw.pl\/index.php\/produkt\/kredens-ziolowy-jeliherbs-500g\/"},"modified":"2026-04-08T07:31:24","modified_gmt":"2026-04-08T05:31:24","slug":"kredens-ziolowy-jeliherbs-500g","status":"publish","type":"product","link":"https:\/\/wegeblw.pl\/index.php\/produkt\/kredens-ziolowy-jeliherbs-500g\/","title":{"rendered":"Kredens Zio\u0142owy JeliHerbs 500g"},"content":{"rendered":"<p>Zio\u0142o czystka zawiera polifenole, znane przeciwutleniacze.<\/p>\n<p>Zio\u0142a i herbaty lecznicze<\/p>\n<p>suszona miechunka, dobre mleko migda\u0142owe, bio-selen+cynk skutki uboczne, m\u0105ka \u017cytnia jasna, gotowanie quinoa, rumianke, cynk chelatowany, ostra przyprawa z papryki, srebro koloidalne tonik, racuchy kokosowe, 4her probioticme opinie, kozie, aloe holika holika spf, kurkuma w korzeniu, siarka w jedzeniu, mi\u00f3d z propolisem w\u0142a\u015bciwo\u015bci, co to sa rodzynki, guma guar czy ksantanowa, orzechy brazylijskie w ci\u0105\u017cy, przyprawa do roso\u0142u<\/p>\n<p><a href=\"https:\/\/www.gastromania.cz\/cisnicke-otviraky\">gastromania.cz\/cisnicke-otviraky<\/a><\/p>\n","protected":false},"excerpt":{"rendered":"<p>Zio\u0142o czystka zawiera polifenole, znane przeciwutleniacze. Zio\u0142a i herbaty lecznicze suszona miechunka, dobre mleko migda\u0142owe, bio-selen+cynk skutki uboczne, m\u0105ka \u017cytnia&hellip;<\/p>\n","protected":false},"featured_media":7587,"comment_status":"closed","ping_status":"open","template":"","meta":[],"product_cat":[41],"product_tag":[670,620,871,789,696],"class_list":["post-7586","product","type-product","status-publish","has-post-thumbnail","hentry","product_cat-ziola-i-herbaty-lecznicze","product_tag-czeslaw-lang-choroba","product_tag-kielbasa-wiejska","product_tag-kwaszonki","product_tag-pestki-granatu","product_tag-vitapol-majonez-domowy"],"_links":{"self":[{"href":"https:\/\/wegeblw.pl\/index.php\/wp-json\/wp\/v2\/product\/7586","targetHints":{"allow":["GET"]}}],"collection":[{"href":"https:\/\/wegeblw.pl\/index.php\/wp-json\/wp\/v2\/product"}],"about":[{"href":"https:\/\/wegeblw.pl\/index.php\/wp-json\/wp\/v2\/types\/product"}],"replies":[{"embeddable":true,"href":"https:\/\/wegeblw.pl\/index.php\/wp-json\/wp\/v2\/comments?post=7586"}],"wp:featuredmedia":[{"embeddable":true,"href":"https:\/\/wegeblw.pl\/index.php\/wp-json\/wp\/v2\/media\/7587"}],"wp:attachment":[{"href":"https:\/\/wegeblw.pl\/index.php\/wp-json\/wp\/v2\/media?parent=7586"}],"wp:term":[{"taxonomy":"product_cat","embeddable":true,"href":"https:\/\/wegeblw.pl\/index.php\/wp-json\/wp\/v2\/product_cat?post=7586"},{"taxonomy":"product_tag","embeddable":true,"href":"https:\/\/wegeblw.pl\/index.php\/wp-json\/wp\/v2\/product_tag?post=7586"}],"curies":[{"name":"wp","href":"https:\/\/api.w.org\/{rel}","templated":true}]}}