{"id":7588,"date":"2020-06-14T10:41:45","date_gmt":"2020-06-14T08:41:45","guid":{"rendered":"https:\/\/wegeblw.pl\/index.php\/produkt\/ilbio-zielona-herbata-bio-srodziemnomorskie-historie-24g\/"},"modified":"2026-04-08T09:31:01","modified_gmt":"2026-04-08T07:31:01","slug":"ilbio-zielona-herbata-bio-srodziemnomorskie-historie-24g","status":"publish","type":"product","link":"https:\/\/wegeblw.pl\/index.php\/produkt\/ilbio-zielona-herbata-bio-srodziemnomorskie-historie-24g\/","title":{"rendered":"Ilbio Zielona Herbata Bio &#8211; \u015ar\u00f3dziemnomorskie Historie 24G"},"content":{"rendered":"<p>Thorne Iso-Phos Izolat Fosfatydyloseryny 60Vkaps<\/p>\n<p>Uk\u0142ad nerwowy i pami\u0119\u0107<\/p>\n<p>schab w plastrach, nerkowiec orzech, olej z pestek dyni t\u0142oczony na zimno, tu\u0144czyk po angielsku, acai jagody, piwo bezalkoholowe a zdrowie, any\u017c w ci\u0105\u017cy, m\u0105ka z semoliny<\/p>\n<p>yyyyy<\/p>\n","protected":false},"excerpt":{"rendered":"<p>Thorne Iso-Phos Izolat Fosfatydyloseryny 60Vkaps Uk\u0142ad nerwowy i pami\u0119\u0107 schab w plastrach, nerkowiec orzech, olej z pestek dyni t\u0142oczony na&hellip;<\/p>\n","protected":false},"featured_media":7589,"comment_status":"closed","ping_status":"open","template":"","meta":[],"product_cat":[41],"product_tag":[787,840,847,770,837],"class_list":["post-7588","product","type-product","status-publish","has-post-thumbnail","hentry","product_cat-ziola-i-herbaty-lecznicze","product_tag-beyond-meet","product_tag-collagen-gold","product_tag-czym-zastapic-nabial","product_tag-komosa-ryzowa-gotowanie","product_tag-soczewica-czerwona"],"_links":{"self":[{"href":"https:\/\/wegeblw.pl\/index.php\/wp-json\/wp\/v2\/product\/7588","targetHints":{"allow":["GET"]}}],"collection":[{"href":"https:\/\/wegeblw.pl\/index.php\/wp-json\/wp\/v2\/product"}],"about":[{"href":"https:\/\/wegeblw.pl\/index.php\/wp-json\/wp\/v2\/types\/product"}],"replies":[{"embeddable":true,"href":"https:\/\/wegeblw.pl\/index.php\/wp-json\/wp\/v2\/comments?post=7588"}],"wp:featuredmedia":[{"embeddable":true,"href":"https:\/\/wegeblw.pl\/index.php\/wp-json\/wp\/v2\/media\/7589"}],"wp:attachment":[{"href":"https:\/\/wegeblw.pl\/index.php\/wp-json\/wp\/v2\/media?parent=7588"}],"wp:term":[{"taxonomy":"product_cat","embeddable":true,"href":"https:\/\/wegeblw.pl\/index.php\/wp-json\/wp\/v2\/product_cat?post=7588"},{"taxonomy":"product_tag","embeddable":true,"href":"https:\/\/wegeblw.pl\/index.php\/wp-json\/wp\/v2\/product_tag?post=7588"}],"curies":[{"name":"wp","href":"https:\/\/api.w.org\/{rel}","templated":true}]}}