{"id":7600,"date":"2020-11-05T16:16:19","date_gmt":"2020-11-05T15:16:19","guid":{"rendered":"https:\/\/wegeblw.pl\/index.php\/produkt\/rafex-pieprz-balkanski-1kg\/"},"modified":"2026-04-09T11:01:51","modified_gmt":"2026-04-09T09:01:51","slug":"rafex-pieprz-balkanski-1kg","status":"publish","type":"product","link":"https:\/\/wegeblw.pl\/index.php\/produkt\/rafex-pieprz-balkanski-1kg\/","title":{"rendered":"Rafex Pieprz ba\u0142ka\u0144ski 1kg"},"content":{"rendered":"<p>Akcesoria i cz\u0119\u015bci modelarskie<\/p>\n<p>acerolla, amarantus do czego, yoko napoj, panko biedronka, shitake, czarna jagoda wroc\u0142aw, groch zolty, olej \u017cywokostowy z gojnikiem wroc\u0142aw, sosy rodzaje<\/p>\n<p>yyyyy<\/p>\n","protected":false},"excerpt":{"rendered":"<p>Akcesoria i cz\u0119\u015bci modelarskie acerolla, amarantus do czego, yoko napoj, panko biedronka, shitake, czarna jagoda wroc\u0142aw, groch zolty, olej \u017cywokostowy&hellip;<\/p>\n","protected":false},"featured_media":7601,"comment_status":"closed","ping_status":"open","template":"","meta":[],"product_cat":[237],"product_tag":[787,763,804],"class_list":["post-7600","product","type-product","status-publish","has-post-thumbnail","hentry","product_cat-sol-i-pieprz","product_tag-beyond-meet","product_tag-jak-spozywac-kurkume-leczniczo","product_tag-quinoa-jak-gotowac"],"_links":{"self":[{"href":"https:\/\/wegeblw.pl\/index.php\/wp-json\/wp\/v2\/product\/7600","targetHints":{"allow":["GET"]}}],"collection":[{"href":"https:\/\/wegeblw.pl\/index.php\/wp-json\/wp\/v2\/product"}],"about":[{"href":"https:\/\/wegeblw.pl\/index.php\/wp-json\/wp\/v2\/types\/product"}],"replies":[{"embeddable":true,"href":"https:\/\/wegeblw.pl\/index.php\/wp-json\/wp\/v2\/comments?post=7600"}],"wp:featuredmedia":[{"embeddable":true,"href":"https:\/\/wegeblw.pl\/index.php\/wp-json\/wp\/v2\/media\/7601"}],"wp:attachment":[{"href":"https:\/\/wegeblw.pl\/index.php\/wp-json\/wp\/v2\/media?parent=7600"}],"wp:term":[{"taxonomy":"product_cat","embeddable":true,"href":"https:\/\/wegeblw.pl\/index.php\/wp-json\/wp\/v2\/product_cat?post=7600"},{"taxonomy":"product_tag","embeddable":true,"href":"https:\/\/wegeblw.pl\/index.php\/wp-json\/wp\/v2\/product_tag?post=7600"}],"curies":[{"name":"wp","href":"https:\/\/api.w.org\/{rel}","templated":true}]}}