{"id":7606,"date":"2019-11-13T08:23:30","date_gmt":"2019-11-13T07:23:30","guid":{"rendered":"https:\/\/wegeblw.pl\/index.php\/produkt\/dary-natury-kawa-mielona-z-korzenia-mniszka-lekarskiego-bezkofeinowa-bio-200g\/"},"modified":"2026-04-07T03:12:07","modified_gmt":"2026-04-07T01:12:07","slug":"dary-natury-kawa-mielona-z-korzenia-mniszka-lekarskiego-bezkofeinowa-bio-200g","status":"publish","type":"product","link":"https:\/\/wegeblw.pl\/index.php\/produkt\/dary-natury-kawa-mielona-z-korzenia-mniszka-lekarskiego-bezkofeinowa-bio-200g\/","title":{"rendered":"Dary Natury Kawa Mielona z Korzenia Mniszka Lekarskiego Bezkofeinowa BIO 200g"},"content":{"rendered":"<p>PROMOCJA 2+1! Allcem Core cement do odbudowy zr\u0119bu Przy zakupie dw\u00f3ch opakowa\u0144 cementu Allcem Core, trzecie opakowanie otrzymasz gratis* *Gratis wysy\u0142any z biura Poldent. Allcem Core &#8211; cement do kompleksowej odbudowy zr\u0119bu Allcem Core to podw\u00f3jnie utwardzalny cement \u017cywiczny, kt\u00f3ry mo\u017ce spe\u0142nia\u0107 3 procedury w 1 produkcie. Cement umo\u017cliwia cementowanie wk\u0142ad\u00f3w i s\u0142u\u017cy r\u00f3wnie\u017c do odbudowy zr\u0119bu. Wskazania: ostateczne cementowanie przygotowanie korony lub odbudowy zr\u0119bu Zalety produktu: doskona\u0142a lepko\u015b\u0107: zr\u00f3wnowa\u017cony przep\u0142yw umo\u017cliwia \u0142atw\u0105 odbudow\u0119 zr\u0119bu i cementowanie wk\u0142ad\u00f3w i koron wysoka odporno\u015b\u0107 na zginanie i \u015bciskanie dost\u0119pne w kolorach A1, A2, A3 lub Opaque Pearl, aby spe\u0142ni\u0107 r\u00f3\u017cne wymagania estetyczne Dost\u0119pne kolory: A1, A2, A3, OP Uwaga! Prosimy o podanie wybranych kolor\u00f3w w komentarzu do zam\u00f3wienia. Opakowanie zawiera: strzykawk\u0119 o pojemno\u015bci 6g.<\/p>\n<p>Wyposa\u017cenie medyczne<\/p>\n<p>syrop z mniszka, dzikie jagody, mmst, d\u017cem owocowy, wafle nadziewane, swich, bia\u0142ko grochu, naturalne \u015brodki nasenne, masc zywokostowa na b\u00f3l kolana, twar\u00f3g chudy bez laktozy, e621 glutaminian sodu, tarka microplane, komosa ry\u017cowa co to jest, po\u015bciel bawe\u0142na piruu co to jest, czy pesto mo\u017cna mrozi\u0107, dieta woda z cytryn\u0105<\/p>\n<p>yyyyy<\/p>\n","protected":false},"excerpt":{"rendered":"<p>PROMOCJA 2+1! Allcem Core cement do odbudowy zr\u0119bu Przy zakupie dw\u00f3ch opakowa\u0144 cementu Allcem Core, trzecie opakowanie otrzymasz gratis* *Gratis&hellip;<\/p>\n","protected":false},"featured_media":7607,"comment_status":"closed","ping_status":"open","template":"","meta":[],"product_cat":[87],"product_tag":[620,739,641],"class_list":["post-7606","product","type-product","status-publish","has-post-thumbnail","hentry","product_cat-herbata","product_tag-kielbasa-wiejska","product_tag-makaron-sojowy-indeks-glikemiczny","product_tag-smieci-w-oceanach"],"_links":{"self":[{"href":"https:\/\/wegeblw.pl\/index.php\/wp-json\/wp\/v2\/product\/7606","targetHints":{"allow":["GET"]}}],"collection":[{"href":"https:\/\/wegeblw.pl\/index.php\/wp-json\/wp\/v2\/product"}],"about":[{"href":"https:\/\/wegeblw.pl\/index.php\/wp-json\/wp\/v2\/types\/product"}],"replies":[{"embeddable":true,"href":"https:\/\/wegeblw.pl\/index.php\/wp-json\/wp\/v2\/comments?post=7606"}],"wp:featuredmedia":[{"embeddable":true,"href":"https:\/\/wegeblw.pl\/index.php\/wp-json\/wp\/v2\/media\/7607"}],"wp:attachment":[{"href":"https:\/\/wegeblw.pl\/index.php\/wp-json\/wp\/v2\/media?parent=7606"}],"wp:term":[{"taxonomy":"product_cat","embeddable":true,"href":"https:\/\/wegeblw.pl\/index.php\/wp-json\/wp\/v2\/product_cat?post=7606"},{"taxonomy":"product_tag","embeddable":true,"href":"https:\/\/wegeblw.pl\/index.php\/wp-json\/wp\/v2\/product_tag?post=7606"}],"curies":[{"name":"wp","href":"https:\/\/api.w.org\/{rel}","templated":true}]}}