{"id":761,"date":"2021-04-17T13:57:13","date_gmt":"2021-04-17T11:57:13","guid":{"rendered":"https:\/\/wegeblw.pl\/index.php\/produkt\/hobbydog-materac-legowisko-kanapa-dla-psa-duzy-xl-115x78\/"},"modified":"2026-04-10T05:51:53","modified_gmt":"2026-04-10T03:51:53","slug":"hobbydog-materac-legowisko-kanapa-dla-psa-duzy-xl-115x78","status":"publish","type":"product","link":"https:\/\/wegeblw.pl\/index.php\/produkt\/hobbydog-materac-legowisko-kanapa-dla-psa-duzy-xl-115x78\/","title":{"rendered":"Hobbydog Materac Legowisko Kanapa Dla Psa Du\u017cy Xl 115X78"},"content":{"rendered":"<p>Thorne Iso-Phos Izolat Fosfatydyloseryny 60Vkaps<\/p>\n<p>Uk\u0142ad nerwowy i pami\u0119\u0107<\/p>\n<p>schab w plastrach, nerkowiec orzech, olej z pestek dyni t\u0142oczony na zimno, tu\u0144czyk po angielsku, acai jagody, piwo bezalkoholowe a zdrowie, any\u017c w ci\u0105\u017cy, m\u0105ka z semoliny<\/p>\n<p>yyyyy<\/p>\n","protected":false},"excerpt":{"rendered":"<p>Thorne Iso-Phos Izolat Fosfatydyloseryny 60Vkaps Uk\u0142ad nerwowy i pami\u0119\u0107 schab w plastrach, nerkowiec orzech, olej z pestek dyni t\u0142oczony na&hellip;<\/p>\n","protected":false},"featured_media":762,"comment_status":"closed","ping_status":"open","template":"","meta":[],"product_cat":[92],"product_tag":[635,779,729,731,795],"class_list":["post-761","product","type-product","status-publish","has-post-thumbnail","hentry","product_cat-legowiska-dla-psow","product_tag-4-her","product_tag-jak-gotowac-komose","product_tag-kurkuma-jak-stosowac","product_tag-margaryna-bez-oleju-palmowego","product_tag-wino-bez-siarczanow"],"_links":{"self":[{"href":"https:\/\/wegeblw.pl\/index.php\/wp-json\/wp\/v2\/product\/761","targetHints":{"allow":["GET"]}}],"collection":[{"href":"https:\/\/wegeblw.pl\/index.php\/wp-json\/wp\/v2\/product"}],"about":[{"href":"https:\/\/wegeblw.pl\/index.php\/wp-json\/wp\/v2\/types\/product"}],"replies":[{"embeddable":true,"href":"https:\/\/wegeblw.pl\/index.php\/wp-json\/wp\/v2\/comments?post=761"}],"wp:featuredmedia":[{"embeddable":true,"href":"https:\/\/wegeblw.pl\/index.php\/wp-json\/wp\/v2\/media\/762"}],"wp:attachment":[{"href":"https:\/\/wegeblw.pl\/index.php\/wp-json\/wp\/v2\/media?parent=761"}],"wp:term":[{"taxonomy":"product_cat","embeddable":true,"href":"https:\/\/wegeblw.pl\/index.php\/wp-json\/wp\/v2\/product_cat?post=761"},{"taxonomy":"product_tag","embeddable":true,"href":"https:\/\/wegeblw.pl\/index.php\/wp-json\/wp\/v2\/product_tag?post=761"}],"curies":[{"name":"wp","href":"https:\/\/api.w.org\/{rel}","templated":true}]}}