{"id":7628,"date":"2025-04-23T04:02:36","date_gmt":"2025-04-23T02:02:36","guid":{"rendered":"https:\/\/wegeblw.pl\/?post_type=product&#038;p=7628"},"modified":"2026-04-10T03:20:46","modified_gmt":"2026-04-10T01:20:46","slug":"tolpa-natureon-hemp-white-pasta-do-zebow-100ml","status":"publish","type":"product","link":"https:\/\/wegeblw.pl\/index.php\/produkt\/tolpa-natureon-hemp-white-pasta-do-zebow-100ml\/","title":{"rendered":"To\u0142pa natureON Hemp White pasta do z\u0119b\u00f3w 100ml"},"content":{"rendered":"<p>Suplementy na odchudzanie<\/p>\n<p>mleka ro\u015blinne, tortilla pszenna, babalski sklep, zepsuty ocet jab\u0142kowy, chrupki pizza, kostki roso\u0142owe bio<\/p>\n<p>yyyyy<\/p>\n","protected":false},"excerpt":{"rendered":"<p>Suplementy na odchudzanie mleka ro\u015blinne, tortilla pszenna, babalski sklep, zepsuty ocet jab\u0142kowy, chrupki pizza, kostki roso\u0142owe bio yyyyy<\/p>\n","protected":false},"featured_media":7629,"comment_status":"closed","ping_status":"open","template":"","meta":[],"product_cat":[88],"product_tag":[778,636,855,741,669],"class_list":["post-7628","product","type-product","status-publish","has-post-thumbnail","hentry","product_cat-pasty-do-zebow","product_tag-burak","product_tag-farma-zdrowia","product_tag-kozie-mleko","product_tag-rafinowany-olej-kokosowy","product_tag-vigo-kombucha"],"_links":{"self":[{"href":"https:\/\/wegeblw.pl\/index.php\/wp-json\/wp\/v2\/product\/7628","targetHints":{"allow":["GET"]}}],"collection":[{"href":"https:\/\/wegeblw.pl\/index.php\/wp-json\/wp\/v2\/product"}],"about":[{"href":"https:\/\/wegeblw.pl\/index.php\/wp-json\/wp\/v2\/types\/product"}],"replies":[{"embeddable":true,"href":"https:\/\/wegeblw.pl\/index.php\/wp-json\/wp\/v2\/comments?post=7628"}],"wp:featuredmedia":[{"embeddable":true,"href":"https:\/\/wegeblw.pl\/index.php\/wp-json\/wp\/v2\/media\/7629"}],"wp:attachment":[{"href":"https:\/\/wegeblw.pl\/index.php\/wp-json\/wp\/v2\/media?parent=7628"}],"wp:term":[{"taxonomy":"product_cat","embeddable":true,"href":"https:\/\/wegeblw.pl\/index.php\/wp-json\/wp\/v2\/product_cat?post=7628"},{"taxonomy":"product_tag","embeddable":true,"href":"https:\/\/wegeblw.pl\/index.php\/wp-json\/wp\/v2\/product_tag?post=7628"}],"curies":[{"name":"wp","href":"https:\/\/api.w.org\/{rel}","templated":true}]}}