{"id":7634,"date":"2015-05-22T05:37:51","date_gmt":"2015-05-22T03:37:51","guid":{"rendered":"https:\/\/wegeblw.pl\/index.php\/produkt\/tolpa-odzywianie-odzywczy-krem-wygladzajacy-50-ml\/"},"modified":"2026-04-07T02:50:23","modified_gmt":"2026-04-07T00:50:23","slug":"tolpa-odzywianie-odzywczy-krem-wygladzajacy-50-ml","status":"publish","type":"product","link":"https:\/\/wegeblw.pl\/index.php\/produkt\/tolpa-odzywianie-odzywczy-krem-wygladzajacy-50-ml\/","title":{"rendered":"to\u0142pa. od\u017cywianie, od\u017cywczy krem wyg\u0142adzaj\u0105cy 50 ml"},"content":{"rendered":"<p>ostr\u00f3\u017ceczka. Wyst\u0119puje dziko w \u015brodkowej Europie. W Polsce jest powszechny na wszystkich r\u00f3wninach. Jest we florze Polski ro\u015blin\u0105 przybyszow\u0105.<\/p>\n<p>Zio\u0142a i herbaty lecznicze<\/p>\n<p>platki b\u0142yskawiczne, witamina i zio\u0142o, odpowiedni poziom cukru, m\u0105ka orkiszowa typ 1850 do czego, quinoa jak gotowa\u0107, organizm bez pasozytow, ciasto lekkostrawne, gynostemma opinie, mas\u0142o orzechowe bio, syrop neera opinie, mi\u00f3d z malin\u0105, veggs, banan blue java gdzie kupi\u0107, trapa, chlorella opinie lekarzy, epson s\u00f3l<\/p>\n<p>yyyyy<\/p>\n","protected":false},"excerpt":{"rendered":"<p>ostr\u00f3\u017ceczka. Wyst\u0119puje dziko w \u015brodkowej Europie. W Polsce jest powszechny na wszystkich r\u00f3wninach. Jest we florze Polski ro\u015blin\u0105 przybyszow\u0105. Zio\u0142a&hellip;<\/p>\n","protected":false},"featured_media":7635,"comment_status":"closed","ping_status":"open","template":"","meta":[],"product_cat":[39],"product_tag":[634,833,866],"class_list":["post-7634","product","type-product","status-publish","has-post-thumbnail","hentry","product_cat-kremy-do-twarzy","product_tag-amarantus","product_tag-maka-orkiszowa","product_tag-siemie-lniane-do-picia"],"_links":{"self":[{"href":"https:\/\/wegeblw.pl\/index.php\/wp-json\/wp\/v2\/product\/7634","targetHints":{"allow":["GET"]}}],"collection":[{"href":"https:\/\/wegeblw.pl\/index.php\/wp-json\/wp\/v2\/product"}],"about":[{"href":"https:\/\/wegeblw.pl\/index.php\/wp-json\/wp\/v2\/types\/product"}],"replies":[{"embeddable":true,"href":"https:\/\/wegeblw.pl\/index.php\/wp-json\/wp\/v2\/comments?post=7634"}],"wp:featuredmedia":[{"embeddable":true,"href":"https:\/\/wegeblw.pl\/index.php\/wp-json\/wp\/v2\/media\/7635"}],"wp:attachment":[{"href":"https:\/\/wegeblw.pl\/index.php\/wp-json\/wp\/v2\/media?parent=7634"}],"wp:term":[{"taxonomy":"product_cat","embeddable":true,"href":"https:\/\/wegeblw.pl\/index.php\/wp-json\/wp\/v2\/product_cat?post=7634"},{"taxonomy":"product_tag","embeddable":true,"href":"https:\/\/wegeblw.pl\/index.php\/wp-json\/wp\/v2\/product_tag?post=7634"}],"curies":[{"name":"wp","href":"https:\/\/api.w.org\/{rel}","templated":true}]}}