{"id":7638,"date":"2023-04-15T05:10:42","date_gmt":"2023-04-15T03:10:42","guid":{"rendered":"https:\/\/wegeblw.pl\/?post_type=product&#038;p=7638"},"modified":"2026-04-08T09:51:19","modified_gmt":"2026-04-08T07:51:19","slug":"tolpa-witalizacja-regenerujaca-calonocna-maska-krem-witalizujaca-50-ml","status":"publish","type":"product","link":"https:\/\/wegeblw.pl\/index.php\/produkt\/tolpa-witalizacja-regenerujaca-calonocna-maska-krem-witalizujaca-50-ml\/","title":{"rendered":"to\u0142pa. witalizacja. regeneruj\u0105ca ca\u0142onocna maska-krem witalizuj\u0105ca 50 ml"},"content":{"rendered":"<p>Homeopatyczny produkt leczniczy, kt\u00f3ry nie posiadawskaza\u0144 leczniczych. Lek ten mo\u017cna stosowa\u0107 w leczeniu r\u00f3\u017cnych chor\u00f3b.Ze wzgl\u0119du na szerokie zastosowanie do leku nie dodaje si\u0119 ulotki, aniinformacji zwi\u0105zanych ze sposobem dawkowania.<\/p>\n<p>Homeopatia<\/p>\n<p>kwiat geranium, mielona kozieradka, organic farma zdrowia warszawa, i do my best, kawa bezkofeinowa lidl, d3k2mk7<\/p>\n<p>yyyyy<\/p>\n","protected":false},"excerpt":{"rendered":"<p>Homeopatyczny produkt leczniczy, kt\u00f3ry nie posiadawskaza\u0144 leczniczych. Lek ten mo\u017cna stosowa\u0107 w leczeniu r\u00f3\u017cnych chor\u00f3b.Ze wzgl\u0119du na szerokie zastosowanie do&hellip;<\/p>\n","protected":false},"featured_media":7639,"comment_status":"closed","ping_status":"open","template":"","meta":[],"product_cat":[38],"product_tag":[877,698,785,622],"class_list":["post-7638","product","type-product","status-publish","has-post-thumbnail","hentry","product_cat-maseczki","product_tag-bita-smietana-bez-laktozy","product_tag-kurczak-ekologiczny","product_tag-riyal-green","product_tag-vege-mieso"],"_links":{"self":[{"href":"https:\/\/wegeblw.pl\/index.php\/wp-json\/wp\/v2\/product\/7638","targetHints":{"allow":["GET"]}}],"collection":[{"href":"https:\/\/wegeblw.pl\/index.php\/wp-json\/wp\/v2\/product"}],"about":[{"href":"https:\/\/wegeblw.pl\/index.php\/wp-json\/wp\/v2\/types\/product"}],"replies":[{"embeddable":true,"href":"https:\/\/wegeblw.pl\/index.php\/wp-json\/wp\/v2\/comments?post=7638"}],"wp:featuredmedia":[{"embeddable":true,"href":"https:\/\/wegeblw.pl\/index.php\/wp-json\/wp\/v2\/media\/7639"}],"wp:attachment":[{"href":"https:\/\/wegeblw.pl\/index.php\/wp-json\/wp\/v2\/media?parent=7638"}],"wp:term":[{"taxonomy":"product_cat","embeddable":true,"href":"https:\/\/wegeblw.pl\/index.php\/wp-json\/wp\/v2\/product_cat?post=7638"},{"taxonomy":"product_tag","embeddable":true,"href":"https:\/\/wegeblw.pl\/index.php\/wp-json\/wp\/v2\/product_tag?post=7638"}],"curies":[{"name":"wp","href":"https:\/\/api.w.org\/{rel}","templated":true}]}}