{"id":7646,"date":"2014-05-07T06:50:00","date_gmt":"2014-05-07T04:50:00","guid":{"rendered":"https:\/\/wegeblw.pl\/index.php\/produkt\/bell-tusz-do-rzes-wydluzajacy-zoom-zoom-czarny-10ml\/"},"modified":"2026-04-09T04:11:29","modified_gmt":"2026-04-09T02:11:29","slug":"bell-tusz-do-rzes-wydluzajacy-zoom-zoom-czarny-10ml","status":"publish","type":"product","link":"https:\/\/wegeblw.pl\/index.php\/produkt\/bell-tusz-do-rzes-wydluzajacy-zoom-zoom-czarny-10ml\/","title":{"rendered":"Bell Tusz do rz\u0119s wyd\u0142u\u017caj\u0105cy Zoom Zoom czarny 10ml"},"content":{"rendered":"<p>Thorne Iso-Phos Izolat Fosfatydyloseryny 60Vkaps<\/p>\n<p>Uk\u0142ad nerwowy i pami\u0119\u0107<\/p>\n<p>schab w plastrach, nerkowiec orzech, olej z pestek dyni t\u0142oczony na zimno, tu\u0144czyk po angielsku, acai jagody, piwo bezalkoholowe a zdrowie, any\u017c w ci\u0105\u017cy, m\u0105ka z semoliny<\/p>\n<p>yyyyy<\/p>\n","protected":false},"excerpt":{"rendered":"<p>Thorne Iso-Phos Izolat Fosfatydyloseryny 60Vkaps Uk\u0142ad nerwowy i pami\u0119\u0107 schab w plastrach, nerkowiec orzech, olej z pestek dyni t\u0142oczony na&hellip;<\/p>\n","protected":false},"featured_media":7647,"comment_status":"closed","ping_status":"open","template":"","meta":[],"product_cat":[64],"product_tag":[834,737,738,685],"class_list":["post-7646","product","type-product","status-publish","has-post-thumbnail","hentry","product_cat-tusze-do-rzes","product_tag-biosaurus","product_tag-jablka-jonaprince","product_tag-mieso-bio","product_tag-sekacz-skad-pochodzi"],"_links":{"self":[{"href":"https:\/\/wegeblw.pl\/index.php\/wp-json\/wp\/v2\/product\/7646","targetHints":{"allow":["GET"]}}],"collection":[{"href":"https:\/\/wegeblw.pl\/index.php\/wp-json\/wp\/v2\/product"}],"about":[{"href":"https:\/\/wegeblw.pl\/index.php\/wp-json\/wp\/v2\/types\/product"}],"replies":[{"embeddable":true,"href":"https:\/\/wegeblw.pl\/index.php\/wp-json\/wp\/v2\/comments?post=7646"}],"wp:featuredmedia":[{"embeddable":true,"href":"https:\/\/wegeblw.pl\/index.php\/wp-json\/wp\/v2\/media\/7647"}],"wp:attachment":[{"href":"https:\/\/wegeblw.pl\/index.php\/wp-json\/wp\/v2\/media?parent=7646"}],"wp:term":[{"taxonomy":"product_cat","embeddable":true,"href":"https:\/\/wegeblw.pl\/index.php\/wp-json\/wp\/v2\/product_cat?post=7646"},{"taxonomy":"product_tag","embeddable":true,"href":"https:\/\/wegeblw.pl\/index.php\/wp-json\/wp\/v2\/product_tag?post=7646"}],"curies":[{"name":"wp","href":"https:\/\/api.w.org\/{rel}","templated":true}]}}