{"id":765,"date":"2023-02-20T14:05:00","date_gmt":"2023-02-20T13:05:00","guid":{"rendered":"https:\/\/wegeblw.pl\/?post_type=product&#038;p=765"},"modified":"2026-04-07T08:35:23","modified_gmt":"2026-04-07T06:35:23","slug":"dreamies-mega-zestaw-mix-przysmakow-dla-kota-16x60g-kurczak-losos-ser-wolowina","status":"publish","type":"product","link":"https:\/\/wegeblw.pl\/index.php\/produkt\/dreamies-mega-zestaw-mix-przysmakow-dla-kota-16x60g-kurczak-losos-ser-wolowina\/","title":{"rendered":"DREAMIES mega zestaw mix przysmak\u00f3w dla kota 16x60g (kurczak, \u0142oso\u015b, ser, wo\u0142owina)"},"content":{"rendered":"<p>Zdrowie. Diagnostyka, profilaktyka, bezpiecze\u0144stw<\/p>\n<p>Zdrowie i diety<\/p>\n<p>kolagen beauty me, wcale nie zio, cukier trzcinowy czy jest zdrowy, propolis krople 20, olejek z drzewa herbacianego etja, czerwona soczewica jak gotowa\u0107, p\u0142atki kosmetyczne dla dzieci, m\u0105ka orkiszowa ig, szampon do w\u0142os\u00f3w blond, quinoa gotowanie, maczki cukierki, czarny krzemie\u0144 do wody, pasta red curry, easy candle, naticol kolagen, jaki olej na w\u0142osy, co to jest kapar, zakwasownia garnizon, kasza gryczana sk\u0142ad, zakupy spo\u017cywcze online wroc\u0142aw, rolada jablkowa<\/p>\n<p><a href=\"https:\/\/aft.pl\" rel=\"nofollow\">armatura pozna\u0144<\/a><\/p>\n","protected":false},"excerpt":{"rendered":"<p>Zdrowie. Diagnostyka, profilaktyka, bezpiecze\u0144stw Zdrowie i diety kolagen beauty me, wcale nie zio, cukier trzcinowy czy jest zdrowy, propolis krople&hellip;<\/p>\n","protected":false},"featured_media":766,"comment_status":"closed","ping_status":"open","template":"","meta":[],"product_cat":[46],"product_tag":[666,746,803,757,641,683],"class_list":["post-765","product","type-product","status-publish","has-post-thumbnail","hentry","product_cat-karmy-dla-kotow","product_tag-lody-haagen-dazs","product_tag-majonez-byodo","product_tag-rodzaje-orzechow","product_tag-roslinny-qurczak","product_tag-smieci-w-oceanach","product_tag-ziola-regenerujace-nadnercza"],"_links":{"self":[{"href":"https:\/\/wegeblw.pl\/index.php\/wp-json\/wp\/v2\/product\/765","targetHints":{"allow":["GET"]}}],"collection":[{"href":"https:\/\/wegeblw.pl\/index.php\/wp-json\/wp\/v2\/product"}],"about":[{"href":"https:\/\/wegeblw.pl\/index.php\/wp-json\/wp\/v2\/types\/product"}],"replies":[{"embeddable":true,"href":"https:\/\/wegeblw.pl\/index.php\/wp-json\/wp\/v2\/comments?post=765"}],"wp:featuredmedia":[{"embeddable":true,"href":"https:\/\/wegeblw.pl\/index.php\/wp-json\/wp\/v2\/media\/766"}],"wp:attachment":[{"href":"https:\/\/wegeblw.pl\/index.php\/wp-json\/wp\/v2\/media?parent=765"}],"wp:term":[{"taxonomy":"product_cat","embeddable":true,"href":"https:\/\/wegeblw.pl\/index.php\/wp-json\/wp\/v2\/product_cat?post=765"},{"taxonomy":"product_tag","embeddable":true,"href":"https:\/\/wegeblw.pl\/index.php\/wp-json\/wp\/v2\/product_tag?post=765"}],"curies":[{"name":"wp","href":"https:\/\/api.w.org\/{rel}","templated":true}]}}