{"id":7654,"date":"2022-10-04T13:33:26","date_gmt":"2022-10-04T11:33:26","guid":{"rendered":"https:\/\/wegeblw.pl\/index.php\/produkt\/christian-dior-prestige-la-creme-texture-essentielle-krem-do-twarzy-na-dzien-15-ml\/"},"modified":"2026-04-07T05:12:04","modified_gmt":"2026-04-07T03:12:04","slug":"christian-dior-prestige-la-creme-texture-essentielle-krem-do-twarzy-na-dzien-15-ml","status":"publish","type":"product","link":"https:\/\/wegeblw.pl\/index.php\/produkt\/christian-dior-prestige-la-creme-texture-essentielle-krem-do-twarzy-na-dzien-15-ml\/","title":{"rendered":"Christian Dior Prestige La Cr\u00e9me Texture Essentielle Krem Do Twarzy Na Dzie\u0144 15 Ml"},"content":{"rendered":"<p>Air Optix + Hg for Astigmatism 3 -10,00; -2,25 140<\/p>\n<p>Soczewki kontaktowe<\/p>\n<p>gold vit d3 k2 4000, cukier a cukier puder, melasa z trzciny cukrowej w\u0142a\u015bciwo\u015bci, \u017celazo kwas foliowy, ile gotuje si\u0119 kasza j\u0119czmienna, yerba mate palo santo, korze\u0144 traganka b\u0142oniastego, wyst\u0119powanie witaminy d<\/p>\n<p>yyyyy<\/p>\n","protected":false},"excerpt":{"rendered":"<p>Air Optix + Hg for Astigmatism 3 -10,00; -2,25 140 Soczewki kontaktowe gold vit d3 k2 4000, cukier a cukier&hellip;<\/p>\n","protected":false},"featured_media":7655,"comment_status":"closed","ping_status":"open","template":"","meta":[],"product_cat":[39],"product_tag":[880,879,781,803,641],"class_list":["post-7654","product","type-product","status-publish","has-post-thumbnail","hentry","product_cat-kremy-do-twarzy","product_tag-kotlet-weganski-linda-mccartney","product_tag-makaron-konjak","product_tag-primabiotic-collagen","product_tag-rodzaje-orzechow","product_tag-smieci-w-oceanach"],"_links":{"self":[{"href":"https:\/\/wegeblw.pl\/index.php\/wp-json\/wp\/v2\/product\/7654","targetHints":{"allow":["GET"]}}],"collection":[{"href":"https:\/\/wegeblw.pl\/index.php\/wp-json\/wp\/v2\/product"}],"about":[{"href":"https:\/\/wegeblw.pl\/index.php\/wp-json\/wp\/v2\/types\/product"}],"replies":[{"embeddable":true,"href":"https:\/\/wegeblw.pl\/index.php\/wp-json\/wp\/v2\/comments?post=7654"}],"wp:featuredmedia":[{"embeddable":true,"href":"https:\/\/wegeblw.pl\/index.php\/wp-json\/wp\/v2\/media\/7655"}],"wp:attachment":[{"href":"https:\/\/wegeblw.pl\/index.php\/wp-json\/wp\/v2\/media?parent=7654"}],"wp:term":[{"taxonomy":"product_cat","embeddable":true,"href":"https:\/\/wegeblw.pl\/index.php\/wp-json\/wp\/v2\/product_cat?post=7654"},{"taxonomy":"product_tag","embeddable":true,"href":"https:\/\/wegeblw.pl\/index.php\/wp-json\/wp\/v2\/product_tag?post=7654"}],"curies":[{"name":"wp","href":"https:\/\/api.w.org\/{rel}","templated":true}]}}