{"id":7660,"date":"2012-12-08T07:33:25","date_gmt":"2012-12-08T06:33:25","guid":{"rendered":"https:\/\/wegeblw.pl\/index.php\/produkt\/tolpa-naczynka-wzmacniajacy-krem-redukujacy-zaczerwienienia-50-ml\/"},"modified":"2026-04-08T06:26:27","modified_gmt":"2026-04-08T04:26:27","slug":"tolpa-naczynka-wzmacniajacy-krem-redukujacy-zaczerwienienia-50-ml","status":"publish","type":"product","link":"https:\/\/wegeblw.pl\/index.php\/produkt\/tolpa-naczynka-wzmacniajacy-krem-redukujacy-zaczerwienienia-50-ml\/","title":{"rendered":"to\u0142pa. naczynka, wzmacniaj\u0105cy krem redukuj\u0105cy zaczerwienienia 50 ml"},"content":{"rendered":"<p>Szyba w kolorze Prizm Road Black do okular\u00f3w Oakley Jawbreaker.W sk\u0142ad zestawu wchodzi:- szyba Prizm Road (przepuszczalno\u015b\u0107 \u015bwiat\u0142a: 11%)- fabryczny foliopak<\/p>\n<p>Akcesoria do okular\u00f3w<\/p>\n<p>olejek z brzozy, s\u00f3l gorzka w\u0142a\u015bciwo\u015bci, fasolka w zalewie, olej z zarodk\u00f3w pszennych, burger wega\u0144ski, niacyna tabletki, olej rzepakowy 5l, dyfuzor ultrad\u017awi\u0119kowy do olejk\u00f3w eterycznych, trzy cechy alfy i omegi, yerba mate sklep krak\u00f3w, podpaski gentle day, olejek z kozieradki, quinoa sklep, czy sezam jest zdrowy, dzia\u0142anie aloesu<\/p>\n<p><a href=\"https:\/\/wrolety.pl\/product\/roleta-wolnowiszaca\/\">http:\/\/www.wrolety.pl\/product\/roleta-wolnowiszaca\/<\/a><\/p>\n","protected":false},"excerpt":{"rendered":"<p>Szyba w kolorze Prizm Road Black do okular\u00f3w Oakley Jawbreaker.W sk\u0142ad zestawu wchodzi:- szyba Prizm Road (przepuszczalno\u015b\u0107 \u015bwiat\u0142a: 11%)- fabryczny&hellip;<\/p>\n","protected":false},"featured_media":7661,"comment_status":"closed","ping_status":"open","template":"","meta":[],"product_cat":[39],"product_tag":[747,708,735,732],"class_list":["post-7660","product","type-product","status-publish","has-post-thumbnail","hentry","product_cat-kremy-do-twarzy","product_tag-guma-guar-co-to","product_tag-kurkuma-przyprawa-jak-stosowac","product_tag-na-dobranoc","product_tag-produkty-bez-laktozy"],"_links":{"self":[{"href":"https:\/\/wegeblw.pl\/index.php\/wp-json\/wp\/v2\/product\/7660","targetHints":{"allow":["GET"]}}],"collection":[{"href":"https:\/\/wegeblw.pl\/index.php\/wp-json\/wp\/v2\/product"}],"about":[{"href":"https:\/\/wegeblw.pl\/index.php\/wp-json\/wp\/v2\/types\/product"}],"replies":[{"embeddable":true,"href":"https:\/\/wegeblw.pl\/index.php\/wp-json\/wp\/v2\/comments?post=7660"}],"wp:featuredmedia":[{"embeddable":true,"href":"https:\/\/wegeblw.pl\/index.php\/wp-json\/wp\/v2\/media\/7661"}],"wp:attachment":[{"href":"https:\/\/wegeblw.pl\/index.php\/wp-json\/wp\/v2\/media?parent=7660"}],"wp:term":[{"taxonomy":"product_cat","embeddable":true,"href":"https:\/\/wegeblw.pl\/index.php\/wp-json\/wp\/v2\/product_cat?post=7660"},{"taxonomy":"product_tag","embeddable":true,"href":"https:\/\/wegeblw.pl\/index.php\/wp-json\/wp\/v2\/product_tag?post=7660"}],"curies":[{"name":"wp","href":"https:\/\/api.w.org\/{rel}","templated":true}]}}