{"id":7664,"date":"2018-05-17T22:38:02","date_gmt":"2018-05-17T20:38:02","guid":{"rendered":"https:\/\/wegeblw.pl\/index.php\/produkt\/indian-saffron-cream-krem-z-szafranem-dla-cery-dojrzalej-50-ml\/"},"modified":"2026-04-10T04:26:28","modified_gmt":"2026-04-10T02:26:28","slug":"indian-saffron-cream-krem-z-szafranem-dla-cery-dojrzalej-50-ml","status":"publish","type":"product","link":"https:\/\/wegeblw.pl\/index.php\/produkt\/indian-saffron-cream-krem-z-szafranem-dla-cery-dojrzalej-50-ml\/","title":{"rendered":"Indian Saffron Cream krem z szafranem dla cery dojrza\u0142ej 50 ml"},"content":{"rendered":"<p>System opakowa\u0144 BioProtect1500 mg glukozaminyWegetaria\u0144skiBez skorupiak\u00f3wSuplement diety pe\u0142nowarto\u015bciowyWzmocnienie nadzwyczajnego zdrowiaMisj\u0105 Garden of Life jest wzmacnianie niezwyk\u0142ego zdrowia. Aby wype\u0142ni\u0107 t\u0119 misj\u0119, tworzymy naturalne i skuteczne pe\u0142nowarto\u015bciowe produkty spo\u017cywcze, kt\u00f3re promuj\u0105 zdrowie.Ochrona szerokiego spektrumFYI ULTRA to formu\u0142a o szerokim spektrum dzia\u0142ania na stawy i chrz\u0105stki, wykonana z glukozaminy i silnych sk\u0142adnik\u00f3w przeciwutleniaj\u0105cych, kt\u00f3re wspieraj\u0105 zdrowie staw\u00f3w i tkanki \u0142\u0105cznej.1500 mg glukozaminy wolnej od skorupiak\u00f3w w dziennej porcjiKurkumina w kurkumie wspiera prawid\u0142ow\u0105 obj\u0119to\u015b\u0107 staw\u00f3w i otaczaj\u0105cych tkanek oraz pomaga zoptymalizowa\u0107 poziom enzym\u00f3w, kt\u00f3re normalnie uczestnicz\u0105 w ochronnej odpowiedzi tkanekGranat ma wyj\u0105tkowy profil antyoksydacyjny, kt\u00f3ry wspiera odporno\u015b\u0107 organizmu na uszkodzenia przez wolne rodniki w r\u00f3\u017cnych tkankach, w tym w tkance chrz\u0119stnejAstaksantyna z czerwonych mikroalg wraz z selenem i Boswellia serrata zapewniaj\u0105 wsparcie antyoksydacyjne dla zdrowia tkanek staw\u00f3w<\/p>\n<p>Stawy mi\u0119\u015bnie i ko\u015bci<\/p>\n<p>p\u0142yn do k\u0105pieli od 1 dnia \u017cycia, miod dla babci, bio olej konopny, sawex foods, siarczan magnezu do picia, popping z amarantusa lidl, slodkie mleko<\/p>\n<p><a href=\"https:\/\/krolewskie-miody.pl\/kategoria-produktu\/miody\/\" rel=\"nofollow\">https:\/\/krolewskie-miody.pl\/kategoria-produktu\/miody\/<\/a><\/p>\n","protected":false},"excerpt":{"rendered":"<p>System opakowa\u0144 BioProtect1500 mg glukozaminyWegetaria\u0144skiBez skorupiak\u00f3wSuplement diety pe\u0142nowarto\u015bciowyWzmocnienie nadzwyczajnego zdrowiaMisj\u0105 Garden of Life jest wzmacnianie niezwyk\u0142ego zdrowia. Aby wype\u0142ni\u0107 t\u0119&hellip;<\/p>\n","protected":false},"featured_media":7665,"comment_status":"closed","ping_status":"open","template":"","meta":[],"product_cat":[39],"product_tag":[824,839,807,699],"class_list":["post-7664","product","type-product","status-publish","has-post-thumbnail","hentry","product_cat-kremy-do-twarzy","product_tag-miso-pasta","product_tag-mleko-niepasteryzowane","product_tag-siemie-lniane-na-co-pomaga","product_tag-sok-z-cytryn"],"_links":{"self":[{"href":"https:\/\/wegeblw.pl\/index.php\/wp-json\/wp\/v2\/product\/7664","targetHints":{"allow":["GET"]}}],"collection":[{"href":"https:\/\/wegeblw.pl\/index.php\/wp-json\/wp\/v2\/product"}],"about":[{"href":"https:\/\/wegeblw.pl\/index.php\/wp-json\/wp\/v2\/types\/product"}],"replies":[{"embeddable":true,"href":"https:\/\/wegeblw.pl\/index.php\/wp-json\/wp\/v2\/comments?post=7664"}],"wp:featuredmedia":[{"embeddable":true,"href":"https:\/\/wegeblw.pl\/index.php\/wp-json\/wp\/v2\/media\/7665"}],"wp:attachment":[{"href":"https:\/\/wegeblw.pl\/index.php\/wp-json\/wp\/v2\/media?parent=7664"}],"wp:term":[{"taxonomy":"product_cat","embeddable":true,"href":"https:\/\/wegeblw.pl\/index.php\/wp-json\/wp\/v2\/product_cat?post=7664"},{"taxonomy":"product_tag","embeddable":true,"href":"https:\/\/wegeblw.pl\/index.php\/wp-json\/wp\/v2\/product_tag?post=7664"}],"curies":[{"name":"wp","href":"https:\/\/api.w.org\/{rel}","templated":true}]}}