{"id":7674,"date":"2014-02-19T14:46:05","date_gmt":"2014-02-19T13:46:05","guid":{"rendered":"https:\/\/wegeblw.pl\/index.php\/produkt\/madara-cosmetics-zestaw-madara-sos-hydra-star-krem-nawilzajacy-50-ml-woda-micelarna-50-ml-serum-regenerujace-20-ml\/"},"modified":"2026-04-08T06:06:18","modified_gmt":"2026-04-08T04:06:18","slug":"madara-cosmetics-zestaw-madara-sos-hydra-star-krem-nawilzajacy-50-ml-woda-micelarna-50-ml-serum-regenerujace-20-ml","status":"publish","type":"product","link":"https:\/\/wegeblw.pl\/index.php\/produkt\/madara-cosmetics-zestaw-madara-sos-hydra-star-krem-nawilzajacy-50-ml-woda-micelarna-50-ml-serum-regenerujace-20-ml\/","title":{"rendered":"Madara Cosmetics Zestaw Madara Sos Hydra Star Krem Nawil\u017caj\u0105cy 50 Ml + Woda Micelarna 50 Ml + Serum Regeneruj\u0105ce 20 Ml"},"content":{"rendered":"<p>\u015aciereczka z mikrofibry z nadrukiem samochodu Mercedes 300 SL Gullwing. Okularnicy wiedz\u0105 doskonale, jak trudno utrzyma\u0107 w nienagannej czysto\u015bci noszone na co dzie\u0144 szk\u0142a. Idealna do czyszczenia zabrudzonych okular\u00f3w jest \u015bciereczka z mikrofibry, kt\u00f3ra nie pozostawia nieestetycznych zaciek\u00f3w i smug. \u015aciereczki do okular\u00f3w nie musz\u0105 by\u0107 nudne, lecz mog\u0105 posiada\u0107 stylowe grafiki z samochodami. Polecamy funkcjonalne i pi\u0119kne \u015bciereczki dla wszystkich, kt\u00f3rych pasj\u0105 jest motoryzacja. Samoch\u00f3d, klasyk lub legenda to ozdoba, kt\u00f3ra na \u015bciereczce prezentuje si\u0119 niezwykle szykownie i pokazuje wyczucie smaku jej w\u0142a\u015bciciela. Wszystkie grafiki s\u0105 autorstwa Krakowskiego artysty kt\u00f3ry dba o najmniejsze detale w rysowanych samochodach.<\/p>\n<p>Akcesoria do okular\u00f3w<\/p>\n<p>jak dokarmiac zakwas chlebowy, agawa, p5p swanson, wino wytrawne co to znaczy, aloes do picia w\u0142a\u015bciwo\u015bci, sklepy zdrowa \u017cywno\u015b\u0107<\/p>\n<p>yyyyy<\/p>\n","protected":false},"excerpt":{"rendered":"<p>\u015aciereczka z mikrofibry z nadrukiem samochodu Mercedes 300 SL Gullwing. Okularnicy wiedz\u0105 doskonale, jak trudno utrzyma\u0107 w nienagannej czysto\u015bci noszone&hellip;<\/p>\n","protected":false},"featured_media":7675,"comment_status":"closed","ping_status":"open","template":"","meta":[],"product_cat":[39],"product_tag":[775,817,685,795],"class_list":["post-7674","product","type-product","status-publish","has-post-thumbnail","hentry","product_cat-kremy-do-twarzy","product_tag-kwasna-smietana","product_tag-niepasteryzowane-mleko","product_tag-sekacz-skad-pochodzi","product_tag-wino-bez-siarczanow"],"_links":{"self":[{"href":"https:\/\/wegeblw.pl\/index.php\/wp-json\/wp\/v2\/product\/7674","targetHints":{"allow":["GET"]}}],"collection":[{"href":"https:\/\/wegeblw.pl\/index.php\/wp-json\/wp\/v2\/product"}],"about":[{"href":"https:\/\/wegeblw.pl\/index.php\/wp-json\/wp\/v2\/types\/product"}],"replies":[{"embeddable":true,"href":"https:\/\/wegeblw.pl\/index.php\/wp-json\/wp\/v2\/comments?post=7674"}],"wp:featuredmedia":[{"embeddable":true,"href":"https:\/\/wegeblw.pl\/index.php\/wp-json\/wp\/v2\/media\/7675"}],"wp:attachment":[{"href":"https:\/\/wegeblw.pl\/index.php\/wp-json\/wp\/v2\/media?parent=7674"}],"wp:term":[{"taxonomy":"product_cat","embeddable":true,"href":"https:\/\/wegeblw.pl\/index.php\/wp-json\/wp\/v2\/product_cat?post=7674"},{"taxonomy":"product_tag","embeddable":true,"href":"https:\/\/wegeblw.pl\/index.php\/wp-json\/wp\/v2\/product_tag?post=7674"}],"curies":[{"name":"wp","href":"https:\/\/api.w.org\/{rel}","templated":true}]}}