{"id":7684,"date":"2020-08-31T10:01:11","date_gmt":"2020-08-31T08:01:11","guid":{"rendered":"https:\/\/wegeblw.pl\/index.php\/produkt\/mades-cosmetics-krem-do-rak-i-paznokci-z-maslem-illipe-olejem-karanja-imbirem-oriental-wisdom-hand-cream-100ml\/"},"modified":"2026-04-08T04:49:16","modified_gmt":"2026-04-08T02:49:16","slug":"mades-cosmetics-krem-do-rak-i-paznokci-z-maslem-illipe-olejem-karanja-imbirem-oriental-wisdom-hand-cream-100ml","status":"publish","type":"product","link":"https:\/\/wegeblw.pl\/index.php\/produkt\/mades-cosmetics-krem-do-rak-i-paznokci-z-maslem-illipe-olejem-karanja-imbirem-oriental-wisdom-hand-cream-100ml\/","title":{"rendered":"Mades Cosmetics Krem Do R\u0105k I Paznokci Z Mas\u0142em Illipe, Olejem Karanja Imbirem &#8211; Oriental Wisdom Hand Cream 100ml"},"content":{"rendered":"<p>Samochody i motocykle<\/p>\n<p>ziele kozieradki, barszcz ukrai\u0144ski, wit d3 z lanoliny, jakie s\u0105 owoce morza, dlaczego jagody s\u0105 gorzkie, szczoteczka do z\u0119b\u00f3w bambusowa, gdzie mo\u017cna kupi\u0107 aloes, e412 szkodliwo\u015b\u0107, rose hips, vege keto, \u017celki halloween, kwiatostan kocanki, sk\u0142ad proszku do pieczenia<\/p>\n<p>yyyyy<\/p>\n","protected":false},"excerpt":{"rendered":"<p>Samochody i motocykle ziele kozieradki, barszcz ukrai\u0144ski, wit d3 z lanoliny, jakie s\u0105 owoce morza, dlaczego jagody s\u0105 gorzkie, szczoteczka&hellip;<\/p>\n","protected":false},"featured_media":7685,"comment_status":"closed","ping_status":"open","template":"","meta":[],"product_cat":[131],"product_tag":[728,622,707,683],"class_list":["post-7684","product","type-product","status-publish","has-post-thumbnail","hentry","product_cat-kosmetyki-do-rak","product_tag-roslinne-mieso","product_tag-vege-mieso","product_tag-wege-mieso","product_tag-ziola-regenerujace-nadnercza"],"_links":{"self":[{"href":"https:\/\/wegeblw.pl\/index.php\/wp-json\/wp\/v2\/product\/7684","targetHints":{"allow":["GET"]}}],"collection":[{"href":"https:\/\/wegeblw.pl\/index.php\/wp-json\/wp\/v2\/product"}],"about":[{"href":"https:\/\/wegeblw.pl\/index.php\/wp-json\/wp\/v2\/types\/product"}],"replies":[{"embeddable":true,"href":"https:\/\/wegeblw.pl\/index.php\/wp-json\/wp\/v2\/comments?post=7684"}],"wp:featuredmedia":[{"embeddable":true,"href":"https:\/\/wegeblw.pl\/index.php\/wp-json\/wp\/v2\/media\/7685"}],"wp:attachment":[{"href":"https:\/\/wegeblw.pl\/index.php\/wp-json\/wp\/v2\/media?parent=7684"}],"wp:term":[{"taxonomy":"product_cat","embeddable":true,"href":"https:\/\/wegeblw.pl\/index.php\/wp-json\/wp\/v2\/product_cat?post=7684"},{"taxonomy":"product_tag","embeddable":true,"href":"https:\/\/wegeblw.pl\/index.php\/wp-json\/wp\/v2\/product_tag?post=7684"}],"curies":[{"name":"wp","href":"https:\/\/api.w.org\/{rel}","templated":true}]}}