{"id":7698,"date":"2016-05-01T08:19:40","date_gmt":"2016-05-01T06:19:40","guid":{"rendered":"https:\/\/wegeblw.pl\/index.php\/produkt\/tolpa-authentic-serum-promienna-skora-20ml\/"},"modified":"2026-04-08T09:22:10","modified_gmt":"2026-04-08T07:22:10","slug":"tolpa-authentic-serum-promienna-skora-20ml","status":"publish","type":"product","link":"https:\/\/wegeblw.pl\/index.php\/produkt\/tolpa-authentic-serum-promienna-skora-20ml\/","title":{"rendered":"To\u0142pa Authentic Serum Promienna Sk\u00f3ra 20Ml"},"content":{"rendered":"<p>VOESH Coco Colada Oasis Pedi In A Box Deluxe Zestaw Do Pedicure 4 KrokiPrzenie\u015b swoich klient\u00f3w do tropikalnej oazy z nasz\u0105 najnowsz\u0105 limitowan\u0105 edycj\u0105 Pedi In A Box Deluxe 4 Step Coco Colada Oasis!Nowe do\u015bwiadczenie VOESH, \u015bwie\u017co wybrane dla Twoich wiosennych i letnich us\u0142ug. Wyprodukowany z bogatym i kremowym ekstraktem z kokosa, kt\u00f3ry przywraca nawil\u017cenie i o\u017cywia nawet najbardziej such\u0105 sk\u00f3r\u0119, utrzymuj\u0105c j\u0105 \u015bwie\u017c\u0105 i super mi\u0119kk\u0105.Us\u0142uga pedicure, kt\u00f3ra relaksuje zmys\u0142y radosnymi, egzotycznymi nutami, pozostawiaj\u0105c klient\u00f3w czuj\u0105cych si\u0119 jak na wakacjach.DLACZEGO PEDI IN A BOX \u2013 PRZEKONAJ SI\u0118\u2013 Zawsze dla jednego klienta \u2013 nie musisz martwi\u0107 si\u0119 o czysto\u015b\u0107 kosmetyk\u00f3w\u2013 100% \u015bwie\u017ce produkty \u2013 nie musisz martwi\u0107 si\u0119 o czysto\u015b\u0107 kosmetyk\u00f3w\u2013 Mniejsza inwestycja w nowy gabinet \u2013 wystarcz\u0105 4 pude\u0142ka na start\u2013 \u0141atwe zarz\u0105dzanie kosztami \u2013 teraz ju\u017c wiesz ile kosztuje jeden klient\u2013 Odpowiednia ilo\u015b\u0107 produktu \u2013 zu\u017cywasz dok\u0142adnie tyle ile potrzebujesz\u2013 \u0141adne, przyjemne dla oka opakowanie \u2013 kosmetyki ozdob\u0105 gabinetu<\/p>\n<p>Kosmetyki do st\u00f3p<\/p>\n<p>sos do sajgonek, pierniczki bezglutenowe, wit b12 swanson, wo\u0142owe mi\u0119so mielone, natura siberica wycofane, naticol kolagen, grzybki moon, sorbitol cena, g\u0119sty syrop z burak\u00f3w cukrowych, maka orkiszowa jasna, ser bia\u0142y chudy, micelarny szampon, ma\u015b\u0107 laurowa opinie, toasted, chrupki kukurydziane w ci\u0105\u017cy, jak przygotowa\u0107 ry\u017c do sushi, ashwagandha olej<\/p>\n<p>yyyyy<\/p>\n","protected":false},"excerpt":{"rendered":"<p>VOESH Coco Colada Oasis Pedi In A Box Deluxe Zestaw Do Pedicure 4 KrokiPrzenie\u015b swoich klient\u00f3w do tropikalnej oazy z&hellip;<\/p>\n","protected":false},"featured_media":7699,"comment_status":"closed","ping_status":"open","template":"","meta":[],"product_cat":[60],"product_tag":[659,775,724],"class_list":["post-7698","product","type-product","status-publish","has-post-thumbnail","hentry","product_cat-serum-do-twarzy","product_tag-jajka-marynowane-po-koreansku","product_tag-kwasna-smietana","product_tag-siarczyny-w-winie"],"_links":{"self":[{"href":"https:\/\/wegeblw.pl\/index.php\/wp-json\/wp\/v2\/product\/7698","targetHints":{"allow":["GET"]}}],"collection":[{"href":"https:\/\/wegeblw.pl\/index.php\/wp-json\/wp\/v2\/product"}],"about":[{"href":"https:\/\/wegeblw.pl\/index.php\/wp-json\/wp\/v2\/types\/product"}],"replies":[{"embeddable":true,"href":"https:\/\/wegeblw.pl\/index.php\/wp-json\/wp\/v2\/comments?post=7698"}],"wp:featuredmedia":[{"embeddable":true,"href":"https:\/\/wegeblw.pl\/index.php\/wp-json\/wp\/v2\/media\/7699"}],"wp:attachment":[{"href":"https:\/\/wegeblw.pl\/index.php\/wp-json\/wp\/v2\/media?parent=7698"}],"wp:term":[{"taxonomy":"product_cat","embeddable":true,"href":"https:\/\/wegeblw.pl\/index.php\/wp-json\/wp\/v2\/product_cat?post=7698"},{"taxonomy":"product_tag","embeddable":true,"href":"https:\/\/wegeblw.pl\/index.php\/wp-json\/wp\/v2\/product_tag?post=7698"}],"curies":[{"name":"wp","href":"https:\/\/api.w.org\/{rel}","templated":true}]}}