{"id":7712,"date":"2012-10-02T00:09:44","date_gmt":"2012-10-01T22:09:44","guid":{"rendered":"https:\/\/wegeblw.pl\/index.php\/produkt\/tolpa-physio-carbo-zel-peeling-micelarny-do-mycia-twarzy-150-ml\/"},"modified":"2026-04-07T01:21:05","modified_gmt":"2026-04-06T23:21:05","slug":"tolpa-physio-carbo-zel-peeling-micelarny-do-mycia-twarzy-150-ml","status":"publish","type":"product","link":"https:\/\/wegeblw.pl\/index.php\/produkt\/tolpa-physio-carbo-zel-peeling-micelarny-do-mycia-twarzy-150-ml\/","title":{"rendered":"to\u0142pa. physio carbo, \u017cel-peeling micelarny do mycia twarzy 150 ml"},"content":{"rendered":"<p>LEGO\u00ae City Lotnisko\u00a0\u2013 Terminal pasa\u017cerskiOpis:Pakuj walizki i\u00a0ruszaj na wakacje! Odpraw si\u0119 w terminalu na lotnisku. Po\u0142\u00f3\u017c baga\u017c na ta\u015bmoci\u0105gu i\u00a0zobacz, jak jest wci\u0105gany do samolotu pasa\u017cerskiego. Przejd\u017a przez bramk\u0119 bezpiecze\u0144stwa, a potem wyjd\u017a przez obrotowe drzwi, aby wsi\u0105\u015b\u0107 na pok\u0142ad. Wejd\u017a po schodkach i\u00a0zapnij pas. Za chwil\u0119 zacznie si\u0119 podr\u00f3\u017c!Start w LEGO\u00ae City, l\u0105dowanie gdzie chcesz!Szczeg\u00f3\u0142y:W zestawie 6\u00a0minifigurek: pilot, 3\u00a0pracownik\u00f3w obs\u0142ugi lotniska oraz turysta i\u00a0turystka.Zestaw zawiera fasad\u0119 lotniska, samolot pasa\u017cerski, pojazd obs\u0142ugi lotniska, przyczep\u0119 do przewozu baga\u017cy, przyczep\u0119-cystern\u0119 paliwow\u0105 i\u00a0schody samobie\u017cne.Fasada lotniska ma ruchomy ta\u015bmoci\u0105g, wie\u017c\u0119 kontroln\u0105, skaner bezpiecze\u0144stwa i\u00a0drzwi obrotowe.Samolot pasa\u017cerski ma otwierane drzwi, kambuz, \u0142azienk\u0119 i\u00a0wlot paliwa, do kt\u00f3rego pasuje\u00a0w\u0105\u017c.Akcesoria: 3\u00a0walizki i\u00a0kubek.Pom\u00f3\u017c pracownikowi lotniska zatankowa\u0107 samolot z\u00a0przyczepy-cysterny.Podjed\u017a schodami samobie\u017cnymi do samolotu, aby umo\u017cliwi\u0107 pasa\u017cerom wej\u015bcie na pok\u0142ad.Zamknij drzwi i\u00a0przygotuj si\u0119 do startu!Parametry:Zestaw odpowiedni dla dzieci w wieku od 6\u00a0lat.Terminal pasa\u017cerski lotniska z\u00a0wie\u017c\u0105 kontroln\u0105 i\u00a0ta\u015bmoci\u0105giem ma ok. 28\u00a0cm wysoko\u015bci, 31\u00a0cm szeroko\u015bci i\u00a012\u00a0cm g\u0142\u0119boko\u015bci.Samolot ma ok. 19\u00a0cm wysoko\u015bci, 47\u00a0cm d\u0142ugo\u015bci i\u00a050\u00a0cm rozpi\u0119to\u015bci.Pojazd obs\u0142ugi lotniska ma ok. 3\u00a0cm wysoko\u015bci, 7\u00a0cm d\u0142ugo\u015bci i\u00a04\u00a0cm szeroko\u015bci.Przyczepa baga\u017cowa ma ok. 9\u00a0cm d\u0142ugo\u015bci i\u00a03\u00a0cm szeroko\u015bci.Przyczepa-cysterna ma ok. 4\u00a0cm wysoko\u015bci, 9\u00a0cm d\u0142ugo\u015bci i\u00a03\u00a0cm szeroko\u015bciSchody samobie\u017cne maj\u0105 ok. 6\u00a0cm wysoko\u015bci, 7\u00a0cm d\u0142ugo\u015bci i\u00a04\u00a0cm szeroko\u015bci<\/p>\n<p>Klocki<\/p>\n<p>co to jest zm\u0119czenie, fe me complex, kabos od\u017cywka do paznokci, bioastin, marmolada z pomara\u0144czy, witamina c dla dzieci krople, olej z \u017cywokostu z gojnikiem i podagrycznikiem<\/p>\n<p><a href=\"https:\/\/doktor-porady.pl\/\">https:\/\/doktor-porady.pl\/<\/a><\/p>\n","protected":false},"excerpt":{"rendered":"<p>LEGO\u00ae City Lotnisko\u00a0\u2013 Terminal pasa\u017cerskiOpis:Pakuj walizki i\u00a0ruszaj na wakacje! Odpraw si\u0119 w terminalu na lotnisku. Po\u0142\u00f3\u017c baga\u017c na ta\u015bmoci\u0105gu i\u00a0zobacz,&hellip;<\/p>\n","protected":false},"featured_media":7713,"comment_status":"closed","ping_status":"open","template":"","meta":[],"product_cat":[36],"product_tag":[661,818,686,786,665],"class_list":["post-7712","product","type-product","status-publish","has-post-thumbnail","hentry","product_cat-dermokosmetyki","product_tag-jak-ugotowac-komose-ryzowa","product_tag-organic-sklepy","product_tag-sekacz-skad","product_tag-soczewicy","product_tag-weganskie-mieso"],"_links":{"self":[{"href":"https:\/\/wegeblw.pl\/index.php\/wp-json\/wp\/v2\/product\/7712","targetHints":{"allow":["GET"]}}],"collection":[{"href":"https:\/\/wegeblw.pl\/index.php\/wp-json\/wp\/v2\/product"}],"about":[{"href":"https:\/\/wegeblw.pl\/index.php\/wp-json\/wp\/v2\/types\/product"}],"replies":[{"embeddable":true,"href":"https:\/\/wegeblw.pl\/index.php\/wp-json\/wp\/v2\/comments?post=7712"}],"wp:featuredmedia":[{"embeddable":true,"href":"https:\/\/wegeblw.pl\/index.php\/wp-json\/wp\/v2\/media\/7713"}],"wp:attachment":[{"href":"https:\/\/wegeblw.pl\/index.php\/wp-json\/wp\/v2\/media?parent=7712"}],"wp:term":[{"taxonomy":"product_cat","embeddable":true,"href":"https:\/\/wegeblw.pl\/index.php\/wp-json\/wp\/v2\/product_cat?post=7712"},{"taxonomy":"product_tag","embeddable":true,"href":"https:\/\/wegeblw.pl\/index.php\/wp-json\/wp\/v2\/product_tag?post=7712"}],"curies":[{"name":"wp","href":"https:\/\/api.w.org\/{rel}","templated":true}]}}