{"id":7724,"date":"2018-10-05T01:30:24","date_gmt":"2018-10-04T23:30:24","guid":{"rendered":"https:\/\/wegeblw.pl\/index.php\/produkt\/doz-product-plastry-hydrokoloidowe-na-opryszczke-16szt\/"},"modified":"2026-04-07T01:20:41","modified_gmt":"2026-04-06T23:20:41","slug":"doz-product-plastry-hydrokoloidowe-na-opryszczke-16szt","status":"publish","type":"product","link":"https:\/\/wegeblw.pl\/index.php\/produkt\/doz-product-plastry-hydrokoloidowe-na-opryszczke-16szt\/","title":{"rendered":"Doz PRODUCT, plastry hydrokoloidowe, na opryszczk\u0119, 16szt."},"content":{"rendered":"<p>Lab One Butyric Acid &#8211; 60kaps. N\u00b01 Butyric ACID zawiera najwy\u017cszej jako\u015bci mikrokapsu\u0142kowany ma\u015blan sodu standaryzowany na kwas mas\u0142owy w a\u017c 80%. Ma\u015blan sodu jest do\u015b\u0107 szybko metabolizowany w \u017co\u0142\u0105dku i w pocz\u0105tkowym odcinku jelita cienkiego, dlatego aby suplementacja by\u0142a skuteczna konieczne jest zastosowanie najnowszych technologii, dzi\u0119ki kt\u00f3rym zawarto\u015b\u0107 kapsu\u0142ki dotrze w dalszy odcinek przewodu pokarmowego.W N\u00b01 Butyric ACID zastosowano technologi\u0119 mikrokapsu\u0142ek, kt\u00f3ra zabezpiecza substancj\u0119 biologicznie czynn\u0105 preparatu, pozwalaj\u0105c na dostarczenie kwasu mas\u0142owego do jelita cienkiego i grubego. Dla os\u0142ony mikrokapsu\u0142kowej u\u017cyto kwasu stearynowego, kt\u00f3ry jest naturalnie wyst\u0119puj\u0105cym kwasem t\u0142uszczowym. Ma\u015blan sodu to zwi\u0105zek chemiczny, b\u0119d\u0105cy g\u0142\u00f3wnym \u017ar\u00f3d\u0142em drogocennego kwasu mas\u0142owego, kt\u00f3ry jest podstawowym i kluczowym materia\u0142em energetycznym dla kom\u00f3rek nab\u0142onka przewodu pokarmowego, dlatego preparat w szczeg\u00f3lno\u015bci zalecany jest w celu poprawy stanu jelit i dolegliwo\u015bciach zwi\u0105zanych z prac\u0105 przewodu pokarmowego.Opakowanie: 60 kapsu\u0142ek.Zalecane spo\u017cycie: Po jednej kapsu\u0142ce dwa razy dziennie, rano i wieczorem. Popi\u0107 wod\u0105. Stosowa\u0107 przez okres minimum 3 miesi\u0119cy.Nie nale\u017cy przekracza\u0107 zalecanej dziennej porcji do spo\u017cycia w ci\u0105gu dnia. Suplementy diety nie mog\u0105 by\u0107 stosowane jako substytut (zamiennik) zr\u00f3\u017cnicowanej diety. Zr\u00f3wnowa\u017cony spos\u00f3b \u017cywienia i zdrowy tryb \u017cycia s\u0105 wa\u017cne dla zachowania dobrego stanu zdrowia. Spo\u017cywanie zalecanej dziennej porcji produktu zapewnia korzystny efekt dla zdrowia.Warunki przechowywania: Przechowywa\u0107 w temperaturze pokojowej, w suchym miejscu, w spos\u00f3b niedost\u0119pny dla dzieci. Produkt odpowiedni dla vegan.Sk\u0142adniki: Zawarto\u015b\u0107 w zalecanej do spo\u017cycia dziennej porcji produktu (2 kapsu\u0142ki) Ma\u015blan sodu 500 mg Standaryzowany do min. 80% kwasu mas\u0142owego.<\/p>\n<p>Uk\u0142ad pokarmowy i trawienie<\/p>\n<p>naw\u00f3z naturalny, sklep orient, box z jedzeniem, kasz\u0105 j\u0119czmienna przepisy, smalec z g\u0119si, w\u0119dliny drobiowe, astaksantyna co to jest, m\u0105ka typ 480, boczniaki na patelni, john masters organics, nalewka z dzikiej r\u00f3\u017cy z pestkami, w\u0142a\u015bciwo\u015bci czarnej rzepy, \u015bwiece do ucha, amar ziembi\u0144ski<\/p>\n<p>yyyyy<\/p>\n","protected":false},"excerpt":{"rendered":"<p>Lab One Butyric Acid &#8211; 60kaps. N\u00b01 Butyric ACID zawiera najwy\u017cszej jako\u015bci mikrokapsu\u0142kowany ma\u015blan sodu standaryzowany na kwas mas\u0142owy w&hellip;<\/p>\n","protected":false},"featured_media":7725,"comment_status":"closed","ping_status":"open","template":"","meta":[],"product_cat":[103],"product_tag":[762,876,806,838,728],"class_list":["post-7724","product","type-product","status-publish","has-post-thumbnail","hentry","product_cat-apteczki-i-materialy-opatrunkowe","product_tag-cynamon-cejlonski","product_tag-herbaty-bio","product_tag-mieso-ekologiczne","product_tag-olej-kokosowy-rafinowany-czy-nierafinowany","product_tag-roslinne-mieso"],"_links":{"self":[{"href":"https:\/\/wegeblw.pl\/index.php\/wp-json\/wp\/v2\/product\/7724","targetHints":{"allow":["GET"]}}],"collection":[{"href":"https:\/\/wegeblw.pl\/index.php\/wp-json\/wp\/v2\/product"}],"about":[{"href":"https:\/\/wegeblw.pl\/index.php\/wp-json\/wp\/v2\/types\/product"}],"replies":[{"embeddable":true,"href":"https:\/\/wegeblw.pl\/index.php\/wp-json\/wp\/v2\/comments?post=7724"}],"wp:featuredmedia":[{"embeddable":true,"href":"https:\/\/wegeblw.pl\/index.php\/wp-json\/wp\/v2\/media\/7725"}],"wp:attachment":[{"href":"https:\/\/wegeblw.pl\/index.php\/wp-json\/wp\/v2\/media?parent=7724"}],"wp:term":[{"taxonomy":"product_cat","embeddable":true,"href":"https:\/\/wegeblw.pl\/index.php\/wp-json\/wp\/v2\/product_cat?post=7724"},{"taxonomy":"product_tag","embeddable":true,"href":"https:\/\/wegeblw.pl\/index.php\/wp-json\/wp\/v2\/product_tag?post=7724"}],"curies":[{"name":"wp","href":"https:\/\/api.w.org\/{rel}","templated":true}]}}