{"id":7738,"date":"2020-09-14T02:38:47","date_gmt":"2020-09-14T00:38:47","guid":{"rendered":"https:\/\/wegeblw.pl\/index.php\/produkt\/aa-cosmetics-aa-my-beauty-power-acne-normalizujacy-plyn-micelarny-do-cery-mieszanejtlustej-i-tradzikowej-200ml\/"},"modified":"2026-04-08T09:19:30","modified_gmt":"2026-04-08T07:19:30","slug":"aa-cosmetics-aa-my-beauty-power-acne-normalizujacy-plyn-micelarny-do-cery-mieszanejtlustej-i-tradzikowej-200ml","status":"publish","type":"product","link":"https:\/\/wegeblw.pl\/index.php\/produkt\/aa-cosmetics-aa-my-beauty-power-acne-normalizujacy-plyn-micelarny-do-cery-mieszanejtlustej-i-tradzikowej-200ml\/","title":{"rendered":"Aa Cosmetics Aa My Beauty Power Acne Normalizuj\u0105cy P\u0142yn Micelarny Do Cery MieszanejT\u0142ustej I Tr\u0105dzikowej 200Ml"},"content":{"rendered":"<p>Oprawy okularowe Solano<\/p>\n<p>Okulary oprawki i szk\u0142a<\/p>\n<p>pl chili, olejek z brzozy, kwas cla, algi w tabletkach, warzywa warszawa, babka jajowata warto\u015bci od\u017cywcze, piekarnia bezglutenowa warszawa, potrawy na grila, mieszanka do wypieku chleba bezglutenowego<\/p>\n<p>yyyyy<\/p>\n","protected":false},"excerpt":{"rendered":"<p>Oprawy okularowe Solano Okulary oprawki i szk\u0142a pl chili, olejek z brzozy, kwas cla, algi w tabletkach, warzywa warszawa, babka&hellip;<\/p>\n","protected":false},"featured_media":0,"comment_status":"closed","ping_status":"open","template":"","meta":[],"product_cat":[33],"product_tag":[843,629,859,702,743],"class_list":["post-7738","product","type-product","status-publish","hentry","product_cat-oczyszczanie-i-demakijaz-twarzy","product_tag-jak-gotowac-komose-ryzowa","product_tag-maka-z-ciecierzycy","product_tag-pasta-sezamowa","product_tag-przepis-na-sekacz","product_tag-siemie-lniane"],"_links":{"self":[{"href":"https:\/\/wegeblw.pl\/index.php\/wp-json\/wp\/v2\/product\/7738","targetHints":{"allow":["GET"]}}],"collection":[{"href":"https:\/\/wegeblw.pl\/index.php\/wp-json\/wp\/v2\/product"}],"about":[{"href":"https:\/\/wegeblw.pl\/index.php\/wp-json\/wp\/v2\/types\/product"}],"replies":[{"embeddable":true,"href":"https:\/\/wegeblw.pl\/index.php\/wp-json\/wp\/v2\/comments?post=7738"}],"wp:attachment":[{"href":"https:\/\/wegeblw.pl\/index.php\/wp-json\/wp\/v2\/media?parent=7738"}],"wp:term":[{"taxonomy":"product_cat","embeddable":true,"href":"https:\/\/wegeblw.pl\/index.php\/wp-json\/wp\/v2\/product_cat?post=7738"},{"taxonomy":"product_tag","embeddable":true,"href":"https:\/\/wegeblw.pl\/index.php\/wp-json\/wp\/v2\/product_tag?post=7738"}],"curies":[{"name":"wp","href":"https:\/\/api.w.org\/{rel}","templated":true}]}}