{"id":7741,"date":"2020-10-27T02:31:05","date_gmt":"2020-10-27T01:31:05","guid":{"rendered":"https:\/\/wegeblw.pl\/index.php\/produkt\/sebamed-antybakteryjna-pianka-oczyszczajaca-do-twarzy-clear-face-antibacterial-cleansing-foam-150-ml\/"},"modified":"2026-04-08T19:34:03","modified_gmt":"2026-04-08T17:34:03","slug":"sebamed-antybakteryjna-pianka-oczyszczajaca-do-twarzy-clear-face-antibacterial-cleansing-foam-150-ml","status":"publish","type":"product","link":"https:\/\/wegeblw.pl\/index.php\/produkt\/sebamed-antybakteryjna-pianka-oczyszczajaca-do-twarzy-clear-face-antibacterial-cleansing-foam-150-ml\/","title":{"rendered":"Sebamed Antybakteryjna Pianka Oczyszczaj\u0105ca Do Twarzy Clear Face Antibacterial Cleansing Foam 150 Ml"},"content":{"rendered":"<p>Suplementy na odchudzanie<\/p>\n<p>mleka ro\u015blinne, tortilla pszenna, babalski sklep, zepsuty ocet jab\u0142kowy, chrupki pizza, kostki roso\u0142owe bio<\/p>\n<p>yyyyy<\/p>\n","protected":false},"excerpt":{"rendered":"<p>Suplementy na odchudzanie mleka ro\u015blinne, tortilla pszenna, babalski sklep, zepsuty ocet jab\u0142kowy, chrupki pizza, kostki roso\u0142owe bio yyyyy<\/p>\n","protected":false},"featured_media":7742,"comment_status":"closed","ping_status":"open","template":"","meta":[],"product_cat":[33],"product_tag":[834,715,690,804],"class_list":["post-7741","product","type-product","status-publish","has-post-thumbnail","hentry","product_cat-oczyszczanie-i-demakijaz-twarzy","product_tag-biosaurus","product_tag-jak-oczyscic-krewetki","product_tag-maka-z-cieciorki","product_tag-quinoa-jak-gotowac"],"_links":{"self":[{"href":"https:\/\/wegeblw.pl\/index.php\/wp-json\/wp\/v2\/product\/7741","targetHints":{"allow":["GET"]}}],"collection":[{"href":"https:\/\/wegeblw.pl\/index.php\/wp-json\/wp\/v2\/product"}],"about":[{"href":"https:\/\/wegeblw.pl\/index.php\/wp-json\/wp\/v2\/types\/product"}],"replies":[{"embeddable":true,"href":"https:\/\/wegeblw.pl\/index.php\/wp-json\/wp\/v2\/comments?post=7741"}],"wp:featuredmedia":[{"embeddable":true,"href":"https:\/\/wegeblw.pl\/index.php\/wp-json\/wp\/v2\/media\/7742"}],"wp:attachment":[{"href":"https:\/\/wegeblw.pl\/index.php\/wp-json\/wp\/v2\/media?parent=7741"}],"wp:term":[{"taxonomy":"product_cat","embeddable":true,"href":"https:\/\/wegeblw.pl\/index.php\/wp-json\/wp\/v2\/product_cat?post=7741"},{"taxonomy":"product_tag","embeddable":true,"href":"https:\/\/wegeblw.pl\/index.php\/wp-json\/wp\/v2\/product_tag?post=7741"}],"curies":[{"name":"wp","href":"https:\/\/api.w.org\/{rel}","templated":true}]}}