{"id":7743,"date":"2020-06-03T21:02:07","date_gmt":"2020-06-03T19:02:07","guid":{"rendered":"https:\/\/wegeblw.pl\/index.php\/produkt\/argital-kojaca-woda-do-twarzy-do-skory-tradzikowej-125ml\/"},"modified":"2026-04-28T15:34:22","modified_gmt":"2026-04-28T13:34:22","slug":"argital-kojaca-woda-do-twarzy-do-skory-tradzikowej-125ml","status":"publish","type":"product","link":"https:\/\/wegeblw.pl\/index.php\/produkt\/argital-kojaca-woda-do-twarzy-do-skory-tradzikowej-125ml\/","title":{"rendered":"Argital Koj\u0105ca woda do twarzy do sk\u00f3ry tr\u0105dzikowej 125Ml"},"content":{"rendered":"<p>Toryczne soczewki jednodniowe Atrea Excellence to soczewki dla u\u017cytkownik\u00f3w \u017cyj\u0105cych wpo\u015bpiechu. Dzi\u0119ki najnowocze\u015bniejszej technologii mi\u0119kki ielastyczny materia\u0142 silikonowo-hydro\u017celowy zapewnia wysok\u0105 przepuszczalno\u015b\u0107 tlenu, atym samym zdrowe noszenie soczewek kontaktowych, r\u00f3wnie\u017c, albo szczeg\u00f3lnie wdni, kiedy zaj\u0119cia si\u0119 przeci\u0105gaj\u0105.<\/p>\n<p>Soczewki kontaktowe<\/p>\n<p>herbata na odporno\u015b\u0107, zielone chili, ryz ciemny, wafle bezglutenowe, pasta z bazylii, przywrotnik ziele, woda w proszku, chleb \u017cytni pe\u0142noziarnisty, syrop r\u00f3\u017cany, par\u00f3wki na zatoki, czym zast\u0105pi\u0107 skrobi\u0119 ziemniaczan\u0105, market bydgoszcz, sklep z w\u0142oskimi produktami warszawa, ziele czystka na co pomaga<\/p>\n<p><a href=\"https:\/\/www.rehabilitacja-beactive.pl\/\/zdrowa-joga.html\">https:\/\/www.rehabilitacja-beactive.pl\/\/zdrowa-joga.html<\/a><\/p>\n","protected":false},"excerpt":{"rendered":"<p>Toryczne soczewki jednodniowe Atrea Excellence to soczewki dla u\u017cytkownik\u00f3w \u017cyj\u0105cych wpo\u015bpiechu. Dzi\u0119ki najnowocze\u015bniejszej technologii mi\u0119kki ielastyczny materia\u0142 silikonowo-hydro\u017celowy zapewnia wysok\u0105&hellip;<\/p>\n","protected":false},"featured_media":7744,"comment_status":"closed","ping_status":"open","template":"","meta":[],"product_cat":[33],"product_tag":[719,690,785,678],"class_list":["post-7743","product","type-product","status-publish","has-post-thumbnail","hentry","product_cat-oczyszczanie-i-demakijaz-twarzy","product_tag-jaja-ekologiczne","product_tag-maka-z-cieciorki","product_tag-riyal-green","product_tag-springrolls"],"_links":{"self":[{"href":"https:\/\/wegeblw.pl\/index.php\/wp-json\/wp\/v2\/product\/7743","targetHints":{"allow":["GET"]}}],"collection":[{"href":"https:\/\/wegeblw.pl\/index.php\/wp-json\/wp\/v2\/product"}],"about":[{"href":"https:\/\/wegeblw.pl\/index.php\/wp-json\/wp\/v2\/types\/product"}],"replies":[{"embeddable":true,"href":"https:\/\/wegeblw.pl\/index.php\/wp-json\/wp\/v2\/comments?post=7743"}],"wp:featuredmedia":[{"embeddable":true,"href":"https:\/\/wegeblw.pl\/index.php\/wp-json\/wp\/v2\/media\/7744"}],"wp:attachment":[{"href":"https:\/\/wegeblw.pl\/index.php\/wp-json\/wp\/v2\/media?parent=7743"}],"wp:term":[{"taxonomy":"product_cat","embeddable":true,"href":"https:\/\/wegeblw.pl\/index.php\/wp-json\/wp\/v2\/product_cat?post=7743"},{"taxonomy":"product_tag","embeddable":true,"href":"https:\/\/wegeblw.pl\/index.php\/wp-json\/wp\/v2\/product_tag?post=7743"}],"curies":[{"name":"wp","href":"https:\/\/api.w.org\/{rel}","templated":true}]}}