{"id":7751,"date":"2021-01-22T14:37:46","date_gmt":"2021-01-22T13:37:46","guid":{"rendered":"https:\/\/wegeblw.pl\/index.php\/produkt\/eucerin-sun-sensitive-protect-spf50-sun-lotion-150ml\/"},"modified":"2026-04-08T06:26:46","modified_gmt":"2026-04-08T04:26:46","slug":"eucerin-sun-sensitive-protect-spf50-sun-lotion-150ml","status":"publish","type":"product","link":"https:\/\/wegeblw.pl\/index.php\/produkt\/eucerin-sun-sensitive-protect-spf50-sun-lotion-150ml\/","title":{"rendered":"Eucerin Sun Sensitive Protect Spf50+ Sun Lotion 150Ml"},"content":{"rendered":"<p>OstroVit Afryka\u0144skie Mango Extract 100 gOstroVit Afryka\u0144skie Mango Extract to wega\u0144ski suplement diety przeznaczony dla wszystkich os\u00f3b, kt\u00f3re chc\u0105 raz na zawsze pozby\u0107 si\u0119 nadmiarowych kilogram\u00f3w. Ekstrakt z nasion Irvingia gabonensis L., zwanego r\u00f3wnie\u017c afryka\u0144skim lub dzikim mango, charakteryzuje si\u0119 wysok\u0105 zawarto\u015bci\u0105 b\u0142onnika oraz cennych sk\u0142adnik\u00f3w od\u017cywczych. Poszukujesz naturalnego suplementu diety, kt\u00f3ry pozwoli Ci osi\u0105gn\u0105\u0107 upragnione rezultaty odchudzania w zdrowy spos\u00f3b? Wybierz ekstrakt z afryka\u0144skiego mango firmy OstroVit!Czym jest suplement OstroVit African Mango Extract?Dzikie mango to charakterystyczny dla obszar\u00f3w Zachodniej Afryki owoc, kt\u00f3ry znajduje szerokie zastosowanie w odchudzaj\u0105cych suplementach diety. Drzewo Irvingia gabonensis L. osi\u0105ga zwykle wysoko\u015b\u0107 od 15 do 40 metr\u00f3w, a jego blisko 40-centymentrowe owoce s\u0105 bogatym \u017ar\u00f3d\u0142em substancji od\u017cywczych. Wyci\u0105g z pestek owocu znany jest ze swoich w\u0142a\u015bciwo\u015bci w zakresie regulowania proces\u00f3w energetycznych w organizmie.Afryka\u0144skie mango to owoc bogaty w liczne witaminy oraz minera\u0142y, w tym witaminy C, E, B6 i K. Jest r\u00f3wnie\u017c \u017ar\u00f3d\u0142em substancji maj\u0105cych wp\u0142yw na og\u00f3lny stan organizmu, np. wapnia, potasu, sodu, fosforu, magnezu czy \u017celaza. Owoc dzikiego mango zawiera r\u00f3wnie\u017c polifenole, kt\u00f3re redukuj\u0105 ilo\u015b\u0107 zgromadzonych w organizmie t\u0142uszcz\u00f3w, przez co pobudzaj\u0105 organizm do chudni\u0119cia. Postaw na OstroVit Afryka\u0144skie Mango Extract, je\u017celi:jeste\u015b na diecie redukcyjnejci\u0105gle doskwiera Ci g\u0142\u00f3dmasz wilczy apetytw ci\u0105gu dnia ci\u0105gle co\u015b podjadaszmasz zwolniony metabolizmcierpisz na wysoki poziom cholesterolu we krwiszukasz naturalnego \u017ar\u00f3d\u0142a b\u0142onnikaW\u0142a\u015bciwo\u015bci suplementu OstroVit Afryka\u0144skie Mango ExtractAdaptogen OstroVit Afryka\u0144skie Mango Extract zosta\u0142 stworzony z my\u015bl\u0105 o osobach, kt\u00f3re chc\u0105 pozby\u0107 si\u0119 nadmiarowej tkanki t\u0142uszczowej i ceni\u0105 sobie naturalno\u015b\u0107. Ju\u017c jedna miarka produktu dziennie pozwoli Ci skutecznie ograniczy\u0107 apetyt, a tak\u017ce podkr\u0119ci Tw\u00f3j metabolizm.Najwa\u017cniejsze cechy suplementu:DZIA\u0141ANIE ODCHUDZAJ\u0104CE &#8211; Dzikie mango jest znane z wysokiej zawarto\u015bci polifenoli, kt\u00f3re modeluj\u0105 metabolizm t\u0142uszczy, przez co redukuj\u0105 ilo\u015b\u0107 nagromadzonej w organizmie tkanki t\u0142uszczowej.BOGACTWO SUBSTANCJI OD\u017bYWCZYCH &#8211; Ekstrakt z mango afryka\u0144skiego to bogate \u017ar\u00f3d\u0142o witamin oraz minera\u0142\u00f3w, kt\u00f3re potrzebne s\u0105 ka\u017cdemu z nas. Dzi\u0119ki nim suplement nie tylko wspiera odchudzanie, ale r\u00f3wnie\u017c poprawia og\u00f3ln\u0105 kondycj\u0119 organizmu.WYSOKA ZAWARTO\u015a\u0106 B\u0141ONNIKA &#8211; Ekstrakt z mango to naturalne \u017ar\u00f3d\u0142o b\u0142onnika pokarmowego. Jego zadaniem jest zmniejszenie uczucia g\u0142odu, redukcja toksyn oraz oczyszczenie jelit ze z\u0142og\u00f3w pokarmowych.WYGODNA FORMA &#8211; Suplement diety OstroVit Afryka\u0144skie Mango Extract dost\u0119pny jest w formie sproszkowanego ekstraktu, kt\u00f3ry mo\u017cesz zmiesza\u0107 z wod\u0105. To rozwi\u0105zanie sprawdzi si\u0119 szczeg\u00f3lnie w przypadku, gdy nie lubisz po\u0142yka\u0107 suplement\u00f3w w tabletkach i kapsu\u0142kach.<\/p>\n<p>Suplementy na odchudzanie<\/p>\n<p>pieczywo chrupkie, s\u0142odkie szale\u0144stwo, orzechy pinii cena, pasta bazyliowa, mas\u0142o orzechowe sante go on, len mielony zastosowanie, sezamki krakersy, tonik do twarzy z octu jab\u0142kowego, czym zast\u0105pi\u0107 pszenic\u0119 w kutii, sushi sos do ry\u017cu, h2 + o2, oregano brazylijskie, krem z pistacji, malwy, dania wega\u0144skie obiadowe, zywokost olej<\/p>\n<p>yyyyy<\/p>\n","protected":false},"excerpt":{"rendered":"<p>OstroVit Afryka\u0144skie Mango Extract 100 gOstroVit Afryka\u0144skie Mango Extract to wega\u0144ski suplement diety przeznaczony dla wszystkich os\u00f3b, kt\u00f3re chc\u0105 raz&hellip;<\/p>\n","protected":false},"featured_media":7752,"comment_status":"closed","ping_status":"open","template":"","meta":[],"product_cat":[36],"product_tag":[791,670,771,629,801],"class_list":["post-7751","product","type-product","status-publish","has-post-thumbnail","hentry","product_cat-dermokosmetyki","product_tag-bio-market","product_tag-czeslaw-lang-choroba","product_tag-jak-jesc-granat","product_tag-maka-z-ciecierzycy","product_tag-warzywa-ekologiczne"],"_links":{"self":[{"href":"https:\/\/wegeblw.pl\/index.php\/wp-json\/wp\/v2\/product\/7751","targetHints":{"allow":["GET"]}}],"collection":[{"href":"https:\/\/wegeblw.pl\/index.php\/wp-json\/wp\/v2\/product"}],"about":[{"href":"https:\/\/wegeblw.pl\/index.php\/wp-json\/wp\/v2\/types\/product"}],"replies":[{"embeddable":true,"href":"https:\/\/wegeblw.pl\/index.php\/wp-json\/wp\/v2\/comments?post=7751"}],"wp:featuredmedia":[{"embeddable":true,"href":"https:\/\/wegeblw.pl\/index.php\/wp-json\/wp\/v2\/media\/7752"}],"wp:attachment":[{"href":"https:\/\/wegeblw.pl\/index.php\/wp-json\/wp\/v2\/media?parent=7751"}],"wp:term":[{"taxonomy":"product_cat","embeddable":true,"href":"https:\/\/wegeblw.pl\/index.php\/wp-json\/wp\/v2\/product_cat?post=7751"},{"taxonomy":"product_tag","embeddable":true,"href":"https:\/\/wegeblw.pl\/index.php\/wp-json\/wp\/v2\/product_tag?post=7751"}],"curies":[{"name":"wp","href":"https:\/\/api.w.org\/{rel}","templated":true}]}}