{"id":7759,"date":"2016-02-26T06:51:54","date_gmt":"2016-02-26T05:51:54","guid":{"rendered":"https:\/\/wegeblw.pl\/index.php\/produkt\/farmona-tutti-frutti-peeling-do-ciala-jezyna-malina-100ml\/"},"modified":"2026-04-08T07:56:25","modified_gmt":"2026-04-08T05:56:25","slug":"farmona-tutti-frutti-peeling-do-ciala-jezyna-malina-100ml","status":"publish","type":"product","link":"https:\/\/wegeblw.pl\/index.php\/produkt\/farmona-tutti-frutti-peeling-do-ciala-jezyna-malina-100ml\/","title":{"rendered":"Farmona Tutti Frutti Peeling do cia\u0142a Je\u017cyna Malina 100ml"},"content":{"rendered":"<p>Collinsonia canadensis 5 CH granulki &#8211; preparat stosowany doustnie. Wykazuje dzia\u0142anie przede wszystkim na uk\u0142ad nerwowy oraz b\u0142ony \u015bluzowe. Stosowany w zapaleniu krtani, b\u00f3l gard\u0142a, zapalenie b\u0142on \u015bluzowych \u017co\u0142\u0105dka.\u00a0<\/p>\n<p>Homeopatia<\/p>\n<p>rodzynki su\u0142tanki, patyczki bambusowe do uszu, herbata \u015bwi\u0105teczna przepis, m\u0105ka z ciecierzycy, skrzyd\u0142o z indyka, zdrowa kasza, gwiazdki any\u017cu gdzie kupi\u0107, grzyby g\u0105bczaste, skutki picia energetyk\u00f3w przez dzieci, dab kora, olejek cbd pro opinie, ogurki kiszone, chipsy z owoc\u00f3w, babka p\u0142esznik gdzie kupi\u0107, blue corn, czarne myd\u0142o z maroka, je\u017c\u00f3wka w\u0142a\u015bciwo\u015bci lecznicze, kryszta\u0142 antyperspirant<\/p>\n<p>yyyyy<\/p>\n","protected":false},"excerpt":{"rendered":"<p>Collinsonia canadensis 5 CH granulki &#8211; preparat stosowany doustnie. Wykazuje dzia\u0142anie przede wszystkim na uk\u0142ad nerwowy oraz b\u0142ony \u015bluzowe. Stosowany&hellip;<\/p>\n","protected":false},"featured_media":7760,"comment_status":"closed","ping_status":"open","template":"","meta":[],"product_cat":[112],"product_tag":[632,685,646,786],"class_list":["post-7759","product","type-product","status-publish","has-post-thumbnail","hentry","product_cat-peelingi-i-scruby-do-ciala","product_tag-komosa-ryzowa-jak-gotowac","product_tag-sekacz-skad-pochodzi","product_tag-slodycze-weganskie","product_tag-soczewicy"],"_links":{"self":[{"href":"https:\/\/wegeblw.pl\/index.php\/wp-json\/wp\/v2\/product\/7759","targetHints":{"allow":["GET"]}}],"collection":[{"href":"https:\/\/wegeblw.pl\/index.php\/wp-json\/wp\/v2\/product"}],"about":[{"href":"https:\/\/wegeblw.pl\/index.php\/wp-json\/wp\/v2\/types\/product"}],"replies":[{"embeddable":true,"href":"https:\/\/wegeblw.pl\/index.php\/wp-json\/wp\/v2\/comments?post=7759"}],"wp:featuredmedia":[{"embeddable":true,"href":"https:\/\/wegeblw.pl\/index.php\/wp-json\/wp\/v2\/media\/7760"}],"wp:attachment":[{"href":"https:\/\/wegeblw.pl\/index.php\/wp-json\/wp\/v2\/media?parent=7759"}],"wp:term":[{"taxonomy":"product_cat","embeddable":true,"href":"https:\/\/wegeblw.pl\/index.php\/wp-json\/wp\/v2\/product_cat?post=7759"},{"taxonomy":"product_tag","embeddable":true,"href":"https:\/\/wegeblw.pl\/index.php\/wp-json\/wp\/v2\/product_tag?post=7759"}],"curies":[{"name":"wp","href":"https:\/\/api.w.org\/{rel}","templated":true}]}}