{"id":7767,"date":"2021-06-16T04:15:18","date_gmt":"2021-06-16T02:15:18","guid":{"rendered":"https:\/\/wegeblw.pl\/index.php\/produkt\/noble-health-class-a-collagen-dla-mamay-90-tabletek\/"},"modified":"2026-04-10T17:12:42","modified_gmt":"2026-04-10T15:12:42","slug":"noble-health-class-a-collagen-dla-mamay-90-tabletek","status":"publish","type":"product","link":"https:\/\/wegeblw.pl\/index.php\/produkt\/noble-health-class-a-collagen-dla-mamay-90-tabletek\/","title":{"rendered":"Noble Health Class a collagen dla mamay, 90 tabletek"},"content":{"rendered":"<p>Soczewki toryczne dwutygodniowe<\/p>\n<p>Soczewki kontaktowe<\/p>\n<p>woda mineralna z du\u017c\u0105 zawarto\u015bci\u0105 sodu, bia\u0142ko ro\u015blinne \u017ar\u00f3d\u0142a, naturalny potas dla pomidor\u00f3w, olej z czarnuszki gdzie kupic, sarantis, tortellini ze szpinakiem, pasta z kurkumy, kominek do \u015bwieczek, sofora japonska, witamina c, butterfly pea, sok pomara\u0144czowy, dieta cukrzycowa &#8211; jad\u0142ospis na 7 dni, semolina sklep, zestaw prezentowy dla seniora, olej rzepakowy bio, mini batoniki, s\u0119kacz na zam\u00f3wienie<\/p>\n<p>yyyyy<\/p>\n","protected":false},"excerpt":{"rendered":"<p>Soczewki toryczne dwutygodniowe Soczewki kontaktowe woda mineralna z du\u017c\u0105 zawarto\u015bci\u0105 sodu, bia\u0142ko ro\u015blinne \u017ar\u00f3d\u0142a, naturalny potas dla pomidor\u00f3w, olej z&hellip;<\/p>\n","protected":false},"featured_media":7768,"comment_status":"closed","ping_status":"open","template":"","meta":[],"product_cat":[26],"product_tag":[682,822,754],"class_list":["post-7767","product","type-product","status-publish","has-post-thumbnail","hentry","product_cat-nutrikosmetyki","product_tag-food-organic-store","product_tag-mleko-kozie","product_tag-zamienniki-miesa"],"_links":{"self":[{"href":"https:\/\/wegeblw.pl\/index.php\/wp-json\/wp\/v2\/product\/7767","targetHints":{"allow":["GET"]}}],"collection":[{"href":"https:\/\/wegeblw.pl\/index.php\/wp-json\/wp\/v2\/product"}],"about":[{"href":"https:\/\/wegeblw.pl\/index.php\/wp-json\/wp\/v2\/types\/product"}],"replies":[{"embeddable":true,"href":"https:\/\/wegeblw.pl\/index.php\/wp-json\/wp\/v2\/comments?post=7767"}],"wp:featuredmedia":[{"embeddable":true,"href":"https:\/\/wegeblw.pl\/index.php\/wp-json\/wp\/v2\/media\/7768"}],"wp:attachment":[{"href":"https:\/\/wegeblw.pl\/index.php\/wp-json\/wp\/v2\/media?parent=7767"}],"wp:term":[{"taxonomy":"product_cat","embeddable":true,"href":"https:\/\/wegeblw.pl\/index.php\/wp-json\/wp\/v2\/product_cat?post=7767"},{"taxonomy":"product_tag","embeddable":true,"href":"https:\/\/wegeblw.pl\/index.php\/wp-json\/wp\/v2\/product_tag?post=7767"}],"curies":[{"name":"wp","href":"https:\/\/api.w.org\/{rel}","templated":true}]}}