{"id":7795,"date":"2021-12-06T10:06:49","date_gmt":"2021-12-06T09:06:49","guid":{"rendered":"https:\/\/wegeblw.pl\/index.php\/produkt\/neutrogena-visibly-clear-oil-free-moisturiser-krem-nawilzajacy-50ml\/"},"modified":"2026-04-08T23:18:29","modified_gmt":"2026-04-08T21:18:29","slug":"neutrogena-visibly-clear-oil-free-moisturiser-krem-nawilzajacy-50ml","status":"publish","type":"product","link":"https:\/\/wegeblw.pl\/index.php\/produkt\/neutrogena-visibly-clear-oil-free-moisturiser-krem-nawilzajacy-50ml\/","title":{"rendered":"Neutrogena Visibly Clear Oil-free Moisturiser krem nawil\u017caj\u0105cy 50ml"},"content":{"rendered":"<p>Suplement diety F-LUTEIN zawiera lutein\u0119 i zeaksantyn\u0119 z ekstraktu z aksamitki oraz sproszkowany sok z owocu aronii. Ekstrakt z aksamitki wzniesionej zawiera 20% luteiny oraz 2% zeaksantyny. Innowacyjna forma proszku zapewnia brak wype\u0142niaczy, barwnik\u00f3w i konserwant\u00f3w.Sk\u0142ad:Porcja dzienna 0,62 g zawiera:Ekstrakt z aksamitki wzniesionej- 125 mg,w tym: &#8211; luteina- 25 mg, &#8211; zeaksantyna- 2,5 mg,Sproszkowany sok z owou aronii- 500 mg.Sk\u0142adniki: sproszkowany sok z owocu aronii, ekstrakt z aksamitki wzniesionej (Tagetes erecta L.).Zawarto\u015b\u0107 opakowania netto: 37,5 g.Ilo\u015b\u0107 porcji w opakowaniu: 60.Przeciwwskazania:Nadwra\u017cliwo\u015b\u0107 na kt\u00f3rykolwiek ze sk\u0142adnik\u00f3w preparatu. W okresie ci\u0105\u017cy i karmienia piersi\u0105 przed zastosowaniem nale\u017cy skonsultowa\u0107 si\u0119 z lekarzem lub farmaceut\u0105.Zalecane spo\u017cycie:1. Wsypa\u0107 1 porcj\u0119 (1 p\u0142aska miarka) do suchego naczynia.2. Doda\u0107 200 ml wody lub innego napojui wymiesza\u0107.Uwaga- nale\u017cy zachowa\u0107 kolejno\u015b\u0107 przygotowania, aby dok\u0142adnie rozpu\u015bci\u0107 proszek. Spo\u017cy\u0107 1 raz dziennie w trakcie posi\u0142ku, kt\u00f3ry zawiera t\u0142uszcz. Przed spo\u017cyciem energicznie wstrz\u0105sn\u0105\u0107 pojemnik.Wa\u017cne informacje:Nie nale\u017cy przekracza\u0107 zalecanej porcji do spo\u017cycia w ci\u0105gu dnia. Suplement diety nie mo\u017ce by\u0107 stosowany jako substytut zr\u00f3\u017cnicowanej diety ani aktywnego trybu \u017cycia. Utrzymanie prawid\u0142owego stanu zdrowia wymaga zr\u00f3wnowa\u017conego i zr\u00f3\u017cnicowanego od\u017cywiania i prowadzenia zdrowego trybu \u017cycia. Istnieje wiele czynnik\u00f3w ryzyka choroby. Zmiana jednego z tych czynnik\u00f3w ryzyka mo\u017ce wywiera\u0107 korzystny wp\u0142yw lub nie wywiera\u0107 go. Przechowywa\u0107 w spos\u00f3b niedost\u0119pny dla ma\u0142ych dzieci w temperaturze pokojowej.Pojemno\u015b\u0107 opakowania:Zawarto\u015b\u0107 opakowania netto: 37,5 g.Ilo\u015b\u0107 porcji w opakowaniu: 60.Producent:FORMEDS Sp. z o. o.ul. Marceli\u0144ska 9060-324 Pozna\u0144<\/p>\n<p>Suplementy na wzrok i s\u0142uch<\/p>\n<p>geranium herbata, woda java, broku\u0142y a karmienie piersi\u0105, \u015blimak bobo, malinowe sklep, o jakiej porze dnia je\u015b\u0107 orzechy, b\u00f3l ucha i z\u0119ba domowe sposoby, wi\u015bnia jest wi\u015bnia, oksydacja, ga\u0142ka muszkatalowa, owoce z witamina d, witamina d aliness, astron olej \u017cywokostowy z gojnikiem opinie, r\u00f3\u017ceniec g\u00f3rski swanson, jak wygl\u0105da uczulenie na cytrusy, krem przedtreningowy, levit c 1000, kielki fasoli mung, jak spo\u017cywa\u0107 len, len z\u0142ocisty, dzieci w produkcji kakao<\/p>\n<p>yyyyy<\/p>\n","protected":false},"excerpt":{"rendered":"<p>Suplement diety F-LUTEIN zawiera lutein\u0119 i zeaksantyn\u0119 z ekstraktu z aksamitki oraz sproszkowany sok z owocu aronii. Ekstrakt z aksamitki&hellip;<\/p>\n","protected":false},"featured_media":7796,"comment_status":"closed","ping_status":"open","template":"","meta":[],"product_cat":[39],"product_tag":[814,826,866,813],"class_list":["post-7795","product","type-product","status-publish","has-post-thumbnail","hentry","product_cat-kremy-do-twarzy","product_tag-kotlet-linda-mccartney","product_tag-olej-kokosowy-rafinowany","product_tag-siemie-lniane-do-picia","product_tag-tortilla"],"_links":{"self":[{"href":"https:\/\/wegeblw.pl\/index.php\/wp-json\/wp\/v2\/product\/7795","targetHints":{"allow":["GET"]}}],"collection":[{"href":"https:\/\/wegeblw.pl\/index.php\/wp-json\/wp\/v2\/product"}],"about":[{"href":"https:\/\/wegeblw.pl\/index.php\/wp-json\/wp\/v2\/types\/product"}],"replies":[{"embeddable":true,"href":"https:\/\/wegeblw.pl\/index.php\/wp-json\/wp\/v2\/comments?post=7795"}],"wp:featuredmedia":[{"embeddable":true,"href":"https:\/\/wegeblw.pl\/index.php\/wp-json\/wp\/v2\/media\/7796"}],"wp:attachment":[{"href":"https:\/\/wegeblw.pl\/index.php\/wp-json\/wp\/v2\/media?parent=7795"}],"wp:term":[{"taxonomy":"product_cat","embeddable":true,"href":"https:\/\/wegeblw.pl\/index.php\/wp-json\/wp\/v2\/product_cat?post=7795"},{"taxonomy":"product_tag","embeddable":true,"href":"https:\/\/wegeblw.pl\/index.php\/wp-json\/wp\/v2\/product_tag?post=7795"}],"curies":[{"name":"wp","href":"https:\/\/api.w.org\/{rel}","templated":true}]}}