{"id":78,"date":"2015-08-20T06:03:46","date_gmt":"2015-08-20T04:03:46","guid":{"rendered":"https:\/\/wegeblw.pl\/index.php\/produkt\/cibdol-olejek-4-cbd-30ml\/"},"modified":"2026-04-07T07:54:08","modified_gmt":"2026-04-07T05:54:08","slug":"cibdol-olejek-4-cbd-30ml","status":"publish","type":"product","link":"https:\/\/wegeblw.pl\/index.php\/produkt\/cibdol-olejek-4-cbd-30ml\/","title":{"rendered":"Cibdol Olejek 4% Cbd 30ml"},"content":{"rendered":"<p>Farmina Pet<br \/>\nFoods N&amp;D Grain Free Feline Lamb &amp; Blueberry Adult dla kota<br \/>\n5kg\u00a0Pe\u0142noporcjowa karma dla doros\u0142ych kot\u00f3w.Natural &amp; Delicious Grain Free to system \u017cywieniowy dla<br \/>\nmi\u0119so\u017cerc\u00f3w bez dodatku zb\u00f3\u017c,\u00a0zawieraj\u0105cy\u00a070% wysokiej jako\u015bci sk\u0142adnik\u00f3w<br \/>\npochodzenia zwierz\u0119cego.Zapobiega rozwojowi oty\u0142o\u015bci i cukrzycy dzi\u0119ki niskiemu<br \/>\nindeksowi glikemicznemu, co wi\u0105\u017ce si\u0119 ze stopniowym uwalnianiem energii w ci\u0105gu<br \/>\ndnia.                            <\/p>\n<p>Sk\u0142ad:\u015awie\u017ce mi\u0119so z jagni\u0119cia (28%), suszone mi\u0119so z jagni\u0119cia<br \/>\n(26%), ziemniaki, t\u0142uszcz zwierz\u0119cy, suszone ca\u0142e jaja, \u015bwie\u017ce mi\u0119so ze<br \/>\n\u015bledzia,\u00a0suszone mi\u0119so ze \u015bledzia, olej rybny (ze \u015bledzia), w\u0142\u00f3kno<br \/>\ngrochu, suszona marchew, suszona lucerna, inulina, fruktooligosacharydy,<br \/>\nekstrakt z dro\u017cd\u017cy (\u017ar\u00f3d\u0142o mannanooligosacharyd\u00f3w),\u00a0suszone bor\u00f3wki (0.5%), suszona pomara\u0144cza, suszone jab\u0142ko,<br \/>\nsuszony owoc granatu, , suszony szpinak, babka p\u0142esznik (0.3%), chlorek sodu,<br \/>\nsuszone dro\u017cd\u017ce piwne, korze\u0144 kurkumy (0.2%), glukozamina, siarczan<br \/>\nchondroityny.\u00a0Sk\u0142adniki i \u017cywienieDodatki w 1 kg:Witaminy, prowitaminy i inne chemicznie zdefiniowane<br \/>\nsubstancje o podobnym dzia\u0142aniu: witamina A (E672) 18000j.m.; witamina D3<br \/>\n(E671) 1200j.m.; witamina E (E307) 600mg;witamina C (E300) 300mg; niacyna 37.5mg; kwas pantotenowy<br \/>\n50mg; witamina B2 20mg; witamina B6 8.1mg; witamina B1 10mg; witamina H 1.5mg;<br \/>\nkwas foliowy 1.5mg;witamina B12 0.1mg; chlorek choliny 2500mg; beta-karoten<br \/>\n1.5mg. Mieszanki pierwiastk\u00f3w \u015bladowych: chelat cynku z hydroksyanalogiem<br \/>\nmetioniny (E6) 910mg;chelat manganu z hydroksyanalogiem metioniny (E5) 380mg;<br \/>\nchelat \u017celaza wodzianu glicyny (E1) 250mg; chelat miedzi z hydroksyanalogiem<br \/>\nmetioniny (E4) 88mg.\u00a0<br \/>\nAminokwasy, ich sole i podobne produkty: DL-metionina 5000mg; tauryna 4000mg;<br \/>\nL-karnityna 300mg.\u00a0<br \/>\nDodatki sensoryczne: wyci\u0105g z aloesu 1000mg; wyci\u0105g z zielonej herbaty 100mg;<br \/>\nwyci\u0105g z rozmarynu.\u00a0<br \/>\nPrzeciwutleniacze: bogate w tokoferol ekstrakty naturalnego pochodzenia.\u00a0Analiza:Bia\u0142ko surowe 42.00%; Oleje i t\u0142uszcze surowe 20.00%;<br \/>\nW\u0142\u00f3kno surowe 1.80%; Wilgotno\u015b\u0107 8.00%, Popi\u00f3\u0142 surowy 8.90%; Wap\u0144 1.60%; Fosfor<br \/>\n1.30%;Magnez 0.11%; Omega-6 3.40%; Omega-3 0.90%; DHA 0.50%; EPA<br \/>\n0.30%; Glukozamina 1200mg\/kg; Siarczan chondroityny 900mg\/kg.\u00a0Warto\u015bc energetyczna:EM Kcal\/Kg 4417 &#8211; Mj\/Kg 18,48\u00a0<\/p>\n<p>Karmy dla kot\u00f3w<\/p>\n<p>kukurydziane wafle, blaszka do pieczenia pizzy, koktaile, zew myd\u0142o do brody, monohydrat kreatyny czy jab\u0142czan, koszty wysy\u0142ki paczkomatem, sok buraczany, wega\u0144skie<\/p>\n<p>yyyyy<\/p>\n","protected":false},"excerpt":{"rendered":"<p>Farmina Pet Foods N&amp;D Grain Free Feline Lamb &amp; Blueberry Adult dla kota 5kg\u00a0Pe\u0142noporcjowa karma dla doros\u0142ych kot\u00f3w.Natural &amp; Delicious&hellip;<\/p>\n","protected":false},"featured_media":79,"comment_status":"closed","ping_status":"open","template":"","meta":[],"product_cat":[20],"product_tag":[644,716,695],"class_list":["post-78","product","type-product","status-publish","has-post-thumbnail","hentry","product_cat-preparaty-medycyny-naturalnej","product_tag-co-zamiast-jogurtu-naturalnego","product_tag-leckers","product_tag-zupa-krem-pomidorowa"],"_links":{"self":[{"href":"https:\/\/wegeblw.pl\/index.php\/wp-json\/wp\/v2\/product\/78","targetHints":{"allow":["GET"]}}],"collection":[{"href":"https:\/\/wegeblw.pl\/index.php\/wp-json\/wp\/v2\/product"}],"about":[{"href":"https:\/\/wegeblw.pl\/index.php\/wp-json\/wp\/v2\/types\/product"}],"replies":[{"embeddable":true,"href":"https:\/\/wegeblw.pl\/index.php\/wp-json\/wp\/v2\/comments?post=78"}],"wp:featuredmedia":[{"embeddable":true,"href":"https:\/\/wegeblw.pl\/index.php\/wp-json\/wp\/v2\/media\/79"}],"wp:attachment":[{"href":"https:\/\/wegeblw.pl\/index.php\/wp-json\/wp\/v2\/media?parent=78"}],"wp:term":[{"taxonomy":"product_cat","embeddable":true,"href":"https:\/\/wegeblw.pl\/index.php\/wp-json\/wp\/v2\/product_cat?post=78"},{"taxonomy":"product_tag","embeddable":true,"href":"https:\/\/wegeblw.pl\/index.php\/wp-json\/wp\/v2\/product_tag?post=78"}],"curies":[{"name":"wp","href":"https:\/\/api.w.org\/{rel}","templated":true}]}}