{"id":7806,"date":"2025-08-17T23:09:15","date_gmt":"2025-08-17T21:09:15","guid":{"rendered":"https:\/\/wegeblw.pl\/?post_type=product&#038;p=7806"},"modified":"2026-04-07T01:22:14","modified_gmt":"2026-04-06T23:22:14","slug":"lbiotica-platki-pod-oczy-redukcja-cieni-i-obrzekow-3-pary","status":"publish","type":"product","link":"https:\/\/wegeblw.pl\/index.php\/produkt\/lbiotica-platki-pod-oczy-redukcja-cieni-i-obrzekow-3-pary\/","title":{"rendered":"L&#8217;biotica p\u0142atki pod oczy redukcja cieni i obrz\u0119k\u00f3w 3 pary"},"content":{"rendered":"<p>Wyci\u0105g ostropestu 190mg karczoch 100 kaps. Aliness<\/p>\n<p>Pozosta\u0142e preparaty dla sportowc\u00f3w<\/p>\n<p>zinc forte, bajgiel, zamiennik jajka, zupa tajska ostra, macerat z marchwi, jod krystaliczny, olejki relaksacyjne, mleko na keto, fasola czerwona puszka, bataty czy ziemniaki<\/p>\n<p>yyyyy<\/p>\n","protected":false},"excerpt":{"rendered":"<p>Wyci\u0105g ostropestu 190mg karczoch 100 kaps. Aliness Pozosta\u0142e preparaty dla sportowc\u00f3w zinc forte, bajgiel, zamiennik jajka, zupa tajska ostra, macerat&hellip;<\/p>\n","protected":false},"featured_media":0,"comment_status":"closed","ping_status":"open","template":"","meta":[],"product_cat":[38],"product_tag":[657,768,860],"class_list":["post-7806","product","type-product","status-publish","hentry","product_cat-maseczki","product_tag-filet-z-indyka","product_tag-pasztet-z-soczewicy-z-suszonymi-pomidorami","product_tag-syrop-klonowy-cena"],"_links":{"self":[{"href":"https:\/\/wegeblw.pl\/index.php\/wp-json\/wp\/v2\/product\/7806","targetHints":{"allow":["GET"]}}],"collection":[{"href":"https:\/\/wegeblw.pl\/index.php\/wp-json\/wp\/v2\/product"}],"about":[{"href":"https:\/\/wegeblw.pl\/index.php\/wp-json\/wp\/v2\/types\/product"}],"replies":[{"embeddable":true,"href":"https:\/\/wegeblw.pl\/index.php\/wp-json\/wp\/v2\/comments?post=7806"}],"wp:attachment":[{"href":"https:\/\/wegeblw.pl\/index.php\/wp-json\/wp\/v2\/media?parent=7806"}],"wp:term":[{"taxonomy":"product_cat","embeddable":true,"href":"https:\/\/wegeblw.pl\/index.php\/wp-json\/wp\/v2\/product_cat?post=7806"},{"taxonomy":"product_tag","embeddable":true,"href":"https:\/\/wegeblw.pl\/index.php\/wp-json\/wp\/v2\/product_tag?post=7806"}],"curies":[{"name":"wp","href":"https:\/\/api.w.org\/{rel}","templated":true}]}}