{"id":7811,"date":"2014-05-16T23:12:09","date_gmt":"2014-05-16T21:12:09","guid":{"rendered":"https:\/\/wegeblw.pl\/index.php\/produkt\/boiron-argentum-nitricum-200ch-granulki-4\/"},"modified":"2026-04-10T01:46:37","modified_gmt":"2026-04-09T23:46:37","slug":"boiron-argentum-nitricum-200ch-granulki-4","status":"publish","type":"product","link":"https:\/\/wegeblw.pl\/index.php\/produkt\/boiron-argentum-nitricum-200ch-granulki-4\/","title":{"rendered":"BOIRON Argentum nitricum 200CH granulki 4"},"content":{"rendered":"<p>Z akumulatorem BL1041B (12Vmax \/ 4,0 Ah) i \u0142adowark\u0105<\/p>\n<p>Odkurzacze samochodowe<\/p>\n<p>schab w\u0119dzony parzony, \u017ce\u0144 sze\u0144 korea\u0144ski opinie, mleko od krowy ile t\u0142uszczu, p\u0142ukanka do w\u0142os\u00f3w z pokrzywy, maka pszenna, natures detox, kadzide\u0142ko, produkty do k\u0105pieli, dieta ketagoniczna, nasiona konopi, kapusta kwaszona czy kiszona, srebro koloidalne 50 ppm, tahina co to jest, masc klimuszki, bezglutenowa m\u0105ka, prawdziwy cytryn, sok z jagody kamczackiej przepis, syrop klonowy<\/p>\n<p><a href=\"https:\/\/kamieniarski.net\/poradnik\/po-jakim-czasie-od-pogrzebu-nalezy-ustawic-nagrobek\/\">https:\/\/kamieniarski.net\/poradnik\/po-jakim-czasie-od-pogrzebu-nalezy-ustawic-nagrobek\/<\/a><\/p>\n","protected":false},"excerpt":{"rendered":"<p>Z akumulatorem BL1041B (12Vmax \/ 4,0 Ah) i \u0142adowark\u0105 Odkurzacze samochodowe schab w\u0119dzony parzony, \u017ce\u0144 sze\u0144 korea\u0144ski opinie, mleko od&hellip;<\/p>\n","protected":false},"featured_media":7812,"comment_status":"closed","ping_status":"open","template":"","meta":[],"product_cat":[101],"product_tag":[744,631,692,669],"class_list":["post-7811","product","type-product","status-publish","has-post-thumbnail","hentry","product_cat-homeopatia","product_tag-haagen-dazs","product_tag-isola-bio","product_tag-jelito-drazliwe","product_tag-vigo-kombucha"],"_links":{"self":[{"href":"https:\/\/wegeblw.pl\/index.php\/wp-json\/wp\/v2\/product\/7811","targetHints":{"allow":["GET"]}}],"collection":[{"href":"https:\/\/wegeblw.pl\/index.php\/wp-json\/wp\/v2\/product"}],"about":[{"href":"https:\/\/wegeblw.pl\/index.php\/wp-json\/wp\/v2\/types\/product"}],"replies":[{"embeddable":true,"href":"https:\/\/wegeblw.pl\/index.php\/wp-json\/wp\/v2\/comments?post=7811"}],"wp:featuredmedia":[{"embeddable":true,"href":"https:\/\/wegeblw.pl\/index.php\/wp-json\/wp\/v2\/media\/7812"}],"wp:attachment":[{"href":"https:\/\/wegeblw.pl\/index.php\/wp-json\/wp\/v2\/media?parent=7811"}],"wp:term":[{"taxonomy":"product_cat","embeddable":true,"href":"https:\/\/wegeblw.pl\/index.php\/wp-json\/wp\/v2\/product_cat?post=7811"},{"taxonomy":"product_tag","embeddable":true,"href":"https:\/\/wegeblw.pl\/index.php\/wp-json\/wp\/v2\/product_tag?post=7811"}],"curies":[{"name":"wp","href":"https:\/\/api.w.org\/{rel}","templated":true}]}}