{"id":7888,"date":"2019-01-27T02:36:48","date_gmt":"2019-01-27T01:36:48","guid":{"rendered":"https:\/\/wegeblw.pl\/index.php\/produkt\/fielmann-atrea-excellence-1-day-toric-2-00-sph-cyl-1-25-os-10-bc-8-6-30szt-10030098\/"},"modified":"2026-04-07T01:17:42","modified_gmt":"2026-04-06T23:17:42","slug":"fielmann-atrea-excellence-1-day-toric-2-00-sph-cyl-1-25-os-10-bc-8-6-30szt-10030098","status":"publish","type":"product","link":"https:\/\/wegeblw.pl\/index.php\/produkt\/fielmann-atrea-excellence-1-day-toric-2-00-sph-cyl-1-25-os-10-bc-8-6-30szt-10030098\/","title":{"rendered":"Fielmann atrea excellence 1 day toric -2.00 SPH, Cyl. -1.25, O\u015b 10 &amp; BC 8.6 30szt. (10030098)"},"content":{"rendered":"<p>\u017bel bioaktywny dla z\u0105bkuj\u0105cych dzieci Multi-Mam Babydent Multi-Mam BabyDent to bioaktywny \u017cel opracowany specjalnie z my\u015bl\u0105 o z\u0105bkuj\u0105cych dzieciach. Opiera si\u0119 na opatentowanym kompleksie 2QR,naturalnej substancji pochodzenia ro\u015blinnego zbudowanej z bioaktywnych cz\u0105steczek zwanych polisacharydami. Kiedy z\u0105bki przebijaj\u0105 si\u0119 przez dzi\u0105s\u0142a, przeobra\u017ceniu ulega r\u00f3wnie\u017c flora bakteryjna jamy ustnej. Kompleks 2QR skutecznie neutralizuje szkodliwe bakterie, blokuj\u0105c ich przyleganie do tkanek. Efekt ten nie ma \u017cadnych skutk\u00f3w ubocznych. Kompleks 2QR wspomaga naturalne procesy gojenia i \u0142agodzi podra\u017cnienia.Sk\u0142adniki czynne: krospolimer galactoarabinanu i kwasu poliglukuronowego (kompleks 2QR: opatentowane bioaktywne polisacharydy), ksylitol, kwas hialuronowy. Cechy: Przynosi ulg\u0119 w z\u0105bkowaniu Koi i \u0142agodzi podra\u017cnienia u z\u0105bkuj\u0105cych dzieci Naturalny, bezpieczny i nieszkodliwy w przypadku po\u0142kni\u0119cia Nie zawiera \u015brodk\u00f3w znieczulaj\u0105cych Przyjemny w smaku, nie zawiera cukru i nie szkodzi z\u0119bom Opracowany specjalnie z my\u015bl\u0105 o z\u0105bkuj\u0105cych dzieciach Spos\u00f3b u\u017cycia:\u017bel nano\u015b na podra\u017cnione dzi\u0105s\u0142a dziecka tak cz\u0119sto, jak to konieczne. Wmasuj go w dzi\u0105s\u0142a czystym palcem lub ma\u0142\u0105, mi\u0119kk\u0105 szczoteczk\u0105 do z\u0119b\u00f3w. Aby przed\u0142u\u017cy\u0107 czas oddzia\u0142ywania \u017celu, po jego zastosowaniu w miar\u0119 mo\u017cliwo\u015bci unikaj podawania jedzenia i picia, a tak\u017ce powstrzymaj dziecko przed zlizywaniem preparatu. Dla uzyskania dodatkowego efektu koj\u0105cego, \u017cel Multi-Mam BabyDent mo\u017cesz przechowywa\u0107 w lod\u00f3wce w temperaturze 2-8\u00b0C. Sch\u0142odzony \u017cel natychmiast ukoi podra\u017cnienia. \u017bel mo\u017cesz r\u00f3wnie\u017c nanie\u015b\u0107 na smoczek lub gryzak w miejscach styku z dzi\u0105s\u0142ami. Nie przekraczaj maksymalnej dawki 15 g (1 tubka) dziennie. Firma i ludzieMulti-Mam to linia produkt\u00f3w BioClin, innowacyjnej firmy za\u0142o\u017conej w roku 1989 w Holandii przez Florisa Koumansa (1967, zarz\u0105dzanie strategiczne) i jego matk\u0119 Annelize Goedbloed (1939, biologia medyczna). Firma opiera si\u0119 na koncepcji bioaktywnej, stanowi\u0105cej innowacyjne podej\u015bcie do leczenia i profilaktyki dolegliwo\u015bci zwi\u0105zanych z flor\u0105 bakteryjn\u0105 ludzkiego cia\u0142a. Firma BioClin opracowa\u0142a kilka linii produkt\u00f3w zawieraj\u0105cych kompleks 2QR, w tym preparaty przeznaczone do higieny intymnej Multi-Gyn, preparaty dla dzieci i mam karmi\u0105cych Multi-Mam, oraz produkty do higieny jamy ustnej Multi-Oral. Nasze produkty oparte s\u0105 na sk\u0142adnikach zio\u0142owych, kt\u00f3rych skuteczno\u015b\u0107 potwierdzaj\u0105 badania naukowe. Wszystkie preparaty s\u0105 rejestrowane i chronione patentami. Produkty Multi-Mam trafiaj\u0105 do klienta za po\u015brednictwem aptek i drogerii w ponad 30 krajach. Za sprzeda\u017c i marketing w poszczeg\u00f3lnych krajach odpowiadaj\u0105 wieloletni partnerzy posiadaj\u0105cy wy\u0142\u0105czne prawa do dystrybucji na danym terenie. Firma Multi-Mam wsp\u00f3\u0142pracuje z wybranymi krakowskimi oddzia\u0142ami szpitalnymi<\/p>\n<p>Dzieci i niemowl\u0119ta<\/p>\n<p>r\u00f3\u017cowe wody p\u0142odowe, kisiel dr oetker, m\u0105ka na pierogi jaki typ, panierka bezglutenowa, mi\u00f3d manuka na refluks opinie, surowe ziarno kakaowca, omega 3 epa dha, cappuccino.eu, roibos, chude sery \u017c\u00f3\u0142te<\/p>\n<p>yyyyy<\/p>\n","protected":false},"excerpt":{"rendered":"<p>\u017bel bioaktywny dla z\u0105bkuj\u0105cych dzieci Multi-Mam Babydent Multi-Mam BabyDent to bioaktywny \u017cel opracowany specjalnie z my\u015bl\u0105 o z\u0105bkuj\u0105cych dzieciach. Opiera&hellip;<\/p>\n","protected":false},"featured_media":7889,"comment_status":"closed","ping_status":"open","template":"","meta":[],"product_cat":[76],"product_tag":[780,765,697],"class_list":["post-7888","product","type-product","status-publish","has-post-thumbnail","hentry","product_cat-soczewki-kontaktowe","product_tag-b12","product_tag-makaron-bez-kalorii","product_tag-osteoporoza-a-banany"],"_links":{"self":[{"href":"https:\/\/wegeblw.pl\/index.php\/wp-json\/wp\/v2\/product\/7888","targetHints":{"allow":["GET"]}}],"collection":[{"href":"https:\/\/wegeblw.pl\/index.php\/wp-json\/wp\/v2\/product"}],"about":[{"href":"https:\/\/wegeblw.pl\/index.php\/wp-json\/wp\/v2\/types\/product"}],"replies":[{"embeddable":true,"href":"https:\/\/wegeblw.pl\/index.php\/wp-json\/wp\/v2\/comments?post=7888"}],"wp:featuredmedia":[{"embeddable":true,"href":"https:\/\/wegeblw.pl\/index.php\/wp-json\/wp\/v2\/media\/7889"}],"wp:attachment":[{"href":"https:\/\/wegeblw.pl\/index.php\/wp-json\/wp\/v2\/media?parent=7888"}],"wp:term":[{"taxonomy":"product_cat","embeddable":true,"href":"https:\/\/wegeblw.pl\/index.php\/wp-json\/wp\/v2\/product_cat?post=7888"},{"taxonomy":"product_tag","embeddable":true,"href":"https:\/\/wegeblw.pl\/index.php\/wp-json\/wp\/v2\/product_tag?post=7888"}],"curies":[{"name":"wp","href":"https:\/\/api.w.org\/{rel}","templated":true}]}}