{"id":7906,"date":"2024-08-23T00:52:36","date_gmt":"2024-08-22T22:52:36","guid":{"rendered":"https:\/\/wegeblw.pl\/?post_type=product&#038;p=7906"},"modified":"2026-04-09T16:52:51","modified_gmt":"2026-04-09T14:52:51","slug":"fielmann-atrea-excellence-1-day-toric-4-25-sph-cyl-0-75-os-110-bc-8-6-30szt","status":"publish","type":"product","link":"https:\/\/wegeblw.pl\/index.php\/produkt\/fielmann-atrea-excellence-1-day-toric-4-25-sph-cyl-0-75-os-110-bc-8-6-30szt\/","title":{"rendered":"Fielmann atrea excellence 1 day toric -4.25 SPH, Cyl. -0.75, O\u015b 110 &amp; BC 8.6 30szt."},"content":{"rendered":"<p>Akcesoria i cz\u0119\u015bci modelarskie<\/p>\n<p>acerolla, amarantus do czego, yoko napoj, panko biedronka, shitake, czarna jagoda wroc\u0142aw, groch zolty, olej \u017cywokostowy z gojnikiem wroc\u0142aw, sosy rodzaje<\/p>\n<p>yyyyy<\/p>\n","protected":false},"excerpt":{"rendered":"<p>Akcesoria i cz\u0119\u015bci modelarskie acerolla, amarantus do czego, yoko napoj, panko biedronka, shitake, czarna jagoda wroc\u0142aw, groch zolty, olej \u017cywokostowy&hellip;<\/p>\n","protected":false},"featured_media":7907,"comment_status":"closed","ping_status":"open","template":"","meta":[],"product_cat":[76],"product_tag":[787,778,861,763],"class_list":["post-7906","product","type-product","status-publish","has-post-thumbnail","hentry","product_cat-soczewki-kontaktowe","product_tag-beyond-meet","product_tag-burak","product_tag-czym-zastapic-jogurt-naturalny","product_tag-jak-spozywac-kurkume-leczniczo"],"_links":{"self":[{"href":"https:\/\/wegeblw.pl\/index.php\/wp-json\/wp\/v2\/product\/7906","targetHints":{"allow":["GET"]}}],"collection":[{"href":"https:\/\/wegeblw.pl\/index.php\/wp-json\/wp\/v2\/product"}],"about":[{"href":"https:\/\/wegeblw.pl\/index.php\/wp-json\/wp\/v2\/types\/product"}],"replies":[{"embeddable":true,"href":"https:\/\/wegeblw.pl\/index.php\/wp-json\/wp\/v2\/comments?post=7906"}],"wp:featuredmedia":[{"embeddable":true,"href":"https:\/\/wegeblw.pl\/index.php\/wp-json\/wp\/v2\/media\/7907"}],"wp:attachment":[{"href":"https:\/\/wegeblw.pl\/index.php\/wp-json\/wp\/v2\/media?parent=7906"}],"wp:term":[{"taxonomy":"product_cat","embeddable":true,"href":"https:\/\/wegeblw.pl\/index.php\/wp-json\/wp\/v2\/product_cat?post=7906"},{"taxonomy":"product_tag","embeddable":true,"href":"https:\/\/wegeblw.pl\/index.php\/wp-json\/wp\/v2\/product_tag?post=7906"}],"curies":[{"name":"wp","href":"https:\/\/api.w.org\/{rel}","templated":true}]}}