{"id":7910,"date":"2015-10-13T04:39:39","date_gmt":"2015-10-13T02:39:39","guid":{"rendered":"https:\/\/wegeblw.pl\/index.php\/produkt\/proclear-pc-technology-3szt\/"},"modified":"2026-04-07T01:10:48","modified_gmt":"2026-04-06T23:10:48","slug":"proclear-pc-technology-3szt","status":"publish","type":"product","link":"https:\/\/wegeblw.pl\/index.php\/produkt\/proclear-pc-technology-3szt\/","title":{"rendered":"PROCLEAR PC Technology 3szt"},"content":{"rendered":"<p>W\u0141A\u015aCIWO\u015aCI Sprawdzona formu\u0142a, by wspom\u00f3c piel\u0119gnacj\u0119 sk\u00f3ry t\u0142ustej ze sk\u0142onno\u015bci\u0105 do tr\u0105dziku. Odblokowuje pory. Zmniejsza widoczno\u015b\u0107 zask\u00f3rnik\u00f3w. Dzia\u0142a \u015bci\u0105gaj\u0105co i mikroz\u0142uszczaj\u0105co.Effaclar Tonik La Roche-Posay to preparat dedykowany sk\u00f3rze t\u0142ustej nara\u017conej na powstawanie niedoskona\u0142o\u015bci. Stanowi uzupe\u0142nienie codziennej piel\u0119gnacji, zapewniaj\u0105c zdrowy i promienny wygl\u0105d.Starannie opracowana formu\u0142a, by:\u2022 delikatnie z\u0142uszcza\u0107 sk\u00f3r\u0119 w celu odblokowania por\u00f3w,\u2022 dzia\u0142a\u0107 \u015bci\u0105gaj\u0105co w celu zamkni\u0119cia por\u00f3w i zmniejszenia ich widoczno\u015bci,\u2022 regulowa\u0107 wydzielanie nadmiaru sebum.Tonik do cery t\u0142ustej z gamy Effaclar dzia\u0142a od pierwszego zastosowania. Pozostawia sk\u00f3r\u0119 od\u015bwie\u017con\u0105 i pe\u0142n\u0105 blasku.EFEKT Sk\u00f3ra zostaje wyg\u0142adzona. Jest mi\u0119kka i przyjemna w dotyku, widoczno\u015b\u0107 por\u00f3w wyra\u017anie zmniejszona.SPOS\u00d3B U\u017bYCIA Tonik La Roche-Posay z gamy Effaclar to produkt przeznaczony do codziennego stosowania. Wspomaga profesjonaln\u0105 piel\u0119gnacj\u0119 sk\u00f3ry t\u0142ustej, zapewniaj\u0105c jej nieskazitelny wygl\u0105d.Niewielk\u0105 ilo\u015b\u0107 preparatu nale\u017cy na\u0142o\u017cy\u0107 na bawe\u0142niany wacik i delikatnie przeciera\u0107 sk\u00f3r\u0119. Pozostawi\u0107 do wch\u0142oni\u0119cia.Zaleca si\u0119 stosowa\u0107 na oczyszczon\u0105 i osuszon\u0105 sk\u00f3r\u0119 twarzy i szyi. Aplikowa\u0107 rano i\/lub wieczorem w ramach codziennej piel\u0119gnacji.SK\u0141ADAqua \/ Water, Alcohol Denat., Glycerin, Sodium Citrate, Propylene Glycol, Peg-60 Hydrogenated Castor Oil, Disodium Edta, Capryloyl Salicylic Acid, Citric Acid, Salicylic Acid, Parfum \/ Fragrance.PRODUCENT LA ROCHE-POSAYFrance, TSA 10007 F 92667 ASNIERES CEDEX<\/p>\n<p>Toniki i hydrolaty do twarzy<\/p>\n<p>bezglutenowe racuchy, owoc glogu, stra\u017cnicy wzroku, lassi mango, wega\u0144skie curry z tofu<\/p>\n<p>yyyyy<\/p>\n","protected":false},"excerpt":{"rendered":"<p>W\u0141A\u015aCIWO\u015aCI Sprawdzona formu\u0142a, by wspom\u00f3c piel\u0119gnacj\u0119 sk\u00f3ry t\u0142ustej ze sk\u0142onno\u015bci\u0105 do tr\u0105dziku. Odblokowuje pory. Zmniejsza widoczno\u015b\u0107 zask\u00f3rnik\u00f3w. Dzia\u0142a \u015bci\u0105gaj\u0105co i&hellip;<\/p>\n","protected":false},"featured_media":7911,"comment_status":"closed","ping_status":"open","template":"","meta":[],"product_cat":[76],"product_tag":[655,690,827,660,728],"class_list":["post-7910","product","type-product","status-publish","has-post-thumbnail","hentry","product_cat-soczewki-kontaktowe","product_tag-eko-warzywa","product_tag-maka-z-cieciorki","product_tag-naturli","product_tag-olej-ryzowy","product_tag-roslinne-mieso"],"_links":{"self":[{"href":"https:\/\/wegeblw.pl\/index.php\/wp-json\/wp\/v2\/product\/7910","targetHints":{"allow":["GET"]}}],"collection":[{"href":"https:\/\/wegeblw.pl\/index.php\/wp-json\/wp\/v2\/product"}],"about":[{"href":"https:\/\/wegeblw.pl\/index.php\/wp-json\/wp\/v2\/types\/product"}],"replies":[{"embeddable":true,"href":"https:\/\/wegeblw.pl\/index.php\/wp-json\/wp\/v2\/comments?post=7910"}],"wp:featuredmedia":[{"embeddable":true,"href":"https:\/\/wegeblw.pl\/index.php\/wp-json\/wp\/v2\/media\/7911"}],"wp:attachment":[{"href":"https:\/\/wegeblw.pl\/index.php\/wp-json\/wp\/v2\/media?parent=7910"}],"wp:term":[{"taxonomy":"product_cat","embeddable":true,"href":"https:\/\/wegeblw.pl\/index.php\/wp-json\/wp\/v2\/product_cat?post=7910"},{"taxonomy":"product_tag","embeddable":true,"href":"https:\/\/wegeblw.pl\/index.php\/wp-json\/wp\/v2\/product_tag?post=7910"}],"curies":[{"name":"wp","href":"https:\/\/api.w.org\/{rel}","templated":true}]}}