{"id":7922,"date":"2019-04-09T02:36:20","date_gmt":"2019-04-09T00:36:20","guid":{"rendered":"https:\/\/wegeblw.pl\/index.php\/produkt\/fielmann-atrea-excellence-1-day-toric-4-00-sph-cyl-1-25-os-70-bc-8-6-30szt-10030420\/"},"modified":"2026-04-07T04:31:44","modified_gmt":"2026-04-07T02:31:44","slug":"fielmann-atrea-excellence-1-day-toric-4-00-sph-cyl-1-25-os-70-bc-8-6-30szt-10030420","status":"publish","type":"product","link":"https:\/\/wegeblw.pl\/index.php\/produkt\/fielmann-atrea-excellence-1-day-toric-4-00-sph-cyl-1-25-os-70-bc-8-6-30szt-10030420\/","title":{"rendered":"Fielmann atrea excellence 1 day toric -4.00 SPH, Cyl. -1.25, O\u015b 70 &amp; BC 8.6 30szt. (10030420)"},"content":{"rendered":"<p>Pralki<\/p>\n<p>prawdziwe, kala namak, ry\u017c czerwony na cholesterol, k2 k\u0142odawa, krem na wiatr i mr\u00f3z dla niemowl\u0105t, dr ewa d\u0105browska wiek, toffi kokosowe, co zrobi\u0107 z m\u0105ki gryczanej, dieta kopenchadzka, cena kapusty, kolagen witamina c, kawa a stawy, funkcje b\u0142onnika, mi\u00f3d cynamon, ose\u0142ka z nerkowc\u00f3w, maltitol a cukrzyca, ekstrakt z pestek winogron 95 opc, czego nie je\u015b\u0107 karmi\u0105c piersi\u0105<\/p>\n<p><a href=\"https:\/\/bialkowskaclinic.pl\/czy-warto-stosowac-stymulatory-tkankowe\">stymulatory tkankowe bydgoszcz<\/a><\/p>\n","protected":false},"excerpt":{"rendered":"<p>Pralki prawdziwe, kala namak, ry\u017c czerwony na cholesterol, k2 k\u0142odawa, krem na wiatr i mr\u00f3z dla niemowl\u0105t, dr ewa d\u0105browska&hellip;<\/p>\n","protected":false},"featured_media":7923,"comment_status":"closed","ping_status":"open","template":"","meta":[],"product_cat":[76],"product_tag":[779,806,628,750,701],"class_list":["post-7922","product","type-product","status-publish","has-post-thumbnail","hentry","product_cat-soczewki-kontaktowe","product_tag-jak-gotowac-komose","product_tag-mieso-ekologiczne","product_tag-mieso-roslinne","product_tag-pasta-tahini-do-czego","product_tag-produkty-klasztorne"],"_links":{"self":[{"href":"https:\/\/wegeblw.pl\/index.php\/wp-json\/wp\/v2\/product\/7922","targetHints":{"allow":["GET"]}}],"collection":[{"href":"https:\/\/wegeblw.pl\/index.php\/wp-json\/wp\/v2\/product"}],"about":[{"href":"https:\/\/wegeblw.pl\/index.php\/wp-json\/wp\/v2\/types\/product"}],"replies":[{"embeddable":true,"href":"https:\/\/wegeblw.pl\/index.php\/wp-json\/wp\/v2\/comments?post=7922"}],"wp:featuredmedia":[{"embeddable":true,"href":"https:\/\/wegeblw.pl\/index.php\/wp-json\/wp\/v2\/media\/7923"}],"wp:attachment":[{"href":"https:\/\/wegeblw.pl\/index.php\/wp-json\/wp\/v2\/media?parent=7922"}],"wp:term":[{"taxonomy":"product_cat","embeddable":true,"href":"https:\/\/wegeblw.pl\/index.php\/wp-json\/wp\/v2\/product_cat?post=7922"},{"taxonomy":"product_tag","embeddable":true,"href":"https:\/\/wegeblw.pl\/index.php\/wp-json\/wp\/v2\/product_tag?post=7922"}],"curies":[{"name":"wp","href":"https:\/\/api.w.org\/{rel}","templated":true}]}}